{"id":1535,"date":"2018-06-12T09:43:56","date_gmt":"2018-06-12T07:43:56","guid":{"rendered":"https:\/\/drenthholland.com\/homepage\/"},"modified":"2023-04-28T15:56:29","modified_gmt":"2023-04-28T13:56:29","slug":"homepage","status":"publish","type":"page","link":"https:\/\/drenthholland.com\/de\/","title":{"rendered":"Home"},"content":{"rendered":"<p>[et_pb_section fb_built=&#8220;1&#8243; module_class=&#8220;hoofd&#8220; _builder_version=&#8220;3.22&#8243; use_background_color_gradient=&#8220;on&#8220; background_color_gradient_start=&#8220;rgba(0,20,94,0.32)&#8220; background_color_gradient_end=&#8220;rgba(255,255,255,0)&#8220; background_color_gradient_direction=&#8220;360deg&#8220; background_color_gradient_start_position=&#8220;100%&#8220; background_color_gradient_end_position=&#8220;21%&#8220; background_color_gradient_overlays_image=&#8220;on&#8220; background_image=&#8220;https:\/\/drenthholland.com\/wp-content\/uploads\/2018\/12\/FGW2064k.jpg&#8220; background_position=&#8220;bottom_right&#8220; custom_padding=&#8220;76px|0px|0|0px|false|false&#8220;][et_pb_row _builder_version=&#8220;3.25&#8243; background_size=&#8220;initial&#8220; background_position=&#8220;top_left&#8220; background_repeat=&#8220;repeat&#8220; custom_padding=&#8220;0px|0px|0|0px|false|false&#8220;][et_pb_column type=&#8220;4_4&#8243; _builder_version=&#8220;3.25&#8243; custom_padding=&#8220;|||&#8220; custom_padding__hover=&#8220;|||&#8220;][et_pb_text disabled_on=&#8220;off|off|off&#8220; module_class=&#8220;home-header&#8220; _builder_version=&#8220;3.27.4&#8243; text_font=&#8220;|800|||||||&#8220; text_text_color=&#8220;#ffffff&#8220; header_font=&#8220;|800|||||||&#8220; header_text_color=&#8220;#ffffff&#8220; header_font_size=&#8220;60px&#8220; header_line_height=&#8220;1.4em&#8220; header_2_text_color=&#8220;#ffffff&#8220; header_2_font_size=&#8220;29px&#8220; text_orientation=&#8220;right&#8220; custom_margin=&#8220;0px||0px|&#8220; custom_padding=&#8220;0px||0px|&#8220; text_font_size_tablet=&#8220;&#8220; text_font_size_phone=&#8220;14px&#8220; text_font_size_last_edited=&#8220;on|phone&#8220; header_font_size_tablet=&#8220;&#8220; header_font_size_phone=&#8220;45px&#8220; header_font_size_last_edited=&#8220;on|phone&#8220; text_text_shadow_style=&#8220;preset1&#8243; text_text_shadow_horizontal_length=&#8220;-0.07em&#8220; text_text_shadow_vertical_length=&#8220;0.29em&#8220; text_text_shadow_blur_strength=&#8220;1.02em&#8220; text_text_shadow_color=&#8220;#282868&#8243;]<\/p>\n<p class=\"p1\">\n<h1>Metal &amp; plastic<br \/> weaving<\/h1>\n<p>[\/et_pb_text][\/et_pb_column][\/et_pb_row][\/et_pb_section][et_pb_section fb_built=&#8220;1&#8243; _builder_version=&#8220;3.22&#8243; background_color=&#8220;#1f56a2&#8243; custom_padding=&#8220;0|0px|0|0px|false|false&#8220;][et_pb_row column_structure=&#8220;1_6,1_6,1_6,1_6,1_6,1_6&#8243; module_class=&#8220;iconshome&#8220; _builder_version=&#8220;3.25&#8243; background_size=&#8220;initial&#8220; background_position=&#8220;top_left&#8220; background_repeat=&#8220;repeat&#8220;][et_pb_column type=&#8220;1_6&#8243; _builder_version=&#8220;3.25&#8243; custom_padding=&#8220;|||&#8220; custom_padding__hover=&#8220;|||&#8220;][et_pb_image src=&#8220;https:\/\/drenthholland.com\/wp-content\/uploads\/2018\/11\/Paper-and-cardboard.svg&#8220; url=&#8220;https:\/\/drenthholland.com\/industries#paper?lang=de&#8220; align=&#8220;center&#8220; align_tablet=&#8220;center&#8220; align_phone=&#8220;&#8220; align_last_edited=&#8220;on|desktop&#8220; module_class=&#8220;home-icoon&#8220; _builder_version=&#8220;3.23&#8243; max_width=&#8220;55%&#8220; max_width_tablet=&#8220;&#8220; max_width_phone=&#8220;40%&#8220; max_width_last_edited=&#8220;on|phone&#8220;][\/et_pb_image][et_pb_text _builder_version=&#8220;3.27.4&#8243; text_orientation=&#8220;center&#8220; background_layout=&#8220;dark&#8220; link_option_url=&#8220;\/industries#paper&#8220;]<\/p>\n<h3>Papier und Karton<\/h3>\n<p>[\/et_pb_text][\/et_pb_column][et_pb_column type=&#8220;1_6&#8243; _builder_version=&#8220;3.25&#8243; custom_padding=&#8220;|||&#8220; custom_padding__hover=&#8220;|||&#8220;][et_pb_image src=&#8220;https:\/\/drenthholland.com\/wp-content\/uploads\/2018\/11\/Security-paper.svg&#8220; url=&#8220;https:\/\/drenthholland.com\/industries\/?lang=de#security&#8220; align=&#8220;center&#8220; align_tablet=&#8220;center&#8220; align_phone=&#8220;&#8220; align_last_edited=&#8220;on|desktop&#8220; module_class=&#8220;home-icoon&#8220; _builder_version=&#8220;3.23&#8243; max_width=&#8220;55%&#8220; max_width_tablet=&#8220;&#8220; max_width_phone=&#8220;40%&#8220; max_width_last_edited=&#8220;on|phone&#8220;][\/et_pb_image][et_pb_text _builder_version=&#8220;3.27.4&#8243; text_orientation=&#8220;center&#8220; background_layout=&#8220;dark&#8220; link_option_url=&#8220;\/industries#security&#8220;]<\/p>\n<h3 style=\"text-align: center;\">Sicherheits-papier und Banknoten<\/h3>\n<p>[\/et_pb_text][\/et_pb_column][et_pb_column type=&#8220;1_6&#8243; _builder_version=&#8220;3.25&#8243; custom_padding=&#8220;|||&#8220; custom_padding__hover=&#8220;|||&#8220;][et_pb_image src=&#8220;https:\/\/drenthholland.com\/wp-content\/uploads\/2018\/11\/Food-industry1.svg&#8220; url=&#8220;https:\/\/drenthholland.com\/industries\/?lang=de#food&#8220; align=&#8220;center&#8220; align_tablet=&#8220;center&#8220; align_phone=&#8220;&#8220; align_last_edited=&#8220;on|desktop&#8220; module_class=&#8220;home-icoon&#8220; _builder_version=&#8220;3.23&#8243; max_width=&#8220;55%&#8220; max_width_tablet=&#8220;&#8220; max_width_phone=&#8220;40%&#8220; max_width_last_edited=&#8220;on|phone&#8220;][\/et_pb_image][et_pb_text _builder_version=&#8220;3.27.4&#8243; text_orientation=&#8220;center&#8220; background_layout=&#8220;dark&#8220; link_option_url=&#8220;\/industries#food&#8220;]<\/p>\n<h3 style=\"text-align: center;\">Lebensmittel<br \/>industrie, inklusive Molkerei-produkte<\/h3>\n<p>[\/et_pb_text][\/et_pb_column][et_pb_column type=&#8220;1_6&#8243; _builder_version=&#8220;3.25&#8243; custom_padding=&#8220;|||&#8220; custom_padding__hover=&#8220;|||&#8220;][et_pb_image src=&#8220;https:\/\/drenthholland.com\/wp-content\/uploads\/2018\/11\/Chipboard-indusrty-2.svg&#8220; url=&#8220;https:\/\/drenthholland.com\/industries\/?lang=de#chipboard&#8220; align=&#8220;center&#8220; align_tablet=&#8220;center&#8220; align_phone=&#8220;&#8220; align_last_edited=&#8220;on|desktop&#8220; module_class=&#8220;home-icoon&#8220; _builder_version=&#8220;3.23&#8243; max_width=&#8220;55%&#8220; max_width_tablet=&#8220;&#8220; max_width_phone=&#8220;40%&#8220; max_width_last_edited=&#8220;on|phone&#8220;][\/et_pb_image][et_pb_text _builder_version=&#8220;3.27.4&#8243; text_orientation=&#8220;center&#8220; background_layout=&#8220;dark&#8220; link_option_url=&#8220;\/industries#chipboard&#8220;]<\/p>\n<h3>Holzwerk-stoffe<br \/> (MDF\/OSB)<\/h3>\n<p>[\/et_pb_text][\/et_pb_column][et_pb_column type=&#8220;1_6&#8243; _builder_version=&#8220;3.25&#8243; custom_padding=&#8220;|||&#8220; custom_padding__hover=&#8220;|||&#8220;][et_pb_image src=&#8220;https:\/\/drenthholland.com\/wp-content\/uploads\/2018\/11\/water2-1.svg&#8220; url=&#8220;https:\/\/drenthholland.com\/industries\/?lang=de#sludge&#8220; align=&#8220;center&#8220; align_tablet=&#8220;center&#8220; align_phone=&#8220;&#8220; align_last_edited=&#8220;on|desktop&#8220; module_class=&#8220;home-icoon&#8220; _builder_version=&#8220;3.23&#8243; max_width=&#8220;55%&#8220; max_width_tablet=&#8220;&#8220; max_width_phone=&#8220;40%&#8220; max_width_last_edited=&#8220;on|phone&#8220;][\/et_pb_image][et_pb_text _builder_version=&#8220;3.27.4&#8243; text_orientation=&#8220;center&#8220; background_layout=&#8220;dark&#8220; link_option_url=&#8220;\/industries#sludge&#8220;]<\/p>\n<h3>Schlamment-<br \/>w\u00e4sserung<\/h3>\n<p>[\/et_pb_text][\/et_pb_column][et_pb_column type=&#8220;1_6&#8243; _builder_version=&#8220;3.25&#8243; custom_padding=&#8220;|||&#8220; custom_padding__hover=&#8220;|||&#8220;][et_pb_image src=&#8220;https:\/\/drenthholland.com\/wp-content\/uploads\/2019\/01\/fabriekdrenth.svg&#8220; url=&#8220;https:\/\/drenthholland.com\/industries\/?lang=de#other&#8220; align=&#8220;center&#8220; align_tablet=&#8220;center&#8220; align_phone=&#8220;&#8220; align_last_edited=&#8220;on|desktop&#8220; module_class=&#8220;home-icoon&#8220; _builder_version=&#8220;3.23&#8243; max_width=&#8220;52%&#8220; max_width_tablet=&#8220;&#8220; max_width_phone=&#8220;40%&#8220; max_width_last_edited=&#8220;on|phone&#8220; custom_margin=&#8220;||16px|||&#8220;][\/et_pb_image][et_pb_text _builder_version=&#8220;3.27.4&#8243; text_orientation=&#8220;center&#8220; background_layout=&#8220;dark&#8220; link_option_url=&#8220;\/industries#other&#8220;]<\/p>\n<h3>Weitere Branchen<\/h3>\n<p>[\/et_pb_text][\/et_pb_column][\/et_pb_row][\/et_pb_section][et_pb_section fb_built=&#8220;1&#8243; _builder_version=&#8220;3.22&#8243; custom_padding=&#8220;50px|0px|54px|0px|false|false&#8220;][et_pb_row column_structure=&#8220;1_2,1_2&#8243; _builder_version=&#8220;3.25&#8243; custom_margin_tablet=&#8220;&#8220; custom_margin_phone=&#8220;-27px||&#8220; custom_margin_last_edited=&#8220;on|desktop&#8220;][et_pb_column type=&#8220;1_2&#8243; _builder_version=&#8220;3.25&#8243; custom_padding=&#8220;|||&#8220; custom_padding__hover=&#8220;|||&#8220;][et_pb_text _builder_version=&#8220;3.27.4&#8243; header_font=&#8220;||||||||&#8220; header_text_color=&#8220;#1f56a2&#8243; header_2_font=&#8220;||||||||&#8220; header_2_text_color=&#8220;#1f56a2&#8243;]<\/p>\n<h2>drenth holland<\/h2>\n<p>Drenth Holland fertigt kundenspezifische Gewebe aus Metall- und Kunststoffdr\u00e4hten, Filtertuch, Architekturgewebe sowie technische Gewebe. Unser Kundenkreis erstreckt sich auf verschiedene Industriebereiche, die, um die Qualit\u00e4t ihrer eigenen Fabrikate zu gew\u00e4hrleisten, Draht- und Kunststoffgewebe von zuverl\u00e4ssig hoher Qualit\u00e4t ben\u00f6tigen.<\/p>\n<p>Drenth Holland zeichnet sich durch zuverl\u00e4ssige, qualitativ hochwertige Produkte und hervorragenden Kundenservice aus. Unser Ziel ist der beste Akteur in der Lieferkette zu sein. Wir sehen es als unsere Pflicht, mit unseren Kunden zusammenzuarbeiten und die besten L\u00f6sungen f\u00fcr ihre Anforderungen zu entwickeln.<\/p>\n<p>[\/et_pb_text][\/et_pb_column][et_pb_column type=&#8220;1_2&#8243; _builder_version=&#8220;3.25&#8243; custom_padding=&#8220;|||&#8220; custom_padding__hover=&#8220;|||&#8220;][et_pb_image src=&#8220;https:\/\/drenthholland.com\/wp-content\/uploads\/2018\/06\/dsfadsf2.png&#8220; align_tablet=&#8220;center&#8220; align_phone=&#8220;&#8220; align_last_edited=&#8220;on|desktop&#8220; _builder_version=&#8220;3.23&#8243;][\/et_pb_image][\/et_pb_column][\/et_pb_row][\/et_pb_section][et_pb_section fb_built=&#8220;1&#8243; _builder_version=&#8220;4.9.10&#8243; _module_preset=&#8220;default&#8220; background_color=&#8220;#1F56A2&#8243;][et_pb_row column_structure=&#8220;1_2,1_2&#8243; _builder_version=&#8220;4.9.10&#8243; _module_preset=&#8220;default&#8220;][et_pb_column type=&#8220;1_2&#8243; _builder_version=&#8220;4.9.10&#8243; _module_preset=&#8220;default&#8220;][et_pb_text _builder_version=&#8220;4.9.10&#8243; _module_preset=&#8220;default&#8220; text_text_color=&#8220;#FFFFFF&#8220; header_text_color=&#8220;#FFFFFF&#8220;]<\/p>\n<h1>Der Bau der neuen Produktionshalle hat begonnen<\/h1>\n<p>Drenth Holland ist seit seiner Gr\u00fcndung im Jahr 1931 in Oude Pekela ans\u00e4ssig. Aufgrund des Wachstums war Gesch\u00e4ftsf\u00fchrer Pieter Piersma schon seit einiger Zeit auf der Suche nach einem geeigneten Standort f\u00fcr den Bau einer neuen Produktionshalle. Das ist ihm gelungen. Anfang dieses Jahres wurde ein Grundst\u00fcck an einer gut sichtbaren Stelle an der N367 erworben, f\u00fcr das nun auch die Baugenehmigung erteilt wurde. Letzte Woche haben wir mit dem Bau einer 1.800 m2 gro\u00dfen Produktionshalle begonnen, in der unter ande<\/p>\n<p>[\/et_pb_text][et_pb_button button_url=&#8220;https:\/\/drenthholland.com\/de\/der-bau-der-neuen-produktionshalle-hat-begonnen\/&#8220; button_text=&#8220;Weiterlesen&#8220; _builder_version=&#8220;4.9.10&#8243; _module_preset=&#8220;default&#8220;][\/et_pb_button][\/et_pb_column][et_pb_column type=&#8220;1_2&#8243; _builder_version=&#8220;4.9.10&#8243; _module_preset=&#8220;default&#8220;][et_pb_code _builder_version=&#8220;4.9.10&#8243; _module_preset=&#8220;default&#8220;]<iframe loading=\"lazy\" style=\"border: 0px #ffffff none;\" src=\"https:\/\/bouwwebcam.nl\/webcam\/drenth?live\" name=\"myiFrame\" width=\"600px\" height=\"350px\" frameborder=\"0\" marginwidth=\"0px\" marginheight=\"0px\" scrolling=\"no\" allowfullscreen=\"allowfullscreen\"><\/iframe>[\/et_pb_code][\/et_pb_column][\/et_pb_row][\/et_pb_section][et_pb_section fb_built=&#8220;1&#8243; _builder_version=&#8220;3.22&#8243; use_background_color_gradient=&#8220;on&#8220; background_color_gradient_start=&#8220;rgba(30,86,163,0.78)&#8220; background_color_gradient_end=&#8220;rgba(74,76,86,0)&#8220; background_color_gradient_direction=&#8220;15deg&#8220; background_color_gradient_overlays_image=&#8220;on&#8220; background_image=&#8220;https:\/\/drenthholland.com\/wp-content\/uploads\/2018\/12\/combi21.jpg&#8220; custom_padding=&#8220;||||false|false&#8220;][et_pb_row _builder_version=&#8220;3.25&#8243; background_size=&#8220;initial&#8220; background_position=&#8220;top_left&#8220; background_repeat=&#8220;repeat&#8220; custom_padding=&#8220;|0px||0px|false|false&#8220;][et_pb_column type=&#8220;4_4&#8243; _builder_version=&#8220;3.25&#8243; custom_padding=&#8220;|||&#8220; custom_padding__hover=&#8220;|||&#8220;][et_pb_text _builder_version=&#8220;3.27.4&#8243; text_text_color=&#8220;#2b67b1&#8243; header_font=&#8220;|600|||||||&#8220; header_text_color=&#8220;#ffffff&#8220; header_font_size=&#8220;60px&#8220; header_2_text_color=&#8220;#ffffff&#8220; header_2_font_size=&#8220;29px&#8220; custom_margin=&#8220;|||&#8220; custom_padding=&#8220;|||&#8220;]<\/p>\n<h1 style=\"text-align: center;\">Wire mesh products and industries<\/h1>\n<p>[\/et_pb_text][\/et_pb_column][\/et_pb_row][\/et_pb_section][et_pb_section fb_built=&#8220;1&#8243; _builder_version=&#8220;3.22&#8243; background_color=&#8220;#ffffff&#8220; custom_padding=&#8220;34px|0px|37px|0px|false|false&#8220;][et_pb_row column_structure=&#8220;1_3,1_3,1_3&#8243; _builder_version=&#8220;3.25&#8243;][et_pb_column type=&#8220;1_3&#8243; _builder_version=&#8220;3.25&#8243; custom_padding=&#8220;|||&#8220; custom_padding__hover=&#8220;|||&#8220;][et_pb_text _builder_version=&#8220;3.27.4&#8243; background_layout=&#8220;dark&#8220;]<\/p>\n<h2><a href=\"https:\/\/drenthholland.com\/industries\/?lang=de\"><span style=\"color: #1f56a2;\">Industrien<\/span><\/a><\/h2>\n<p>[\/et_pb_text][et_pb_text _builder_version=&#8220;3.27.4&#8243; text_font=&#8220;||||||||&#8220; text_text_color=&#8220;#ffffff&#8220; link_font=&#8220;||||||||&#8220; link_text_color=&#8220;#000000&#8243; header_font=&#8220;||||||||&#8220; header_font_size=&#8220;1px&#8220; custom_margin_tablet=&#8220;&#8220; custom_margin_phone=&#8220;-34px||&#8220; custom_margin_last_edited=&#8220;on|desktop&#8220;]<\/p>\n<p><span style=\"color: #000000;\"><a href=\"https:\/\/drenthholland.com\/industries\/?lang=de#paper\">Papier und Karton <\/a><br \/><\/span><span style=\"color: #000000;\"><a href=\"https:\/\/drenthholland.com\/industries\/?lang=de#security\">Sicherheitspapier und Banknoten <\/a><br \/><\/span><span style=\"color: #000000;\"><a href=\"https:\/\/drenthholland.com\/industries\/?lang=de#food\">Lebensmittelindustrie, inklusive Molkereiproduktes<\/a><br \/><\/span><span style=\"color: #000000;\"><a href=\"https:\/\/drenthholland.com\/industries\/?lang=de#chipboard\">Holzwerkstoffe (MDF\/OSB)<\/a><br \/><\/span><a href=\"https:\/\/drenthholland.com\/industries\/?lang=de#sludge\"><span style=\"color: #000000;\">Schlammentw\u00e4sserung <\/span><\/a> <\/p>\n<p>[\/et_pb_text][\/et_pb_column][et_pb_column type=&#8220;1_3&#8243; _builder_version=&#8220;3.25&#8243; custom_padding=&#8220;|||&#8220; custom_padding__hover=&#8220;|||&#8220;][et_pb_text _builder_version=&#8220;3.27.4&#8243; header_font=&#8220;||||||||&#8220; header_text_color=&#8220;#1f56a2&#8243; header_2_font=&#8220;||||||||&#8220; header_2_text_color=&#8220;#1f56a2&#8243; background_layout=&#8220;dark&#8220;]<\/p>\n<h2><a href=\"https:\/\/drenthholland.com\/products\/?lang=de\"><span style=\"color: #1f56a2;\">Produkte<\/span><\/a><\/h2>\n<p>[\/et_pb_text][et_pb_text _builder_version=&#8220;3.27.4&#8243; text_font=&#8220;||||||||&#8220; text_text_color=&#8220;#ffffff&#8220; link_font=&#8220;||||||||&#8220; link_text_color=&#8220;#000000&#8243; custom_margin_tablet=&#8220;&#8220; custom_margin_phone=&#8220;-34px||&#8220; custom_margin_last_edited=&#8220;on|desktop&#8220;]<\/p>\n<p><span style=\"color: #000000;\"><strong><a href=\"https:\/\/drenthholland.com\/products\/?lang=de#metalwiremesh\">Metallgewebe<\/a><br \/><\/strong><a href=\"https:\/\/drenthholland.com\/products\/?lang=de#metal\">Edelstahlgewebe<\/a><\/span><br \/> <a href=\"https:\/\/drenthholland.com\/products\/?lang=de#architectural\"><span style=\"color: #000000;\"> Phosphorbronze-Gewebe<\/span><\/a><\/p>\n<p class=\"p2\">[\/et_pb_text][\/et_pb_column][et_pb_column type=&#8220;1_3&#8243; _builder_version=&#8220;3.25&#8243; custom_padding=&#8220;|||&#8220; custom_padding__hover=&#8220;|||&#8220;][et_pb_divider show_divider=&#8220;off&#8220; _builder_version=&#8220;3.19.3&#8243; height=&#8220;60px&#8220; custom_margin_tablet=&#8220;&#8220; custom_margin_phone=&#8220;-36px||&#8220; custom_margin_last_edited=&#8220;on|desktop&#8220;][\/et_pb_divider][et_pb_text _builder_version=&#8220;3.27.4&#8243; text_font=&#8220;||||||||&#8220; text_text_color=&#8220;#000000&#8243; link_font=&#8220;||||||||&#8220; link_text_color=&#8220;#000000&#8243; header_font=&#8220;||||||||&#8220; custom_margin=&#8220;||&#8220; custom_margin_tablet=&#8220;&#8220; custom_margin_phone=&#8220;-54px||&#8220; custom_margin_last_edited=&#8220;on|desktop&#8220; custom_padding=&#8220;||&#8220;]<\/p>\n<p><span><strong><a href=\"https:\/\/drenthholland.com\/products\/?lang=de#wiremesh\">Kunststoffgewebe<\/a><br \/><\/strong><a href=\"https:\/\/drenthholland.com\/products\/?lang=de#polypropylene\">Polyester-Gewebe<\/a><\/span><br \/> <a href=\"https:\/\/drenthholland.com\/products\/?lang=de#polypropylene\"><span> Polypropylen-Gewebe<\/span><\/a><br \/> <a href=\"https:\/\/drenthholland.com\/products\/?lang=de#synthetic\"><span> Polyester-Spiralgewebe<\/span><\/a><\/p>\n<p>[\/et_pb_text][\/et_pb_column][\/et_pb_row][\/et_pb_section][et_pb_section fb_built=&#8220;1&#8243; _builder_version=&#8220;3.22&#8243; use_background_color_gradient=&#8220;on&#8220; background_color_gradient_start=&#8220;rgba(30,86,163,0.5)&#8220; background_color_gradient_end=&#8220;rgba(74,76,86,0.78)&#8220; background_color_gradient_direction=&#8220;15deg&#8220; background_color_gradient_overlays_image=&#8220;on&#8220; background_image=&#8220;https:\/\/drenthholland.com\/wp-content\/uploads\/2018\/12\/FGW2176.jpg&#8220; custom_padding=&#8220;||||false|false&#8220;][et_pb_row _builder_version=&#8220;3.25&#8243; background_size=&#8220;initial&#8220; background_position=&#8220;top_left&#8220; background_repeat=&#8220;repeat&#8220; custom_padding=&#8220;|0px||0px|false|false&#8220;][et_pb_column type=&#8220;4_4&#8243; _builder_version=&#8220;3.25&#8243; custom_padding=&#8220;|||&#8220; custom_padding__hover=&#8220;|||&#8220;][et_pb_text _builder_version=&#8220;3.27.4&#8243; text_text_color=&#8220;#2b67b1&#8243; header_font=&#8220;|600|||||||&#8220; header_text_color=&#8220;#ffffff&#8220; header_font_size=&#8220;60px&#8220; header_2_text_color=&#8220;#ffffff&#8220; header_2_font_size=&#8220;29px&#8220; custom_margin=&#8220;|||&#8220; custom_padding=&#8220;|||&#8220;]<\/p>\n<h1 style=\"text-align: center;\">mehr als 35 L\u00e4nder weltweit<\/h1>\n<p>[\/et_pb_text][\/et_pb_column][\/et_pb_row][\/et_pb_section][et_pb_section fb_built=&#8220;1&#8243; next_background_color=&#8220;#eff1f4&#8243; _builder_version=&#8220;3.22&#8243; top_divider_height=&#8220;198px&#8220; bottom_divider_style=&#8220;ramp&#8220; bottom_divider_height=&#8220;63px&#8220; bottom_divider_flip=&#8220;vertical|horizontal&#8220;][et_pb_row column_structure=&#8220;1_2,1_2&#8243; _builder_version=&#8220;3.25&#8243; custom_padding=&#8220;27px|0px|59px|0px|false|false&#8220;][et_pb_column type=&#8220;1_2&#8243; _builder_version=&#8220;3.25&#8243; custom_padding=&#8220;|||&#8220; custom_padding__hover=&#8220;|||&#8220;][et_pb_text _builder_version=&#8220;3.27.4&#8243; header_font=&#8220;||||||||&#8220; header_text_color=&#8220;#1f56a2&#8243; header_2_font=&#8220;||||||||&#8220; header_2_text_color=&#8220;#1f56a2&#8243;]<\/p>\n<h2>Fertigung nach Ma\u00df <\/h2>\n<p>Seit seiner Gr\u00fcndung ist Drenth Holland ein familiengef\u00fchrtes Unternehmen. Bis heute sind wir bestrebt, eine langfristige Partnerschaft mit unseren Kunden aufzubauen. Wir arbeiten eng mit unseren Kunden zusammen, um ihnen Produkte nach Ma\u00df liefern zu k\u00f6nnen. Drenth Holland ist auf Metallgewebe, synthetisches Monofilament-Filtertuch und Spiralgewebe spezialisiert.[\/et_pb_text][\/et_pb_column][et_pb_column type=&#8220;1_2&#8243; _builder_version=&#8220;3.25&#8243; custom_padding=&#8220;|||&#8220; custom_padding__hover=&#8220;|||&#8220;][\/et_pb_column][\/et_pb_row][\/et_pb_section][et_pb_section fb_built=&#8220;1&#8243; _builder_version=&#8220;3.22&#8243; background_color=&#8220;#eff1f4&#8243; custom_padding=&#8220;10px|0px|0|0px|false|false&#8220; top_divider_color=&#8220;#1f56a2&#8243; bottom_divider_style=&#8220;ramp&#8220; bottom_divider_color=&#8220;#1f56a2&#8243; bottom_divider_height=&#8220;118px&#8220; bottom_divider_flip=&#8220;vertical&#8220;][et_pb_row column_structure=&#8220;1_2,1_2&#8243; _builder_version=&#8220;3.25&#8243;][et_pb_column type=&#8220;1_2&#8243; _builder_version=&#8220;3.25&#8243; custom_padding=&#8220;|||&#8220; custom_padding__hover=&#8220;|||&#8220;][et_pb_text _builder_version=&#8220;3.27.4&#8243;][\/et_pb_text][\/et_pb_column][et_pb_column type=&#8220;1_2&#8243; _builder_version=&#8220;3.25&#8243; custom_padding=&#8220;|||&#8220; custom_padding__hover=&#8220;|||&#8220;][\/et_pb_column][\/et_pb_row][\/et_pb_section]<\/p>\n","protected":false},"excerpt":{"rendered":"<p>Metal &amp; plastic weavingPapier und KartonSicherheits-papier und BanknotenLebensmittelindustrie, inklusive Molkerei-produkteHolzwerk-stoffe (MDF\/OSB)Schlamment-w\u00e4sserungWeitere Branchendrenth hollandDrenth Holland fertigt kundenspezifische Gewebe aus Metall- und Kunststoffdr\u00e4hten, Filtertuch, Architekturgewebe sowie technische Gewebe. Unser Kundenkreis erstreckt sich auf verschiedene Industriebereiche, die, um die Qualit\u00e4t ihrer eigenen Fabrikate zu gew\u00e4hrleisten, Draht- und Kunststoffgewebe von zuverl\u00e4ssig hoher Qualit\u00e4t ben\u00f6tigen. Drenth Holland zeichnet sich durch [&hellip;]<\/p>\n","protected":false},"author":6,"featured_media":0,"parent":0,"menu_order":0,"comment_status":"closed","ping_status":"closed","template":"","meta":{"_et_pb_use_builder":"on","_et_pb_old_content":"","_et_gb_content_width":"","inline_featured_image":false,"footnotes":""},"class_list":["post-1535","page","type-page","status-publish","hentry"],"_links":{"self":[{"href":"https:\/\/drenthholland.com\/de\/wp-json\/wp\/v2\/pages\/1535","targetHints":{"allow":["GET"]}}],"collection":[{"href":"https:\/\/drenthholland.com\/de\/wp-json\/wp\/v2\/pages"}],"about":[{"href":"https:\/\/drenthholland.com\/de\/wp-json\/wp\/v2\/types\/page"}],"author":[{"embeddable":true,"href":"https:\/\/drenthholland.com\/de\/wp-json\/wp\/v2\/users\/6"}],"replies":[{"embeddable":true,"href":"https:\/\/drenthholland.com\/de\/wp-json\/wp\/v2\/comments?post=1535"}],"version-history":[{"count":7,"href":"https:\/\/drenthholland.com\/de\/wp-json\/wp\/v2\/pages\/1535\/revisions"}],"predecessor-version":[{"id":2461,"href":"https:\/\/drenthholland.com\/de\/wp-json\/wp\/v2\/pages\/1535\/revisions\/2461"}],"wp:attachment":[{"href":"https:\/\/drenthholland.com\/de\/wp-json\/wp\/v2\/media?parent=1535"}],"curies":[{"name":"wp","href":"https:\/\/api.w.org\/{rel}","templated":true}]}}