{"id":1537,"date":"2018-05-31T13:42:43","date_gmt":"2018-05-31T11:42:43","guid":{"rendered":"https:\/\/drenthholland.com\/products\/"},"modified":"2019-12-19T12:22:26","modified_gmt":"2019-12-19T11:22:26","slug":"products","status":"publish","type":"page","link":"https:\/\/drenthholland.com\/de\/products\/","title":{"rendered":"Produkte"},"content":{"rendered":"<p>[et_pb_section fb_built=&#8220;1&#8243; module_class=&#8220;hoofd&#8220; _builder_version=&#8220;3.19.3&#8243; use_background_color_gradient=&#8220;on&#8220; background_color_gradient_start=&#8220;rgba(0,20,94,0.6)&#8220; background_color_gradient_end=&#8220;rgba(255,255,255,0.3)&#8220; background_color_gradient_direction=&#8220;24deg&#8220; background_color_gradient_start_position=&#8220;11%&#8220; background_color_gradient_overlays_image=&#8220;on&#8220; background_image=&#8220;https:\/\/drenthholland.com\/wp-content\/uploads\/2018\/12\/DFGW2204-2.jpg&#8220; background_position=&#8220;bottom_center&#8220; custom_padding=&#8220;76px|0px|0|0px|false|false&#8220;][et_pb_row custom_padding=&#8220;0px|0px|0|0px|false|false&#8220; _builder_version=&#8220;3.4.1&#8243; background_size=&#8220;initial&#8220; background_position=&#8220;top_left&#8220; background_repeat=&#8220;repeat&#8220;][et_pb_column type=&#8220;4_4&#8243; _builder_version=&#8220;3.0.47&#8243; parallax=&#8220;off&#8220; parallax_method=&#8220;on&#8220;][et_pb_text _builder_version=&#8220;3.19.3&#8243; text_font=&#8220;|800|||||||&#8220; text_text_color=&#8220;#ffffff&#8220; text_text_shadow_style=&#8220;preset1&#8243; text_text_shadow_horizontal_length=&#8220;-0.07em&#8220; text_text_shadow_vertical_length=&#8220;0.29em&#8220; text_text_shadow_blur_strength=&#8220;1.02em&#8220; text_text_shadow_color=&#8220;#282868&#8243; header_font=&#8220;|800|||||||&#8220; header_text_color=&#8220;#ffffff&#8220; header_font_size=&#8220;60px&#8220; header_font_size_phone=&#8220;45px&#8220; header_font_size_last_edited=&#8220;on|phone&#8220; header_line_height=&#8220;1.4em&#8220; header_2_text_color=&#8220;#ffffff&#8220; header_2_font_size=&#8220;29px&#8220; text_orientation=&#8220;right&#8220; custom_margin=&#8220;70px||0px|&#8220; custom_padding=&#8220;0px||0px|&#8220;]<\/p>\n<h1>Produkte<\/h1>\n<p>[\/et_pb_text][\/et_pb_column][\/et_pb_row][\/et_pb_section][et_pb_section fb_built=&#8220;1&#8243; disabled_on=&#8220;on|off|off&#8220; admin_label=&#8220;Best Beans&#8220; _builder_version=&#8220;3.19.3&#8243; background_color_gradient_direction=&#8220;90deg&#8220; custom_padding=&#8220;0px|0px|0px|0px&#8220;][et_pb_row make_fullwidth=&#8220;on&#8220; use_custom_gutter=&#8220;on&#8220; gutter_width=&#8220;1&#8243; custom_padding=&#8220;0|0px|0px|0px|false|false&#8220; custom_margin=&#8220;|||&#8220; make_equal=&#8220;on&#8220; bg_img_2=&#8220;https:\/\/drenthholland.com\/wp-content\/uploads\/2018\/12\/DFGW1908.jpg&#8220; padding_top_1=&#8220;100px&#8220; padding_top_2=&#8220;100px&#8220; padding_right_1=&#8220;10%&#8220; padding_bottom_1=&#8220;100px&#8220; padding_bottom_2=&#8220;100px&#8220; padding_left_1=&#8220;10%&#8220; padding_2_phone=&#8220;||100px&#8220; padding_2_last_edited=&#8220;on|phone&#8220; module_class_1=&#8220;second-on-mobile&#8220; module_class_2=&#8220;first-on-mobile&#8220; admin_label=&#8220;Best Beans Row&#8220; module_class=&#8220;custom_row&#8220; _builder_version=&#8220;3.19.3&#8243; custom_css_main_element=&#8220;min-height: 500px&#8220;][et_pb_column type=&#8220;1_2&#8243; _builder_version=&#8220;3.0.47&#8243; padding_bottom=&#8220;100px&#8220; padding_left=&#8220;10%&#8220; padding_right=&#8220;10%&#8220; padding_top=&#8220;100px&#8220; parallax=&#8220;off&#8220; parallax_method=&#8220;on&#8220; module_class=&#8220;second-on-mobile&#8220;][et_pb_text _builder_version=&#8220;3.19.3&#8243; custom_margin_phone=&#8220;-54px||-4%&#8220; custom_margin_last_edited=&#8220;on|desktop&#8220; custom_padding_phone=&#8220;||&#8220; custom_padding_last_edited=&#8220;on|desktop&#8220; header_font=&#8220;||||||||&#8220; header_text_color=&#8220;#1f56a2&#8243; header_2_font=&#8220;||||||||&#8220; header_2_text_color=&#8220;#1f56a2&#8243;]<\/p>\n<h1><b>Produkte<\/b><\/h1>\n<p><strong>METALLGEWEBE<\/strong><\/p>\n<ul>\n<li><strong>EDELSTAHLGEWEBE<\/strong><\/li>\n<li><strong>PHOSPHORBRONZE-GEWEBE<\/strong><\/li>\n<\/ul>\n<p><strong>KUNSTSTOFFGEWEBE<\/strong><\/p>\n<ul>\n<li><strong>POLYESTER-GEWEBE<\/strong><\/li>\n<li><strong>POLYPROPYLEN-GEWEBE<\/strong><\/li>\n<li><strong>POLYESTER-SPIRALGEWEBE<\/strong><\/li>\n<\/ul>\n<p><strong>\u00a0<\/strong><\/p>\n<p>[\/et_pb_text][\/et_pb_column][et_pb_column type=&#8220;1_2&#8243; _builder_version=&#8220;3.0.47&#8243; padding_phone=&#8220;||100px&#8220; padding_last_edited=&#8220;on|phone&#8220; padding_bottom=&#8220;100px&#8220; padding_top=&#8220;100px&#8220; bg_img=&#8220;https:\/\/drenthholland.com\/wp-content\/uploads\/2018\/12\/DFGW1908.jpg&#8220; parallax=&#8220;off&#8220; parallax_method=&#8220;on&#8220; module_class=&#8220;first-on-mobile&#8220;][\/et_pb_column][\/et_pb_row][\/et_pb_section][et_pb_section fb_built=&#8220;1&#8243; disabled_on=&#8220;off|on|on&#8220; admin_label=&#8220;Best Beans&#8220; _builder_version=&#8220;3.19.3&#8243; background_color_gradient_direction=&#8220;90deg&#8220; custom_padding=&#8220;0px|0px|0px|0px&#8220;][et_pb_row make_fullwidth=&#8220;on&#8220; use_custom_gutter=&#8220;on&#8220; gutter_width=&#8220;1&#8243; custom_padding=&#8220;0|0px|0px|0px|false|false&#8220; custom_margin=&#8220;|||&#8220; make_equal=&#8220;on&#8220; padding_top_1=&#8220;100px&#8220; padding_top_2=&#8220;100px&#8220; padding_right_1=&#8220;10%&#8220; padding_bottom_1=&#8220;100px&#8220; padding_bottom_2=&#8220;100px&#8220; padding_left_1=&#8220;10%&#8220; padding_2_phone=&#8220;||100px&#8220; padding_2_last_edited=&#8220;on|phone&#8220; module_class_1=&#8220;second-on-mobile&#8220; module_class_2=&#8220;first-on-mobile&#8220; admin_label=&#8220;Best Beans Row&#8220; module_class=&#8220;custom_row&#8220; _builder_version=&#8220;3.19.3&#8243; custom_css_main_element=&#8220;min-height: 500px&#8220;][et_pb_column type=&#8220;4_4&#8243; _builder_version=&#8220;3.0.47&#8243; padding_bottom=&#8220;100px&#8220; padding_left=&#8220;10%&#8220; padding_right=&#8220;10%&#8220; padding_top=&#8220;100px&#8220; parallax=&#8220;off&#8220; parallax_method=&#8220;on&#8220; module_class=&#8220;second-on-mobile&#8220;][et_pb_text _builder_version=&#8220;3.19.3&#8243; custom_margin_phone=&#8220;-54px||-4%&#8220; custom_margin_last_edited=&#8220;on|desktop&#8220; custom_padding_phone=&#8220;||&#8220; custom_padding_last_edited=&#8220;on|desktop&#8220; header_font=&#8220;||||||||&#8220; header_text_color=&#8220;#1f56a2&#8243; header_2_font=&#8220;||||||||&#8220; header_2_text_color=&#8220;#1f56a2&#8243;]<\/p>\n<h1><b>Produkte<\/b><\/h1>\n<p><strong>METALLGEWEBE<\/strong><\/p>\n<ul>\n<li><strong>EDELSTAHLGEWEBE<\/strong><\/li>\n<li><strong>PHOSPHORBRONZE-GEWEBE<\/strong><\/li>\n<\/ul>\n<p><strong>KUNSTSTOFFGEWEBE<\/strong><\/p>\n<ul>\n<li><strong>POLYESTER-GEWEBE<\/strong><\/li>\n<li><strong>POLYPROPYLEN-GEWEBE<\/strong><\/li>\n<li><strong>POLYESTER-SPIRALGEWEBE<\/strong><\/li>\n<\/ul>\n<p>[\/et_pb_text][\/et_pb_column][\/et_pb_row][\/et_pb_section][et_pb_section fb_built=&#8220;1&#8243; module_id=&#8220;metalwiremesh&#8220; _builder_version=&#8220;3.17.1&#8243; background_color=&#8220;#eceef4&#8243;][et_pb_row custom_padding=&#8220;13px|0px|0|0px|false|false&#8220; _builder_version=&#8220;3.17.1&#8243;][et_pb_column type=&#8220;4_4&#8243; _builder_version=&#8220;3.17.1&#8243; parallax=&#8220;off&#8220; parallax_method=&#8220;on&#8220;][et_pb_text _builder_version=&#8220;3.19.3&#8243; header_font=&#8220;||||||||&#8220; header_text_color=&#8220;#1f56a2&#8243; header_2_font=&#8220;||||||||&#8220; header_2_text_color=&#8220;#1f56a2&#8243;]<\/p>\n<h1 style=\"text-align: center;\">Metallgewebe<\/h1>\n<p>[\/et_pb_text][\/et_pb_column][\/et_pb_row][\/et_pb_section][et_pb_section fb_built=&#8220;1&#8243; admin_label=&#8220;Best Beans&#8220; module_id=&#8220;metal&#8220; _builder_version=&#8220;3.17.1&#8243; background_color_gradient_direction=&#8220;90deg&#8220; custom_padding=&#8220;0px|0px|0px|0px&#8220;][et_pb_row make_fullwidth=&#8220;on&#8220; use_custom_gutter=&#8220;on&#8220; gutter_width=&#8220;1&#8243; custom_padding=&#8220;0px|0px|0px|0px&#8220; custom_margin=&#8220;|||&#8220; make_equal=&#8220;on&#8220; bg_img_1=&#8220;https:\/\/drenthholland.com\/wp-content\/uploads\/2018\/12\/DFGW2172.jpg&#8220; padding_top_1=&#8220;100px&#8220; padding_right_1=&#8220;10%&#8220; padding_bottom_1=&#8220;100px&#8220; padding_left_1=&#8220;10%&#8220; admin_label=&#8220;Best Beans Row&#8220; _builder_version=&#8220;3.19.3&#8243; custom_css_main_element=&#8220;height: 600px&#8220;][et_pb_column type=&#8220;1_2&#8243; _builder_version=&#8220;3.0.47&#8243; padding_bottom=&#8220;100px&#8220; padding_left=&#8220;10%&#8220; padding_right=&#8220;10%&#8220; padding_top=&#8220;100px&#8220; bg_img=&#8220;https:\/\/drenthholland.com\/wp-content\/uploads\/2018\/12\/DFGW2172.jpg&#8220; parallax=&#8220;off&#8220; parallax_method=&#8220;on&#8220;][\/et_pb_column][et_pb_column type=&#8220;1_2&#8243; _builder_version=&#8220;3.0.47&#8243; parallax=&#8220;off&#8220; parallax_method=&#8220;on&#8220;][et_pb_text _builder_version=&#8220;3.19.3&#8243; custom_margin=&#8220;8%|20%||10%&#8220; custom_margin_phone=&#8220;8%|10%|8%|10%&#8220; custom_margin_last_edited=&#8220;on|phone&#8220; locked=&#8220;off&#8220; header_font=&#8220;||||||||&#8220; header_text_color=&#8220;#1f56a2&#8243; header_2_font=&#8220;||||||||&#8220; header_2_text_color=&#8220;#1f56a2&#8243;]<\/p>\n<h2>Edelstahlgewebe\u00a0<\/h2>\n<p>Edelstahlgewebe werden sowohl in der Papier-, Lebensmittel- und Filterindustrie als auch in der chemischen und petrochemischen Industrie verwendet. Auch in der Architektur finden sie weitverbreitet Anwendung. Edelstahl wird in verschiedenen Legierungen und diversen Anwendungen eingesetzt, weil er korrosionsbest\u00e4ndig ist. Niedriglegierter Stahl ist unter normalen atmosph\u00e4rischen Bedingungen korrosionsbest\u00e4ndig. Hochlegierter Stahl ist gegen extreme Bedingungen wie hohe\/niedrige Temperaturen, Hochdruck, S\u00e4uren und alkalische L\u00f6sungen best\u00e4ndig.<\/p>\n<ul>\n<li>Gewebe mit Kette und Schuss aus monofilem Draht<\/li>\n<li>Gewebe mit Kette und Schuss aus halbrundem monofilem Draht<\/li>\n<li>Gewebe mit Kette aus einem Seil und einem Schussdraht aus monofilem Draht<\/li>\n<li>Gewebe mit Kette aus einem Seil und einem Schussdraht aus monofilem Draht aus Federstahl<\/li>\n<li>Gewebe mit Kette und Schuss aus Seilen<\/li>\n<\/ul>\n<p>[\/et_pb_text][\/et_pb_column][\/et_pb_row][\/et_pb_section][et_pb_section fb_built=&#8220;1&#8243; admin_label=&#8220;Best Beans&#8220; module_id=&#8220;architectural&#8220; _builder_version=&#8220;3.17.1&#8243; background_color_gradient_direction=&#8220;90deg&#8220; custom_padding=&#8220;0px|0px|0px|0px&#8220;][et_pb_row make_fullwidth=&#8220;on&#8220; use_custom_gutter=&#8220;on&#8220; gutter_width=&#8220;1&#8243; custom_padding=&#8220;0px|0px|0px|0px&#8220; custom_margin=&#8220;|||&#8220; make_equal=&#8220;on&#8220; bg_img_2=&#8220;https:\/\/drenthholland.com\/wp-content\/uploads\/2018\/12\/GW2191.jpg&#8220; use_background_color_gradient_2=&#8220;off&#8220; background_color_gradient_start_2=&#8220;rgba(57,114,185,0.57)&#8220; background_color_gradient_end_2=&#8220;rgba(57,114,185,0.12)&#8220; background_color_gradient_direction_2=&#8220;13deg&#8220; background_color_gradient_overlays_image_2=&#8220;on&#8220; padding_top_1=&#8220;100px&#8220; padding_top_2=&#8220;100px&#8220; padding_right_1=&#8220;10%&#8220; padding_bottom_1=&#8220;100px&#8220; padding_bottom_2=&#8220;100px&#8220; padding_left_1=&#8220;10%&#8220; module_class_1=&#8220;second-on-mobile&#8220; module_class_2=&#8220;fist-on-mobile&#8220; admin_label=&#8220;Best Beans Row&#8220; module_class=&#8220;custom_row&#8220; _builder_version=&#8220;3.19.3&#8243; custom_css_main_element=&#8220;min-height: 500px&#8220;][et_pb_column type=&#8220;1_2&#8243; _builder_version=&#8220;3.0.47&#8243; padding_bottom=&#8220;100px&#8220; padding_left=&#8220;10%&#8220; padding_right=&#8220;10%&#8220; padding_top=&#8220;100px&#8220; parallax=&#8220;off&#8220; parallax_method=&#8220;on&#8220; module_class=&#8220;second-on-mobile&#8220;][et_pb_text _builder_version=&#8220;3.19.3&#8243; custom_margin_phone=&#8220;-68px||-8%&#8220; custom_margin_last_edited=&#8220;on|desktop&#8220; header_font=&#8220;||||||||&#8220; header_text_color=&#8220;#1f56a2&#8243; header_2_font=&#8220;||||||||&#8220; header_2_text_color=&#8220;#1f56a2&#8243;]<\/p>\n<h2>Phosphorbronze-Gewebe<\/h2>\n<p>Phosphorbronze ist eine Legierung aus Kupfer, Zinn und Phosphor, die sich durch Festigkeit, H\u00e4rte und feine K\u00f6rnung auszeichnet. Da Phosphorbronze-Gewebe flexibler als Edelstahlgewebe ist, wird es f\u00fcr die Herstellung von Sicherheitspapier verwendet. Mit diesem Drahtgewebe werden Wasserzeichen auf Sicherheitspapier f\u00fcr Reisep\u00e4sse, Banknoten und Siegel sowie f\u00fcr andere wertvolle Dokumente angebracht.<br \/> Auch in Windkan\u00e4len, in denen gepr\u00fcft wird, ob feste Objekte, wie Bauwerke, der Luftstr\u00f6mung standhalten k\u00f6nnen, kommt Phosphorbronze-Gewebe zur Anwendung. F\u00fcr diese Anwendungen erzeugt Drenth Holland Drahtgewebe, das nicht nur stark, sondern auch flexibel sein muss, um den wechselnden Luftstr\u00f6men standhalten zu k\u00f6nnen.<\/p>\n<ul>\n<li>Gewebe mit Kette und Schuss aus monofilem Draht<\/li>\n<li>Gewebe mit Kette und Schuss aus halbrundem monofilem Draht<\/li>\n<li>Gewebe mit Kette aus Seil und einem Schussdraht aus monofilem Draht<\/li>\n<li>Gewebe mit Kette und Schussdraht aus Seilen<\/li>\n<\/ul>\n<p>[\/et_pb_text][\/et_pb_column][et_pb_column type=&#8220;1_2&#8243; _builder_version=&#8220;3.0.47&#8243; padding_bottom=&#8220;100px&#8220; padding_top=&#8220;100px&#8220; bg_img=&#8220;https:\/\/drenthholland.com\/wp-content\/uploads\/2018\/12\/GW2191.jpg&#8220; parallax=&#8220;off&#8220; parallax_method=&#8220;on&#8220; use_background_color_gradient=&#8220;off&#8220; background_color_gradient_start=&#8220;rgba(57,114,185,0.57)&#8220; background_color_gradient_end=&#8220;rgba(57,114,185,0.12)&#8220; background_color_gradient_direction=&#8220;13deg&#8220; background_color_gradient_overlays_image=&#8220;on&#8220; module_class=&#8220;fist-on-mobile&#8220;][\/et_pb_column][\/et_pb_row][\/et_pb_section][et_pb_section fb_built=&#8220;1&#8243; module_id=&#8220;wiremesh&#8220; _builder_version=&#8220;3.17.1&#8243; background_color=&#8220;#eceef4&#8243;][et_pb_row custom_padding=&#8220;13px|0px|0|0px|false|false&#8220; _builder_version=&#8220;3.17.1&#8243;][et_pb_column type=&#8220;4_4&#8243; _builder_version=&#8220;3.17.1&#8243; parallax=&#8220;off&#8220; parallax_method=&#8220;on&#8220;][et_pb_text _builder_version=&#8220;3.19.3&#8243; header_font=&#8220;||||||||&#8220; header_text_color=&#8220;#1f56a2&#8243; header_2_font=&#8220;||||||||&#8220; header_2_text_color=&#8220;#1f56a2&#8243;]<\/p>\n<h1 style=\"text-align: center;\">Kunststoffgewebe<\/h1>\n<p>[\/et_pb_text][\/et_pb_column][\/et_pb_row][\/et_pb_section][et_pb_section fb_built=&#8220;1&#8243; admin_label=&#8220;Best Beans&#8220; module_id=&#8220;polypropylene&#8220; _builder_version=&#8220;3.17.1&#8243; background_color_gradient_direction=&#8220;90deg&#8220; custom_padding=&#8220;0px|0px|0px|0px&#8220;][et_pb_row make_fullwidth=&#8220;on&#8220; use_custom_gutter=&#8220;on&#8220; gutter_width=&#8220;1&#8243; custom_padding=&#8220;0px|0px|0px|0px&#8220; custom_margin=&#8220;|||&#8220; make_equal=&#8220;on&#8220; bg_img_1=&#8220;https:\/\/drenthholland.com\/wp-content\/uploads\/2018\/12\/DFGW2196kopie2.jpg&#8220; background_size_1=&#8220;initial&#8220; background_position_1=&#8220;center&#8220; background_repeat_1=&#8220;repeat&#8220; background_blend_1=&#8220;normal&#8220; padding_top_1=&#8220;100px&#8220; padding_right_1=&#8220;10%&#8220; padding_bottom_1=&#8220;100px&#8220; padding_left_1=&#8220;10%&#8220; admin_label=&#8220;Best Beans Row&#8220; _builder_version=&#8220;3.19.3&#8243; custom_css_main_element=&#8220;min-height: 700px&#8220;][et_pb_column type=&#8220;1_2&#8243; _builder_version=&#8220;3.0.47&#8243; padding_bottom=&#8220;100px&#8220; padding_left=&#8220;10%&#8220; padding_right=&#8220;10%&#8220; padding_top=&#8220;100px&#8220; bg_img=&#8220;https:\/\/drenthholland.com\/wp-content\/uploads\/2018\/12\/DFGW2196kopie2.jpg&#8220; parallax=&#8220;off&#8220; parallax_method=&#8220;on&#8220; background_size=&#8220;initial&#8220; background_position=&#8220;center&#8220; background_repeat=&#8220;repeat&#8220; background_blend=&#8220;normal&#8220;][\/et_pb_column][et_pb_column type=&#8220;1_2&#8243; _builder_version=&#8220;3.0.47&#8243; parallax=&#8220;off&#8220; parallax_method=&#8220;on&#8220;][et_pb_text _builder_version=&#8220;3.19.3&#8243; custom_margin=&#8220;8%|20%||10%&#8220; custom_margin_phone=&#8220;|10%|8%|&#8220; custom_margin_last_edited=&#8220;on|phone&#8220; locked=&#8220;off&#8220; header_font=&#8220;||||||||&#8220; header_text_color=&#8220;#1f56a2&#8243; header_2_font=&#8220;||||||||&#8220; header_2_text_color=&#8220;#1f56a2&#8243;]<\/p>\n<h2>Polyester-Gewebe<\/h2>\n<p>Monofilament Polyester-Gewebe besteht aus einer einzigen Faser. Es wird f\u00fcr verschiedene Zwecke und Anwendungen, unter anderem auch in der Lebensmittelindustrie, eingesetzt. Drenth Holland erzeugt monofiles Polyester-Gewebe als Standardware f\u00fcr verschiedene industrielle Anwendungen wie auch nach Angaben der Kunden.<br \/>\nDie meisten synthetischen Materialien werden aus Polyester gefertigt, weil Polyester stark, s\u00e4urebest\u00e4ndig und nicht temperaturempfindlich ist. Werden die Polyester-Dr\u00e4hte durch antistatische Dr\u00e4hte ersetzt, ergibt sich als weiterer Vorteil, dass keine elektrostatische Aufladung stattfindet.<br \/>\nPolyester-Gewebe wird in der Lebensmittelindustrie verwendet, unter anderem bei der Herstellung von Kaffee- und Milchpulver, Babymilchpulver sowie K\u00e4se- und Tomatenpulver und auch f\u00fcr Tierfutter Zudem wird Polyester-Gewebe auch in der Holzwerkstoffindustrie (MDF und OSB) eingesetzt.<br \/>\nDie Kanten- und Seitenverarbeitung des Polyester-Gewebes erfolgt entsprechend den Anforderungen der Kunden. Es k\u00f6nnen Befestigungselemente aus Edelstahl oder eine einfache Schlaufennaht, eine doppelte Schlaufennaht oder Endlosnaht verwendet werden. Die Kanten werden durch Hochfrequenz-Kantenbearbeitung gesch\u00fctzt, sie k\u00f6nnen auch mit PVC oder verst\u00e4rkt mit PVC verarbeitet werden.<\/p>\n<ul>\n<li>Gewebe mit Kette und Schuss aus monofilen Polyesterdr\u00e4hten<\/li>\n<li>Gewebe mit Kette aus monofilem Polyesterdraht und anti-statischen Nylondr\u00e4hten und Schuss aus monofilen Polyesterdr\u00e4hten.<\/li>\n<\/ul>\n<p>[\/et_pb_text][\/et_pb_column][\/et_pb_row][et_pb_row make_fullwidth=&#8220;on&#8220; use_custom_gutter=&#8220;on&#8220; gutter_width=&#8220;1&#8243; custom_padding=&#8220;0|0px|0px|0px|false|false&#8220; custom_margin=&#8220;|||&#8220; make_equal=&#8220;on&#8220; bg_img_2=&#8220;https:\/\/drenthholland.com\/wp-content\/uploads\/2019\/01\/DFGW2115-2kopie.jpg&#8220; padding_top_1=&#8220;100px&#8220; padding_top_2=&#8220;100px&#8220; padding_right_1=&#8220;10%&#8220; padding_bottom_1=&#8220;100px&#8220; padding_bottom_2=&#8220;100px&#8220; padding_left_1=&#8220;10%&#8220; module_class_1=&#8220;second-on-mobile&#8220; module_class_2=&#8220;first-on-mobile&#8220; admin_label=&#8220;Best Beans Row&#8220; module_class=&#8220;custom_row&#8220; _builder_version=&#8220;3.19.3&#8243; custom_css_main_element=&#8220;min-height: 500px&#8220;][et_pb_column type=&#8220;1_2&#8243; _builder_version=&#8220;3.0.47&#8243; padding_bottom=&#8220;100px&#8220; padding_left=&#8220;10%&#8220; padding_right=&#8220;10%&#8220; padding_top=&#8220;100px&#8220; parallax=&#8220;off&#8220; parallax_method=&#8220;on&#8220; module_class=&#8220;second-on-mobile&#8220;][et_pb_text _builder_version=&#8220;3.19.3&#8243; custom_margin_phone=&#8220;-54px||-8%&#8220; custom_margin_last_edited=&#8220;on|phone&#8220; header_font=&#8220;||||||||&#8220; header_text_color=&#8220;#1f56a2&#8243; header_2_font=&#8220;||||||||&#8220; header_2_text_color=&#8220;#1f56a2&#8243;]<\/p>\n<h2>Polypropylene wire mesh<\/h2>\n<p>Polypropylene wire mesh is used in the cheese industry because it is resistant to caustic soda. This double-layer wire mesh and the belt are used to drain liquids from the cheese in the production of softer cheeses, such as mozzarella and cheddar.<\/p>\n<ul>\n<li>mesh with warp and weft wire of polypropylene wires<\/li>\n<\/ul>\n<p>[\/et_pb_text][\/et_pb_column][et_pb_column type=&#8220;1_2&#8243; _builder_version=&#8220;3.0.47&#8243; padding_bottom=&#8220;100px&#8220; padding_top=&#8220;100px&#8220; bg_img=&#8220;https:\/\/drenthholland.com\/wp-content\/uploads\/2019\/01\/DFGW2115-2kopie.jpg&#8220; parallax=&#8220;off&#8220; parallax_method=&#8220;on&#8220; module_class=&#8220;first-on-mobile&#8220;][\/et_pb_column][\/et_pb_row][\/et_pb_section][et_pb_section fb_built=&#8220;1&#8243; admin_label=&#8220;Best Beans&#8220; module_id=&#8220;value&#8220; _builder_version=&#8220;3.19.3&#8243; background_color_gradient_direction=&#8220;90deg&#8220; custom_padding=&#8220;0px|0px|0px|0px&#8220; top_divider_color=&#8220;#1f56a2&#8243; bottom_divider_style=&#8220;ramp&#8220; bottom_divider_color=&#8220;#1f56a2&#8243; bottom_divider_flip=&#8220;vertical&#8220; bottom_divider_arrangement=&#8220;above_content&#8220;][et_pb_row make_fullwidth=&#8220;on&#8220; use_custom_gutter=&#8220;on&#8220; gutter_width=&#8220;1&#8243; custom_padding=&#8220;0px|0px|0px|0px&#8220; custom_padding_tablet=&#8220;||50px|&#8220; custom_padding_phone=&#8220;||70px|&#8220; custom_margin=&#8220;|||&#8220; make_equal=&#8220;on&#8220; custom_padding_last_edited=&#8220;on|desktop&#8220; bg_img_1=&#8220;https:\/\/drenthholland.com\/wp-content\/uploads\/2018\/12\/DFGW2164-2-1.jpg&#8220; padding_top_1=&#8220;100px&#8220; padding_right_1=&#8220;10%&#8220; padding_bottom_1=&#8220;100px&#8220; padding_left_1=&#8220;10%&#8220; admin_label=&#8220;Best Beans Row&#8220; module_id=&#8220;value&#8220; _builder_version=&#8220;3.19.3&#8243; custom_css_main_element=&#8220;min-height:700px&#8220;][et_pb_column type=&#8220;1_2&#8243; _builder_version=&#8220;3.0.47&#8243; padding_bottom=&#8220;100px&#8220; padding_left=&#8220;10%&#8220; padding_right=&#8220;10%&#8220; padding_top=&#8220;100px&#8220; bg_img=&#8220;https:\/\/drenthholland.com\/wp-content\/uploads\/2018\/12\/DFGW2164-2-1.jpg&#8220; parallax=&#8220;off&#8220; parallax_method=&#8220;on&#8220;][\/et_pb_column][et_pb_column type=&#8220;1_2&#8243; _builder_version=&#8220;3.0.47&#8243; parallax=&#8220;off&#8220; parallax_method=&#8220;on&#8220;][et_pb_text _builder_version=&#8220;3.19.3&#8243; text_font=&#8220;||||||||&#8220; custom_margin=&#8220;8%|20%||10%&#8220; custom_margin_phone=&#8220;8%|10%|5%|10%&#8220; custom_margin_last_edited=&#8220;on|phone&#8220; locked=&#8220;off&#8220; header_font=&#8220;||||||||&#8220; header_text_color=&#8220;#1f56a2&#8243; header_2_font=&#8220;||||||||&#8220; header_2_text_color=&#8220;#1f56a2&#8243;]<\/p>\n<h2>Polypropylen-Gewebe<\/h2>\n<p>Polypropylen-Gewebe ist gegen Natronlauge best\u00e4ndig und wird daher in der K\u00e4seherstellung verwendet. Mit diesem zweilagigen Drahtgewebe und dem Band wird bei der Herstellung weicher K\u00e4se wie Mozzarella und Cheddar die Fl\u00fcssigkeit aus dem K\u00e4se entfernt.<\/p>\n<ul>\n<li>Gewebe mit Kette und Schuss aus Polypropylen-Dr\u00e4hten<\/li>\n<\/ul>\n<ul><\/ul>\n<p>[\/et_pb_text][\/et_pb_column][\/et_pb_row][\/et_pb_section]<\/p>\n","protected":false},"excerpt":{"rendered":"<p>ProdukteProdukte METALLGEWEBE EDELSTAHLGEWEBE PHOSPHORBRONZE-GEWEBE KUNSTSTOFFGEWEBE POLYESTER-GEWEBE POLYPROPYLEN-GEWEBE POLYESTER-SPIRALGEWEBE \u00a0Produkte METALLGEWEBE EDELSTAHLGEWEBE PHOSPHORBRONZE-GEWEBE KUNSTSTOFFGEWEBE POLYESTER-GEWEBE POLYPROPYLEN-GEWEBE POLYESTER-SPIRALGEWEBE MetallgewebeEdelstahlgewebe\u00a0 Edelstahlgewebe werden sowohl in der Papier-, Lebensmittel- und Filterindustrie als auch in der chemischen und petrochemischen Industrie verwendet. Auch in der Architektur finden sie weitverbreitet Anwendung. Edelstahl wird in verschiedenen Legierungen und diversen Anwendungen eingesetzt, weil er korrosionsbest\u00e4ndig [&hellip;]<\/p>\n","protected":false},"author":6,"featured_media":0,"parent":0,"menu_order":0,"comment_status":"closed","ping_status":"closed","template":"","meta":{"_et_pb_use_builder":"on","_et_pb_old_content":"","_et_gb_content_width":"","inline_featured_image":false,"footnotes":""},"class_list":["post-1537","page","type-page","status-publish","hentry"],"_links":{"self":[{"href":"https:\/\/drenthholland.com\/de\/wp-json\/wp\/v2\/pages\/1537","targetHints":{"allow":["GET"]}}],"collection":[{"href":"https:\/\/drenthholland.com\/de\/wp-json\/wp\/v2\/pages"}],"about":[{"href":"https:\/\/drenthholland.com\/de\/wp-json\/wp\/v2\/types\/page"}],"author":[{"embeddable":true,"href":"https:\/\/drenthholland.com\/de\/wp-json\/wp\/v2\/users\/6"}],"replies":[{"embeddable":true,"href":"https:\/\/drenthholland.com\/de\/wp-json\/wp\/v2\/comments?post=1537"}],"version-history":[{"count":0,"href":"https:\/\/drenthholland.com\/de\/wp-json\/wp\/v2\/pages\/1537\/revisions"}],"wp:attachment":[{"href":"https:\/\/drenthholland.com\/de\/wp-json\/wp\/v2\/media?parent=1537"}],"curies":[{"name":"wp","href":"https:\/\/api.w.org\/{rel}","templated":true}]}}