{"id":1542,"date":"2018-05-07T15:39:15","date_gmt":"2018-05-07T13:39:15","guid":{"rendered":"https:\/\/drenthholland.com\/contact\/"},"modified":"2024-12-12T16:21:14","modified_gmt":"2024-12-12T15:21:14","slug":"contact","status":"publish","type":"page","link":"https:\/\/drenthholland.com\/de\/contact\/","title":{"rendered":"Kontakt"},"content":{"rendered":"<p>[et_pb_section fb_built=&#8220;1&#8243; module_class=&#8220;hoofd&#8220; _builder_version=&#8220;4.16&#8243; use_background_color_gradient=&#8220;on&#8220; background_color_gradient_direction=&#8220;360deg&#8220; background_color_gradient_stops=&#8220;rgba(0,20,94,0.4) 11%|rgba(255,255,255,0.3) 100%&#8220; background_color_gradient_overlays_image=&#8220;on&#8220; background_color_gradient_start=&#8220;rgba(0,20,94,0.4)&#8220; background_color_gradient_start_position=&#8220;11%&#8220; background_color_gradient_end=&#8220;rgba(255,255,255,0.3)&#8220; background_image=&#8220;https:\/\/drenthholland.com\/wp-content\/uploads\/2018\/12\/DFGW2010-1.jpg&#8220; custom_padding=&#8220;76px|0px|0|0px|false|false&#8220; global_colors_info=&#8220;{}&#8220;][et_pb_row _builder_version=&#8220;4.16&#8243; background_size=&#8220;initial&#8220; background_position=&#8220;top_left&#8220; background_repeat=&#8220;repeat&#8220; custom_padding=&#8220;0px|0px|0|0px|false|false&#8220; global_colors_info=&#8220;{}&#8220;][et_pb_column type=&#8220;4_4&#8243; _builder_version=&#8220;4.16&#8243; custom_padding=&#8220;|||&#8220; global_colors_info=&#8220;{}&#8220; custom_padding__hover=&#8220;|||&#8220;][et_pb_text _builder_version=&#8220;4.16&#8243; text_font=&#8220;|800|||||||&#8220; text_text_color=&#8220;#ffffff&#8220; header_font=&#8220;|800|||||||&#8220; header_text_color=&#8220;#ffffff&#8220; header_font_size=&#8220;60px&#8220; header_line_height=&#8220;1.4em&#8220; header_2_text_color=&#8220;#ffffff&#8220; header_2_font_size=&#8220;29px&#8220; text_orientation=&#8220;right&#8220; custom_margin=&#8220;70px||0px|&#8220; custom_padding=&#8220;0px||0px|&#8220; header_font_size_tablet=&#8220;&#8220; header_font_size_phone=&#8220;45px&#8220; header_font_size_last_edited=&#8220;on|phone&#8220; text_text_shadow_style=&#8220;preset1&#8243; text_text_shadow_horizontal_length=&#8220;-0.07em&#8220; text_text_shadow_vertical_length=&#8220;0.29em&#8220; text_text_shadow_blur_strength=&#8220;1.02em&#8220; text_text_shadow_color=&#8220;#282868&#8243; global_colors_info=&#8220;{}&#8220;]<\/p>\n<h1>Kontakt<\/h1>\n<p>[\/et_pb_text][\/et_pb_column][\/et_pb_row][\/et_pb_section][et_pb_section fb_built=&#8220;1&#8243; admin_label=&#8220;Best Beans&#8220; _builder_version=&#8220;4.16&#8243; background_color_gradient_direction=&#8220;90deg&#8220; custom_padding=&#8220;0px|0px|0px|0px&#8220; global_colors_info=&#8220;{}&#8220;][et_pb_row column_structure=&#8220;1_2,1_2&#8243; use_custom_gutter=&#8220;on&#8220; gutter_width=&#8220;1&#8243; make_equal=&#8220;on&#8220; admin_label=&#8220;Best Beans Row&#8220; module_class=&#8220; et_pb_row_fullwidth&#8220; _builder_version=&#8220;4.16&#8243; width=&#8220;100%&#8220; width_tablet=&#8220;100%&#8220; width_phone=&#8220;&#8220; width_last_edited=&#8220;on|desktop&#8220; max_width=&#8220;100%&#8220; max_width_tablet=&#8220;100%&#8220; max_width_phone=&#8220;&#8220; max_width_last_edited=&#8220;on|desktop&#8220; custom_margin=&#8220;|||&#8220; custom_padding=&#8220;0px|0px|0px|0px&#8220; custom_css_main_element=&#8220;height: 1000px&#8220; make_fullwidth=&#8220;on&#8220; global_colors_info=&#8220;{}&#8220;][et_pb_column type=&#8220;1_2&#8243; _builder_version=&#8220;4.16&#8243; custom_padding=&#8220;100px|10%|100px|10%&#8220; global_colors_info=&#8220;{}&#8220; custom_padding__hover=&#8220;|||&#8220;][et_pb_text _builder_version=&#8220;4.27.3&#8243; text_line_height=&#8220;1em&#8220; header_font=&#8220;||||||||&#8220; header_text_color=&#8220;#1f56a2&#8243; header_2_font=&#8220;||||||||&#8220; header_2_text_color=&#8220;#1f56a2&#8243; custom_margin_tablet=&#8220;&#8220; custom_margin_phone=&#8220;-12%||&#8220; custom_margin_last_edited=&#8220;on|desktop&#8220; hover_enabled=&#8220;0&#8243; global_colors_info=&#8220;{}&#8220; sticky_enabled=&#8220;0&#8243;]<\/p>\n<h2>Kontakt<\/h2>\n<p>Drenth Holland b.v.<\/p>\n<p style=\"font-weight: 400;\">Industrieweg-West 9\u00a0\u00a0\u00a0\u00a0<\/p>\n<p style=\"font-weight: 400;\">9665 PX Oude Pekela<\/p>\n<p>Die Niederlande<\/p>\n<p>&nbsp;<\/p>\n<p>Telefon:\u00a0<a href=\"tel:+31%20597 61 24 93\"><span class=\"s1\">+31 <\/span>597 61 24 93<\/a><\/p>\n<p>Fax:\u00a0<span class=\"s1\">+31 <\/span>597 61 41 79<\/p>\n<p>&nbsp;<\/p>\n<p><span style=\"font-size: 14px;\">Email: <a href=\"mailto:info@drenth-holland.com\">info@drenth-holland.com<\/a><\/span><\/p>\n<p>[\/et_pb_text][\/et_pb_column][et_pb_column type=&#8220;1_2&#8243; _builder_version=&#8220;4.16&#8243; background_color=&#8220;#eff1f4&#8243; custom_padding=&#8220;100px|10%|100px|10%&#8220; global_colors_info=&#8220;{}&#8220; custom_padding__hover=&#8220;|||&#8220;][et_pb_text _builder_version=&#8220;4.16&#8243; text_line_height=&#8220;1em&#8220; header_font=&#8220;||||||||&#8220; header_text_color=&#8220;#1f56a2&#8243; header_2_font=&#8220;||||||||&#8220; header_2_text_color=&#8220;#1f56a2&#8243; custom_margin_tablet=&#8220;&#8220; custom_margin_phone=&#8220;-12%||&#8220; custom_margin_last_edited=&#8220;on|desktop&#8220; global_colors_info=&#8220;{}&#8220;]<\/p>\n<h2>Kontaktieren sie uns<\/h2>\n<p><span style=\"font-size: 14px;\"><\/span><\/p>\n<p>[\/et_pb_text][et_pb_text _builder_version=&#8220;4.16&#8243; global_colors_info=&#8220;{}&#8220;]<\/p>\n<p>Sie k\u00f6nnen uns f\u00fcr weitere Informationen oder Anfragen zum Ausf\u00fcllen des Formulars kontaktieren. Wir werden Ihnen so schnell wie m\u00f6glich antworten.<\/p>\n<p>[\/et_pb_text][et_pb_contact_form use_spam_service=&#8220;on&#8220; recaptcha_list=&#8220;default google captcha v3 acc-0&#8243; email=&#8220;info@drenth-holland.com&#8220; use_redirect=&#8220;on&#8220; redirect_url=&#8220;https:\/\/drenthholland.com\/de\/thank-you\/&#8220; _builder_version=&#8220;4.16&#8243; _module_preset=&#8220;default&#8220; _unique_id=&#8220;b4b854c1-eeea-481b-b2e9-285cd38f003c&#8220; form_field_background_color=&#8220;#FFFFFF&#8220; custom_button=&#8220;on&#8220; button_bg_color=&#8220;#1F56A2&#8243; min_height=&#8220;570.8px&#8220; custom_padding=&#8220;23px|||||&#8220; global_colors_info=&#8220;{}&#8220;][et_pb_contact_field field_id=&#8220;Naam&#8220; field_title=&#8220;Ihre Name&#8220; _builder_version=&#8220;4.16&#8243; global_colors_info=&#8220;{}&#8220; button_text_size__hover_enabled=&#8220;off&#8220; button_one_text_size__hover_enabled=&#8220;off&#8220; button_two_text_size__hover_enabled=&#8220;off&#8220; button_text_color__hover_enabled=&#8220;off&#8220; button_one_text_color__hover_enabled=&#8220;off&#8220; button_two_text_color__hover_enabled=&#8220;off&#8220; button_border_width__hover_enabled=&#8220;off&#8220; button_one_border_width__hover_enabled=&#8220;off&#8220; button_two_border_width__hover_enabled=&#8220;off&#8220; button_border_color__hover_enabled=&#8220;off&#8220; button_one_border_color__hover_enabled=&#8220;off&#8220; button_two_border_color__hover_enabled=&#8220;off&#8220; button_border_radius__hover_enabled=&#8220;off&#8220; button_one_border_radius__hover_enabled=&#8220;off&#8220; button_two_border_radius__hover_enabled=&#8220;off&#8220; button_letter_spacing__hover_enabled=&#8220;off&#8220; button_one_letter_spacing__hover_enabled=&#8220;off&#8220; button_two_letter_spacing__hover_enabled=&#8220;off&#8220; button_bg_color__hover_enabled=&#8220;off&#8220; button_one_bg_color__hover_enabled=&#8220;off&#8220; button_two_bg_color__hover_enabled=&#8220;off&#8220;][\/et_pb_contact_field][et_pb_contact_field field_id=&#8220;bedrijfsnaam&#8220; field_title=&#8220;Firmenname&#8220; _builder_version=&#8220;4.16&#8243; _module_preset=&#8220;default&#8220; global_colors_info=&#8220;{}&#8220;][\/et_pb_contact_field][et_pb_contact_field field_id=&#8220;Email&#8220; field_title=&#8220;Ihre E-mail&#8220; field_type=&#8220;email&#8220; _builder_version=&#8220;4.16&#8243; global_colors_info=&#8220;{}&#8220; button_text_size__hover_enabled=&#8220;off&#8220; button_one_text_size__hover_enabled=&#8220;off&#8220; button_two_text_size__hover_enabled=&#8220;off&#8220; button_text_color__hover_enabled=&#8220;off&#8220; button_one_text_color__hover_enabled=&#8220;off&#8220; button_two_text_color__hover_enabled=&#8220;off&#8220; button_border_width__hover_enabled=&#8220;off&#8220; button_one_border_width__hover_enabled=&#8220;off&#8220; button_two_border_width__hover_enabled=&#8220;off&#8220; button_border_color__hover_enabled=&#8220;off&#8220; button_one_border_color__hover_enabled=&#8220;off&#8220; button_two_border_color__hover_enabled=&#8220;off&#8220; button_border_radius__hover_enabled=&#8220;off&#8220; button_one_border_radius__hover_enabled=&#8220;off&#8220; button_two_border_radius__hover_enabled=&#8220;off&#8220; button_letter_spacing__hover_enabled=&#8220;off&#8220; button_one_letter_spacing__hover_enabled=&#8220;off&#8220; button_two_letter_spacing__hover_enabled=&#8220;off&#8220; button_bg_color__hover_enabled=&#8220;off&#8220; button_one_bg_color__hover_enabled=&#8220;off&#8220; button_two_bg_color__hover_enabled=&#8220;off&#8220;][\/et_pb_contact_field][et_pb_contact_field field_id=&#8220;Telefoonnummer&#8220; field_title=&#8220;Telefon&#8220; _builder_version=&#8220;4.16&#8243; _module_preset=&#8220;default&#8220; global_colors_info=&#8220;{}&#8220;][\/et_pb_contact_field][et_pb_contact_field field_id=&#8220;Adres&#8220; field_title=&#8220;Adresse&#8220; _builder_version=&#8220;4.16&#8243; _module_preset=&#8220;default&#8220; global_colors_info=&#8220;{}&#8220;][\/et_pb_contact_field][et_pb_contact_field field_id=&#8220;Plaats&#8220; field_title=&#8220;Stadt&#8220; _builder_version=&#8220;4.16&#8243; _module_preset=&#8220;default&#8220; global_colors_info=&#8220;{}&#8220;][\/et_pb_contact_field][et_pb_contact_field field_id=&#8220;Postcode&#8220; field_title=&#8220;Postleitzahl&#8220; _builder_version=&#8220;4.16&#8243; _module_preset=&#8220;default&#8220; global_colors_info=&#8220;{}&#8220;][\/et_pb_contact_field][et_pb_contact_field field_id=&#8220;Land&#8220; field_title=&#8220;Land&#8220; _builder_version=&#8220;4.16&#8243; _module_preset=&#8220;default&#8220; global_colors_info=&#8220;{}&#8220;][\/et_pb_contact_field][et_pb_contact_field field_id=&#8220;Onderwerp&#8220; field_title=&#8220;Thema&#8220; fullwidth_field=&#8220;on&#8220; _builder_version=&#8220;4.16&#8243; _module_preset=&#8220;default&#8220; global_colors_info=&#8220;{}&#8220;][\/et_pb_contact_field][et_pb_contact_field field_id=&#8220;Message&#8220; field_title=&#8220;Informationen oder Angebotsanfrage&#8220; field_type=&#8220;text&#8220; fullwidth_field=&#8220;on&#8220; _builder_version=&#8220;4.16&#8243; global_colors_info=&#8220;{}&#8220; button_text_size__hover_enabled=&#8220;off&#8220; button_one_text_size__hover_enabled=&#8220;off&#8220; button_two_text_size__hover_enabled=&#8220;off&#8220; button_text_color__hover_enabled=&#8220;off&#8220; button_one_text_color__hover_enabled=&#8220;off&#8220; button_two_text_color__hover_enabled=&#8220;off&#8220; button_border_width__hover_enabled=&#8220;off&#8220; button_one_border_width__hover_enabled=&#8220;off&#8220; button_two_border_width__hover_enabled=&#8220;off&#8220; button_border_color__hover_enabled=&#8220;off&#8220; button_one_border_color__hover_enabled=&#8220;off&#8220; button_two_border_color__hover_enabled=&#8220;off&#8220; button_border_radius__hover_enabled=&#8220;off&#8220; button_one_border_radius__hover_enabled=&#8220;off&#8220; button_two_border_radius__hover_enabled=&#8220;off&#8220; button_letter_spacing__hover_enabled=&#8220;off&#8220; button_one_letter_spacing__hover_enabled=&#8220;off&#8220; button_two_letter_spacing__hover_enabled=&#8220;off&#8220; button_bg_color__hover_enabled=&#8220;off&#8220; button_one_bg_color__hover_enabled=&#8220;off&#8220; button_two_bg_color__hover_enabled=&#8220;off&#8220;][\/et_pb_contact_field][et_pb_contact_field field_id=&#8220;Algemene_Voorwaarden&#8220; field_title=&#8220; &#8220; field_type=&#8220;checkbox&#8220; checkbox_options=&#8220;%91{%22value%22:%22%22,%22checked%22:0,%22dragID%22:-1,%22link_url%22:%22https:\/\/drenthholland.com\/de\/privacy-statement\/?lang=de%22,%22link_text%22:%22Ich erkl\u00e4re mich mit den Datenschutzbestimmungen einverstanden.%22}%93&#8243; fullwidth_field=&#8220;on&#8220; _builder_version=&#8220;4.16&#8243; _module_preset=&#8220;default&#8220; global_colors_info=&#8220;{}&#8220;][\/et_pb_contact_field][\/et_pb_contact_form][\/et_pb_column][\/et_pb_row][\/et_pb_section][et_pb_section fb_built=&#8220;1&#8243; fullwidth=&#8220;on&#8220; _builder_version=&#8220;4.16&#8243; global_colors_info=&#8220;{}&#8220;][et_pb_fullwidth_map address=&#8220;Industrieweg-West 9, 9665 PX Oude Pekela, Netherlands&#8220; zoom_level=&#8220;13&#8243; address_lat=&#8220;53.0988997&#8243; address_lng=&#8220;6.9848166&#8243; mouse_wheel=&#8220;off&#8220; mobile_dragging=&#8220;off&#8220; _builder_version=&#8220;4.27.3&#8243; hover_enabled=&#8220;0&#8243; global_colors_info=&#8220;{}&#8220; sticky_enabled=&#8220;0&#8243;][et_pb_map_pin title=&#8220;Drenth Holland b.v. &#8220; pin_address=&#8220;Industrieweg-West 9, 9665 PX Oude Pekela, Netherlands&#8220; pin_address_lat=&#8220;53.0988997&#8243; pin_address_lng=&#8220;6.9848166&#8243; _builder_version=&#8220;4.27.3&#8243; global_colors_info=&#8220;{}&#8220; hover_enabled=&#8220;0&#8243; sticky_enabled=&#8220;0&#8243;]<\/p>\n<p>Drenth Holland b.v.<br \/>Industrieweg-West 9 <br \/>9665 PX Oude Pekela<\/p>\n<p>[\/et_pb_map_pin][\/et_pb_fullwidth_map][\/et_pb_section]<\/p>\n","protected":false},"excerpt":{"rendered":"<p>KontaktKontakt Drenth Holland b.v. Industrieweg-West 9\u00a0\u00a0\u00a0\u00a0 9665 PX Oude Pekela Die Niederlande &nbsp; Telefon:\u00a0+31 597 61 24 93 Fax:\u00a0+31 597 61 41 79 &nbsp; Email: info@drenth-holland.comKontaktieren sie uns Sie k\u00f6nnen uns f\u00fcr weitere Informationen oder Anfragen zum Ausf\u00fcllen des Formulars kontaktieren. Wir werden Ihnen so schnell wie m\u00f6glich antworten.Drenth Holland b.v.Industrieweg-West 9 9665 PX Oude [&hellip;]<\/p>\n","protected":false},"author":6,"featured_media":0,"parent":0,"menu_order":0,"comment_status":"closed","ping_status":"closed","template":"","meta":{"_et_pb_use_builder":"on","_et_pb_old_content":"","_et_gb_content_width":"","inline_featured_image":false,"footnotes":""},"class_list":["post-1542","page","type-page","status-publish","hentry"],"_links":{"self":[{"href":"https:\/\/drenthholland.com\/de\/wp-json\/wp\/v2\/pages\/1542","targetHints":{"allow":["GET"]}}],"collection":[{"href":"https:\/\/drenthholland.com\/de\/wp-json\/wp\/v2\/pages"}],"about":[{"href":"https:\/\/drenthholland.com\/de\/wp-json\/wp\/v2\/types\/page"}],"author":[{"embeddable":true,"href":"https:\/\/drenthholland.com\/de\/wp-json\/wp\/v2\/users\/6"}],"replies":[{"embeddable":true,"href":"https:\/\/drenthholland.com\/de\/wp-json\/wp\/v2\/comments?post=1542"}],"version-history":[{"count":1,"href":"https:\/\/drenthholland.com\/de\/wp-json\/wp\/v2\/pages\/1542\/revisions"}],"predecessor-version":[{"id":2538,"href":"https:\/\/drenthholland.com\/de\/wp-json\/wp\/v2\/pages\/1542\/revisions\/2538"}],"wp:attachment":[{"href":"https:\/\/drenthholland.com\/de\/wp-json\/wp\/v2\/media?parent=1542"}],"curies":[{"name":"wp","href":"https:\/\/api.w.org\/{rel}","templated":true}]}}