{"id":1544,"date":"2018-05-07T15:39:15","date_gmt":"2018-05-07T13:39:15","guid":{"rendered":"https:\/\/drenthholland.com\/the-company\/"},"modified":"2024-10-08T10:41:18","modified_gmt":"2024-10-08T08:41:18","slug":"the-company","status":"publish","type":"page","link":"https:\/\/drenthholland.com\/de\/the-company\/","title":{"rendered":"Das Unternehmen"},"content":{"rendered":"<p>[et_pb_section fb_built=&#8220;1&#8243; module_class=&#8220;hoofd&#8220; _builder_version=&#8220;3.22&#8243; use_background_color_gradient=&#8220;on&#8220; background_color_gradient_start=&#8220;rgba(0,20,94,0.39)&#8220; background_color_gradient_end=&#8220;rgba(102,141,186,0)&#8220; background_color_gradient_direction=&#8220;360deg&#8220; background_color_gradient_start_position=&#8220;11%&#8220; background_color_gradient_overlays_image=&#8220;on&#8220; background_image=&#8220;https:\/\/drenthholland.com\/wp-content\/uploads\/2018\/12\/DFGW2238-2.jpg&#8220; custom_padding=&#8220;76px|0px|0|0px|false|false&#8220;][et_pb_row _builder_version=&#8220;3.25&#8243; background_size=&#8220;initial&#8220; background_position=&#8220;top_left&#8220; background_repeat=&#8220;repeat&#8220; custom_padding=&#8220;0px|0px|0|0px|false|false&#8220;][et_pb_column type=&#8220;4_4&#8243; _builder_version=&#8220;3.25&#8243; custom_padding=&#8220;|||&#8220; custom_padding__hover=&#8220;|||&#8220;][et_pb_text _builder_version=&#8220;3.27.4&#8243; text_font=&#8220;|800|||||||&#8220; text_text_color=&#8220;#ffffff&#8220; header_font=&#8220;|800|||||||&#8220; header_text_color=&#8220;#ffffff&#8220; header_font_size=&#8220;60px&#8220; header_line_height=&#8220;1.4em&#8220; header_2_text_color=&#8220;#ffffff&#8220; header_2_font_size=&#8220;29px&#8220; text_orientation=&#8220;right&#8220; custom_margin=&#8220;70px||0px|&#8220; custom_padding=&#8220;0px||0px|&#8220; header_font_size_tablet=&#8220;&#8220; header_font_size_phone=&#8220;45px&#8220; header_font_size_last_edited=&#8220;on|phone&#8220; text_text_shadow_style=&#8220;preset1&#8243; text_text_shadow_horizontal_length=&#8220;-0.07em&#8220; text_text_shadow_vertical_length=&#8220;0.29em&#8220; text_text_shadow_blur_strength=&#8220;1.02em&#8220; text_text_shadow_color=&#8220;#282868&#8243;]<\/p>\n<h1>Das Unternehmen<\/h1>\n<p>[\/et_pb_text][\/et_pb_column][\/et_pb_row][\/et_pb_section][et_pb_section fb_built=&#8220;1&#8243; disabled_on=&#8220;off|off|off&#8220; admin_label=&#8220;Best Beans&#8220; _builder_version=&#8220;3.22&#8243; background_color_gradient_direction=&#8220;90deg&#8220; custom_padding=&#8220;0px|0px|0px|0px&#8220;][et_pb_row use_custom_gutter=&#8220;on&#8220; gutter_width=&#8220;1&#8243; make_equal=&#8220;on&#8220; disabled_on=&#8220;on|off|off&#8220; admin_label=&#8220;Best Beans Row&#8220; module_class=&#8220;custom_row et_pb_row_fullwidth&#8220; _builder_version=&#8220;3.25&#8243; width=&#8220;100%&#8220; width_tablet=&#8220;100%&#8220; width_last_edited=&#8220;on|desktop&#8220; max_width=&#8220;100%&#8220; max_width_tablet=&#8220;100%&#8220; max_width_last_edited=&#8220;on|desktop&#8220; custom_margin=&#8220;|||&#8220; custom_padding=&#8220;0px|0px|0px|0px&#8220; custom_css_main_element=&#8220;min-height: 500px&#8220; make_fullwidth=&#8220;on&#8220; column_structure=&#8220;1_2,1_2&#8243;][et_pb_column type=&#8220;1_2&#8243; module_class=&#8220;second-on-mobile&#8220; _builder_version=&#8220;3.25&#8243; background_image=&#8220;https:\/\/drenthholland.com\/wp-content\/uploads\/2018\/10\/HdV07016_103.jpg&#8220; custom_padding=&#8220;100px|10%|100px|10%&#8220; custom_padding_last_edited=&#8220;on|desktop&#8220; padding_last_edited=&#8220;on|desktop&#8220; custom_padding__hover=&#8220;|||&#8220;][\/et_pb_column][et_pb_column type=&#8220;1_2&#8243; module_class=&#8220;first-on-mobile&#8220; _builder_version=&#8220;3.25&#8243; custom_padding=&#8220;|||&#8220; custom_padding_phone=&#8220;||200px&#8220; custom_padding_last_edited=&#8220;on|desktop&#8220; padding_phone=&#8220;||200px&#8220; padding_last_edited=&#8220;on|desktop&#8220; custom_padding__hover=&#8220;|||&#8220;][et_pb_text _builder_version=&#8220;3.27.4&#8243; header_font=&#8220;||||||||&#8220; header_text_color=&#8220;#1f56a2&#8243; header_2_font=&#8220;||||||||&#8220; header_2_text_color=&#8220;#1f56a2&#8243; custom_margin=&#8220;8%|30%||10%&#8220; custom_margin_tablet=&#8220;&#8220; custom_margin_phone=&#8220;12%|10%||10%&#8220; custom_margin_last_edited=&#8220;on|phone&#8220; locked=&#8220;off&#8220;]<\/p>\n<h2>Geschichte<\/h2>\n<p>Drenth Holland wurde in 1931 als Hersteller von Drahtgeweben f\u00fcr die Papier-Industrie im Norden der Niederlande gegr\u00fcndet. Nach dem R\u00fcckzug der Papier-Industrie in diesem Gebiet erweiterten wir unsere Produktion. Zun\u00e4chst stellten wir Gewebe f\u00fcr andere Industrien her und sp\u00e4ter auch Polyester-Gewebe. Heute fertigt Drenth Holland Metall- und Drahtgewebe in jeder gew\u00fcnschten Ausf\u00fchrung f\u00fcr verschiedene Branchen in \u00fcber 35 L\u00e4ndern weltweit. Wir engagieren uns f\u00fcr Kundenzufriedenheit und eine dauerhafte Partnerschaft mit unseren Kunden.<\/p>\n<p>&nbsp;<\/p>\n<p>[\/et_pb_text][\/et_pb_column][\/et_pb_row][et_pb_row use_custom_gutter=&#8220;on&#8220; gutter_width=&#8220;1&#8243; make_equal=&#8220;on&#8220; disabled_on=&#8220;off|on|on&#8220; admin_label=&#8220;Best Beans Row&#8220; module_class=&#8220;custom_row et_pb_row_fullwidth&#8220; _builder_version=&#8220;3.25&#8243; width=&#8220;100%&#8220; width_tablet=&#8220;100%&#8220; width_last_edited=&#8220;on|desktop&#8220; max_width=&#8220;100%&#8220; max_width_tablet=&#8220;100%&#8220; max_width_last_edited=&#8220;on|desktop&#8220; custom_margin=&#8220;|||&#8220; custom_padding=&#8220;0px|0px|0px|0px&#8220; custom_css_main_element=&#8220;min-height: 500px&#8220; make_fullwidth=&#8220;on&#8220;][et_pb_column type=&#8220;4_4&#8243; module_class=&#8220;second-on-mobile&#8220; _builder_version=&#8220;3.25&#8243; custom_padding=&#8220;100px|10%|100px|10%&#8220; custom_padding_last_edited=&#8220;on|desktop&#8220; padding_last_edited=&#8220;on|desktop&#8220; custom_padding__hover=&#8220;|||&#8220;][et_pb_text _builder_version=&#8220;3.27.4&#8243; header_font=&#8220;||||||||&#8220; header_text_color=&#8220;#1f56a2&#8243; header_2_font=&#8220;||||||||&#8220; header_2_text_color=&#8220;#1f56a2&#8243; custom_margin=&#8220;0px|0px||0px&#8220; custom_margin_tablet=&#8220;&#8220; custom_margin_phone=&#8220;|||&#8220; custom_margin_last_edited=&#8220;on|phone&#8220; locked=&#8220;off&#8220;]<\/p>\n<h2>Geschichte<\/h2>\n<p>Drenth Holland wurde in 1931 als Hersteller von Drahtgeweben f\u00fcr die Papier-Industrie im Norden der Niederlande gegr\u00fcndet. Nach dem R\u00fcckzug der Papier-Industrie in diesem Gebiet erweiterten wir unsere Produktion. Zun\u00e4chst stellten wir Gewebe f\u00fcr andere Industrien her und sp\u00e4ter auch Polyester-Gewebe. Heute fertigt Drenth Holland Metall- und Drahtgewebe in jeder gew\u00fcnschten Ausf\u00fchrung f\u00fcr verschiedene Branchen in \u00fcber 35 L\u00e4ndern weltweit. Wir engagieren uns f\u00fcr Kundenzufriedenheit und eine dauerhafte Partnerschaft mit unseren Kunden.<\/p>\n<p>&nbsp;<\/p>\n<p>[\/et_pb_text][\/et_pb_column][\/et_pb_row][\/et_pb_section][et_pb_section fb_built=&#8220;1&#8243; admin_label=&#8220;Best Beans&#8220; module_id=&#8220;history&#8220; _builder_version=&#8220;3.22&#8243; background_color_gradient_direction=&#8220;90deg&#8220; custom_margin_tablet=&#8220;&#8220; custom_margin_phone=&#8220;-108px||&#8220; custom_margin_last_edited=&#8220;on|desktop&#8220; custom_padding=&#8220;0px|0px|0px|0px&#8220;][et_pb_row use_custom_gutter=&#8220;on&#8220; gutter_width=&#8220;1&#8243; make_equal=&#8220;on&#8220; custom_padding_last_edited=&#8220;on|desktop&#8220; disabled_on=&#8220;on|off|off&#8220; admin_label=&#8220;Best Beans Row&#8220; module_id=&#8220;iso&#8220; module_class=&#8220; et_pb_row_fullwidth&#8220; _builder_version=&#8220;3.25&#8243; width=&#8220;100%&#8220; width_tablet=&#8220;100%&#8220; width_last_edited=&#8220;on|desktop&#8220; max_width=&#8220;100%&#8220; max_width_tablet=&#8220;100%&#8220; max_width_last_edited=&#8220;on|desktop&#8220; custom_margin=&#8220;|||&#8220; custom_padding=&#8220;0px|0px|0px|0px&#8220; custom_padding_tablet=&#8220;||50px|&#8220; custom_padding_phone=&#8220;1px||70px|&#8220; make_fullwidth=&#8220;on&#8220; column_structure=&#8220;1_2,1_2&#8243;][et_pb_column type=&#8220;1_2&#8243; _builder_version=&#8220;3.25&#8243; custom_padding=&#8220;100px|10%|100px|10%&#8220; custom_padding__hover=&#8220;|||&#8220;][et_pb_text _builder_version=&#8220;4.9.10&#8243; text_font=&#8220;||||||||&#8220; header_font=&#8220;||||||||&#8220; header_text_color=&#8220;#1f56a2&#8243; header_2_font=&#8220;||||||||&#8220; header_2_text_color=&#8220;#1f56a2&#8243; custom_margin_tablet=&#8220;&#8220; custom_margin_phone=&#8220;-54px||-8%&#8220; custom_margin_last_edited=&#8220;on|phone&#8220; hover_enabled=&#8220;0&#8243; sticky_enabled=&#8220;0&#8243;]<\/p>\n<h2>ISO 9001<\/h2>\n<p><span lang=\"DE\">Drenth Holland strebt nach maximaler Kundenzufriedenheit und will die h\u00f6chstm\u00f6gliche Qualit\u00e4t liefern, weshalb Drenth Holland nach ISO 9001:2015 zertifiziert ist, der internationalen Norm f\u00fcr Qualit\u00e4tsmanagementsysteme. Durch interne und j\u00e4hrliche externe Audits \u00fcberpr\u00fcfen wir die Kontrolle unserer Betriebsprozesse und verbessern kontinuierlich unsere Produkte, Dienstleistungen und internen Prozesse. Das Qualit\u00e4tsmanagementsystem nach ISO 9001 hilft uns, die hohen Erwartungen und Bed\u00fcrfnisse unserer Kunden besser zu erf\u00fcllen. <span style=\"text-decoration: underline;\"><a href=\"https:\/\/drenthholland.com\/wp-content\/uploads\/2024\/10\/ISO9001-Certificaat-880047-2-2024-ENG.pdf\" rel=\"attachment wp-att-1917 noopener noreferrer\" target=\"_blank\">Klicken Sie hier, um unser Zertifikat nach ISO 9001:2015 herunterzuladen.<\/a><\/span><\/span><\/p>\n<p><a href=\"https:\/\/drenthholland.com\/wp-content\/uploads\/2024\/10\/ISO9001-Certificaat-880047-2-2024-ENG.pdf\"><span lang=\"EN-US\"><img loading=\"lazy\" decoding=\"async\" src=\"https:\/\/drenthholland.com\/wp-content\/uploads\/2019\/11\/C_ISO9001_fc-01-1-298x300.jpg\" width=\"88\" height=\"89\" alt=\"\" class=\"wp-image-1903 alignnone size-medium\" srcset=\"https:\/\/drenthholland.com\/wp-content\/uploads\/2019\/11\/C_ISO9001_fc-01-1-298x300.jpg 298w, https:\/\/drenthholland.com\/wp-content\/uploads\/2019\/11\/C_ISO9001_fc-01-1-150x150.jpg 150w, https:\/\/drenthholland.com\/wp-content\/uploads\/2019\/11\/C_ISO9001_fc-01-1.jpg 413w\" sizes=\"auto, (max-width: 88px) 100vw, 88px\" \/><\/span><\/a><\/p>\n<p>[\/et_pb_text][\/et_pb_column][et_pb_column type=&#8220;1_2&#8243; _builder_version=&#8220;3.25&#8243; background_image=&#8220;https:\/\/drenthholland.com\/wp-content\/uploads\/2019\/11\/gh-s.jpg&#8220; custom_padding=&#8220;|||&#8220; custom_padding_phone=&#8220;100px|10%|100px|10%||&#8220; custom_padding_last_edited=&#8220;on|desktop&#8220; padding_phone=&#8220;100px|10%|100px|10%||&#8220; padding_last_edited=&#8220;on|desktop&#8220; custom_padding__hover=&#8220;|||&#8220;][\/et_pb_column][\/et_pb_row][et_pb_row use_custom_gutter=&#8220;on&#8220; gutter_width=&#8220;1&#8243; make_equal=&#8220;on&#8220; disabled_on=&#8220;off|on|on&#8220; admin_label=&#8220;Best Beans Row&#8220; module_id=&#8220;iso&#8220; module_class=&#8220; et_pb_row_fullwidth&#8220; _builder_version=&#8220;3.25&#8243; width=&#8220;100%&#8220; width_tablet=&#8220;100%&#8220; width_last_edited=&#8220;on|desktop&#8220; max_width=&#8220;100%&#8220; max_width_tablet=&#8220;100%&#8220; max_width_last_edited=&#8220;on|desktop&#8220; custom_margin=&#8220;|||&#8220; custom_padding=&#8220;0px|0px|0px|0px&#8220; custom_css_main_element=&#8220;min-height: 500px&#8220; make_fullwidth=&#8220;on&#8220; column_structure=&#8220;1_2,1_2&#8243;][et_pb_column type=&#8220;1_2&#8243; _builder_version=&#8220;3.25&#8243; background_image=&#8220;https:\/\/drenthholland.com\/wp-content\/uploads\/2018\/10\/HdV07016_103.jpg&#8220; background_position=&#8220;bottom_center&#8220; custom_padding=&#8220;100px|10%|100px|10%&#8220; custom_padding__hover=&#8220;|||&#8220;][\/et_pb_column][et_pb_column type=&#8220;1_2&#8243; _builder_version=&#8220;3.25&#8243; custom_padding=&#8220;|||&#8220; custom_padding__hover=&#8220;|||&#8220;][et_pb_text _builder_version=&#8220;3.27.4&#8243; header_font=&#8220;||||||||&#8220; header_text_color=&#8220;#1f56a2&#8243; header_2_font=&#8220;||||||||&#8220; header_2_text_color=&#8220;#1f56a2&#8243; custom_margin=&#8220;8%|30%||10%&#8220; custom_margin_tablet=&#8220;&#8220; custom_margin_phone=&#8220;12%|10%||10%&#8220; custom_margin_last_edited=&#8220;on|phone&#8220; locked=&#8220;off&#8220;]<\/p>\n<h2>ISO 9001<\/h2>\n<p><span lang=\"DE\">Drenth Holland strebt nach maximaler Kundenzufriedenheit und will die h\u00f6chstm\u00f6gliche Qualit\u00e4t liefern, weshalb Drenth Holland nach ISO 9001:2015 zertifiziert ist, der internationalen Norm f\u00fcr Qualit\u00e4tsmanagementsysteme. Durch interne und j\u00e4hrliche externe Audits \u00fcberpr\u00fcfen wir die Kontrolle unserer Betriebsprozesse und verbessern kontinuierlich unsere Produkte, Dienstleistungen und internen Prozesse. Das Qualit\u00e4tsmanagementsystem nach ISO 9001 hilft uns, die hohen Erwartungen und Bed\u00fcrfnisse unserer Kunden besser zu erf\u00fcllen. <a href=\"https:\/\/drenthholland.com\/wp-content\/uploads\/2019\/11\/ISO-9001-Drenth-Holland-tm-030821.pdf\" rel=\"attachment wp-att-1917 noopener noreferrer\" target=\"_blank\">Klicken Sie hier, um unser Zertifikat nach ISO 9001:2015 herunterzuladen.<\/a><\/span><\/p>\n<p><span lang=\"EN-US\"><img loading=\"lazy\" decoding=\"async\" src=\"https:\/\/drenthholland.com\/wp-content\/uploads\/2019\/11\/C_ISO9001_fc-01-1-298x300.jpg\" width=\"88\" height=\"89\" alt=\"\" class=\"wp-image-1903 alignnone size-medium\" srcset=\"https:\/\/drenthholland.com\/wp-content\/uploads\/2019\/11\/C_ISO9001_fc-01-1-298x300.jpg 298w, https:\/\/drenthholland.com\/wp-content\/uploads\/2019\/11\/C_ISO9001_fc-01-1-150x150.jpg 150w, https:\/\/drenthholland.com\/wp-content\/uploads\/2019\/11\/C_ISO9001_fc-01-1.jpg 413w\" sizes=\"auto, (max-width: 88px) 100vw, 88px\" \/><\/span>[\/et_pb_text][\/et_pb_column][\/et_pb_row][et_pb_row use_custom_gutter=&#8220;on&#8220; gutter_width=&#8220;1&#8243; make_equal=&#8220;on&#8220; admin_label=&#8220;Best Beans Row&#8220; module_class=&#8220; et_pb_row_fullwidth&#8220; _builder_version=&#8220;3.25&#8243; width=&#8220;100%&#8220; width_tablet=&#8220;100%&#8220; width_last_edited=&#8220;on|desktop&#8220; max_width=&#8220;100%&#8220; max_width_tablet=&#8220;100%&#8220; max_width_last_edited=&#8220;on|desktop&#8220; custom_margin=&#8220;|||&#8220; custom_padding=&#8220;0px|0px|0px|0px&#8220; custom_css_main_element=&#8220;min-height: 500px&#8220; make_fullwidth=&#8220;on&#8220; column_structure=&#8220;1_2,1_2&#8243;][et_pb_column type=&#8220;1_2&#8243; _builder_version=&#8220;3.25&#8243; background_image=&#8220;https:\/\/drenthholland.com\/wp-content\/uploads\/2018\/12\/DFGW1974.jpg&#8220; background_position=&#8220;bottom_center&#8220; custom_padding=&#8220;100px|10%|100px|10%&#8220; custom_padding__hover=&#8220;|||&#8220;][\/et_pb_column][et_pb_column type=&#8220;1_2&#8243; _builder_version=&#8220;3.25&#8243; custom_padding=&#8220;|||&#8220; custom_padding__hover=&#8220;|||&#8220;][et_pb_text _builder_version=&#8220;3.27.4&#8243; header_font=&#8220;||||||||&#8220; header_text_color=&#8220;#1f56a2&#8243; header_2_font=&#8220;||||||||&#8220; header_2_text_color=&#8220;#1f56a2&#8243; custom_margin=&#8220;8%|30%||10%&#8220; custom_margin_tablet=&#8220;&#8220; custom_margin_phone=&#8220;12%|10%||10%&#8220; custom_margin_last_edited=&#8220;on|phone&#8220; locked=&#8220;off&#8220;]<\/p>\n<h2>\u00dcber uns <\/h2>\n<p>Drenth Holland ist auf Metallgewebe, synthetisches monofiles  Gewebe und Spiralgewebe spezialisiert. Wir sind ein Familienunternehmen, das seit seiner Gr\u00fcndung bestrebt ist, die W\u00fcnsche unserer Kunden zu erf\u00fcllen. Wir engagieren uns f\u00fcr eine langfristige Beziehung mit unseren Kunden, die f\u00fcr ihre spezifischen Anforderungen von unseren qualitativ hochwertigen Produkten abh\u00e4ngig sind. F\u00fcr alle unsere Produkte bieten wir kompetente Beratung und Service vor und nach dem Verkauf.<\/p>\n<p>&nbsp;<\/p>\n<p>[\/et_pb_text][\/et_pb_column][\/et_pb_row][\/et_pb_section][et_pb_section fb_built=&#8220;1&#8243; admin_label=&#8220;Best Beans&#8220; module_id=&#8220;about&#8220; _builder_version=&#8220;3.22&#8243; background_color_gradient_direction=&#8220;90deg&#8220; custom_padding=&#8220;0px|0px|0px|0px&#8220;][et_pb_row use_custom_gutter=&#8220;on&#8220; gutter_width=&#8220;1&#8243; make_equal=&#8220;on&#8220; admin_label=&#8220;Best Beans Row&#8220; module_class=&#8220;custom_row et_pb_row_fullwidth&#8220; _builder_version=&#8220;3.25&#8243; width=&#8220;100%&#8220; width_tablet=&#8220;100%&#8220; width_last_edited=&#8220;on|desktop&#8220; max_width=&#8220;100%&#8220; max_width_tablet=&#8220;100%&#8220; max_width_last_edited=&#8220;on|desktop&#8220; custom_margin=&#8220;|||&#8220; custom_padding=&#8220;0px|0px|0|0px|false|false&#8220; custom_css_main_element=&#8220;min-height: 500px&#8220; make_fullwidth=&#8220;on&#8220; column_structure=&#8220;1_2,1_2&#8243;][et_pb_column type=&#8220;1_2&#8243; module_class=&#8220;second-on-mobile&#8220; _builder_version=&#8220;3.25&#8243; custom_padding=&#8220;100px|10%|100px|10%&#8220; custom_padding__hover=&#8220;|||&#8220;][et_pb_text _builder_version=&#8220;3.27.4&#8243; text_font=&#8220;||||||||&#8220; header_font=&#8220;||||||||&#8220; header_text_color=&#8220;#1f56a2&#8243; header_2_font=&#8220;||||||||&#8220; header_2_text_color=&#8220;#1f56a2&#8243; custom_margin_tablet=&#8220;&#8220; custom_margin_phone=&#8220;-54px||-8%&#8220; custom_margin_last_edited=&#8220;on|phone&#8220;]<\/p>\n<h2>Unsere Werte: Qualit\u00e4t und Kundenorientierung <\/h2>\n<p>T\u00e4glich arbeiten wir an der Erhaltung der Kundenn\u00e4he, indem wir:<\/p>\n<ul>\n<li>eine Spitzenposition in der Lieferkette einnehmen<\/li>\n<li>keine Zugest\u00e4ndnisse an die Qualit\u00e4t unserer Produkte, L\u00f6sungen und unseren Service machen.<\/li>\n<li>unsere ausgew\u00e4hlten M\u00e4rkte untersuchen und verstehen<\/li>\n<li>mit den Kunden zusammenarbeiten, um langfristige Partnerschaften zum beiderseitigen Vorteil aufzubauen<\/li>\n<li>verstehen, wie sich unsere gesch\u00e4ftlichen Entscheidungen auf unsere Kunden auswirken<\/li>\n<li>wir uns an die Liefervereinbarungen halten und unsere Lieferverpflichtungen erf\u00fcllen.<\/li>\n<\/ul>\n<p>[\/et_pb_text][\/et_pb_column][et_pb_column type=&#8220;1_2&#8243; module_class=&#8220;first-on-mobile&#8220; _builder_version=&#8220;3.25&#8243; background_image=&#8220;https:\/\/drenthholland.com\/wp-content\/uploads\/2018\/12\/DFGW1955.jpg&#8220; custom_padding=&#8220;|||&#8220; custom_padding_phone=&#8220;||200px|&#8220; custom_padding_last_edited=&#8220;on|phone&#8220; padding_phone=&#8220;||200px|&#8220; padding_last_edited=&#8220;on|phone&#8220; custom_padding__hover=&#8220;|||&#8220;][\/et_pb_column][\/et_pb_row][\/et_pb_section][et_pb_section fb_built=&#8220;1&#8243; admin_label=&#8220;Best Beans&#8220; module_id=&#8220;value&#8220; _builder_version=&#8220;3.22&#8243; background_color_gradient_direction=&#8220;90deg&#8220; custom_padding=&#8220;0px|0px|0px|0px&#8220; top_divider_color=&#8220;#1f56a2&#8243; bottom_divider_style=&#8220;ramp&#8220; bottom_divider_color=&#8220;#1f56a2&#8243; bottom_divider_flip=&#8220;vertical&#8220; bottom_divider_arrangement=&#8220;above_content&#8220;][et_pb_row use_custom_gutter=&#8220;on&#8220; gutter_width=&#8220;1&#8243; make_equal=&#8220;on&#8220; custom_padding_last_edited=&#8220;on|desktop&#8220; admin_label=&#8220;Best Beans Row&#8220; module_class=&#8220; et_pb_row_fullwidth&#8220; _builder_version=&#8220;3.25&#8243; width=&#8220;100%&#8220; width_tablet=&#8220;100%&#8220; width_last_edited=&#8220;on|desktop&#8220; max_width=&#8220;100%&#8220; max_width_tablet=&#8220;100%&#8220; max_width_last_edited=&#8220;on|desktop&#8220; custom_margin=&#8220;|||&#8220; custom_padding=&#8220;0px|0px|0px|0px&#8220; custom_padding_tablet=&#8220;||50px|&#8220; custom_padding_phone=&#8220;||70px|&#8220; make_fullwidth=&#8220;on&#8220; column_structure=&#8220;1_2,1_2&#8243;][et_pb_column type=&#8220;1_2&#8243; _builder_version=&#8220;3.25&#8243; background_image=&#8220;https:\/\/drenthholland.com\/wp-content\/uploads\/2018\/12\/DFGW1899.jpg&#8220; custom_padding=&#8220;100px|10%|100px|10%&#8220; custom_padding__hover=&#8220;|||&#8220;][\/et_pb_column][et_pb_column type=&#8220;1_2&#8243; _builder_version=&#8220;3.25&#8243; custom_padding=&#8220;|||&#8220; custom_padding_phone=&#8220;|||||&#8220; custom_padding_last_edited=&#8220;on|desktop&#8220; padding_phone=&#8220;|||||&#8220; padding_last_edited=&#8220;on|desktop&#8220; custom_padding__hover=&#8220;|||&#8220;][et_pb_text _builder_version=&#8220;3.27.4&#8243; text_font=&#8220;||||||||&#8220; header_font=&#8220;||||||||&#8220; header_text_color=&#8220;#1f56a2&#8243; header_2_font=&#8220;||||||||&#8220; header_2_text_color=&#8220;#1f56a2&#8243; custom_margin=&#8220;8%|30%||10%&#8220; custom_margin_tablet=&#8220;&#8220; custom_margin_phone=&#8220;8%|10%|5%|10%&#8220; custom_margin_last_edited=&#8220;on|desktop&#8220; locked=&#8220;off&#8220;]<\/p>\n<h2>Internationaler Kundenkreis<\/h2>\n<p>Drenth Holland beliefert Unternehmen und Lieferanten in 35 L\u00e4ndern weltweit. Wir produzieren kundendefinierte Metall- und Kunststoffgewebe sowie gewebte Materialien nach Ma\u00dfgaben der Kunden f\u00fcr folgende Industriebereiche:<\/p>\n<ul>\n<li>Papier- und Kartonagen <\/li>\n<li>Sicherheitspapier <\/li>\n<li>Lebensmittelprodukte<\/li>\n<li>Molkereiprodukte <\/li>\n<li>Holzwerkstoffe (MDF und OSB)<\/li>\n<li>Schlammentw\u00e4sserung.<\/li>\n<\/ul>\n<p>[\/et_pb_text][\/et_pb_column][\/et_pb_row][\/et_pb_section]<\/p>\n","protected":false},"excerpt":{"rendered":"<p>Das UnternehmenGeschichte Drenth Holland wurde in 1931 als Hersteller von Drahtgeweben f\u00fcr die Papier-Industrie im Norden der Niederlande gegr\u00fcndet. Nach dem R\u00fcckzug der Papier-Industrie in diesem Gebiet erweiterten wir unsere Produktion. Zun\u00e4chst stellten wir Gewebe f\u00fcr andere Industrien her und sp\u00e4ter auch Polyester-Gewebe. Heute fertigt Drenth Holland Metall- und Drahtgewebe in jeder gew\u00fcnschten Ausf\u00fchrung f\u00fcr [&hellip;]<\/p>\n","protected":false},"author":6,"featured_media":0,"parent":0,"menu_order":0,"comment_status":"closed","ping_status":"closed","template":"","meta":{"_et_pb_use_builder":"on","_et_pb_old_content":"","_et_gb_content_width":"","inline_featured_image":false,"footnotes":""},"class_list":["post-1544","page","type-page","status-publish","hentry"],"_links":{"self":[{"href":"https:\/\/drenthholland.com\/de\/wp-json\/wp\/v2\/pages\/1544","targetHints":{"allow":["GET"]}}],"collection":[{"href":"https:\/\/drenthholland.com\/de\/wp-json\/wp\/v2\/pages"}],"about":[{"href":"https:\/\/drenthholland.com\/de\/wp-json\/wp\/v2\/types\/page"}],"author":[{"embeddable":true,"href":"https:\/\/drenthholland.com\/de\/wp-json\/wp\/v2\/users\/6"}],"replies":[{"embeddable":true,"href":"https:\/\/drenthholland.com\/de\/wp-json\/wp\/v2\/comments?post=1544"}],"version-history":[{"count":1,"href":"https:\/\/drenthholland.com\/de\/wp-json\/wp\/v2\/pages\/1544\/revisions"}],"predecessor-version":[{"id":2520,"href":"https:\/\/drenthholland.com\/de\/wp-json\/wp\/v2\/pages\/1544\/revisions\/2520"}],"wp:attachment":[{"href":"https:\/\/drenthholland.com\/de\/wp-json\/wp\/v2\/media?parent=1544"}],"curies":[{"name":"wp","href":"https:\/\/api.w.org\/{rel}","templated":true}]}}