{"id":1764,"date":"2019-02-18T09:59:48","date_gmt":"2019-02-18T08:59:48","guid":{"rendered":"https:\/\/drenthholland.com\/inicio\/"},"modified":"2023-04-28T15:56:54","modified_gmt":"2023-04-28T13:56:54","slug":"inicio","status":"publish","type":"page","link":"https:\/\/drenthholland.com\/es\/","title":{"rendered":"Home"},"content":{"rendered":"<p>[et_pb_section fb_built=\u00bb1&#8243; module_class=\u00bbhoofd\u00bb _builder_version=\u00bb3.22&#8243; use_background_color_gradient=\u00bbon\u00bb background_color_gradient_start=\u00bbrgba(0,20,94,0.32)\u00bb background_color_gradient_end=\u00bbrgba(255,255,255,0)\u00bb background_color_gradient_direction=\u00bb360deg\u00bb background_color_gradient_start_position=\u00bb100%\u00bb background_color_gradient_end_position=\u00bb21%\u00bb background_color_gradient_overlays_image=\u00bbon\u00bb background_image=\u00bbhttps:\/\/drenthholland.com\/wp-content\/uploads\/2018\/12\/FGW2064k.jpg\u00bb background_position=\u00bbbottom_right\u00bb custom_padding=\u00bb76px|0px|0|0px|false|false\u00bb][et_pb_row _builder_version=\u00bb3.25&#8243; background_size=\u00bbinitial\u00bb background_position=\u00bbtop_left\u00bb background_repeat=\u00bbrepeat\u00bb custom_padding=\u00bb0px|0px|0|0px|false|false\u00bb][et_pb_column type=\u00bb4_4&#8243; _builder_version=\u00bb3.25&#8243; custom_padding=\u00bb|||\u00bb custom_padding__hover=\u00bb|||\u00bb][et_pb_text disabled_on=\u00bboff|off|off\u00bb module_class=\u00bbhome-header\u00bb _builder_version=\u00bb3.27.4&#8243; text_font=\u00bb|800|||||||\u00bb text_text_color=\u00bb#ffffff\u00bb header_font=\u00bb|800|||||||\u00bb header_text_color=\u00bb#ffffff\u00bb header_font_size=\u00bb60px\u00bb header_line_height=\u00bb1.4em\u00bb header_2_text_color=\u00bb#ffffff\u00bb header_2_font_size=\u00bb29px\u00bb text_orientation=\u00bbright\u00bb custom_margin=\u00bb0px||0px|\u00bb custom_padding=\u00bb0px||0px|\u00bb text_font_size_tablet=\u00bb\u00bb text_font_size_phone=\u00bb14px\u00bb text_font_size_last_edited=\u00bbon|phone\u00bb header_font_size_tablet=\u00bb\u00bb header_font_size_phone=\u00bb45px\u00bb header_font_size_last_edited=\u00bbon|phone\u00bb text_text_shadow_style=\u00bbpreset1&#8243; text_text_shadow_horizontal_length=\u00bb-0.07em\u00bb text_text_shadow_vertical_length=\u00bb0.29em\u00bb text_text_shadow_blur_strength=\u00bb1.02em\u00bb text_text_shadow_color=\u00bb#282868&#8243;]<\/p>\n<p class=\"p1\">\n<h1>Metal &amp; plastic<br \/> weaving<\/h1>\n<p>[\/et_pb_text][\/et_pb_column][\/et_pb_row][\/et_pb_section][et_pb_section fb_built=\u00bb1&#8243; _builder_version=\u00bb3.22&#8243; background_color=\u00bb#1f56a2&#8243; custom_padding=\u00bb0|0px|0|0px|false|false\u00bb][et_pb_row column_structure=\u00bb1_6,1_6,1_6,1_6,1_6,1_6&#8243; module_class=\u00bbiconshome\u00bb _builder_version=\u00bb3.25&#8243; background_size=\u00bbinitial\u00bb background_position=\u00bbtop_left\u00bb background_repeat=\u00bbrepeat\u00bb][et_pb_column type=\u00bb1_6&#8243; _builder_version=\u00bb3.25&#8243; custom_padding=\u00bb|||\u00bb custom_padding__hover=\u00bb|||\u00bb][et_pb_image src=\u00bbhttps:\/\/drenthholland.com\/wp-content\/uploads\/2018\/11\/Paper-and-cardboard.svg\u00bb url=\u00bbhttps:\/\/drenthholland.com\/es\/industrias\/?lang=es#paper\u00bb align=\u00bbcenter\u00bb align_tablet=\u00bbcenter\u00bb align_phone=\u00bb\u00bb align_last_edited=\u00bbon|desktop\u00bb module_class=\u00bbhome-icoon\u00bb _builder_version=\u00bb3.23&#8243; max_width=\u00bb55%\u00bb max_width_tablet=\u00bb\u00bb max_width_phone=\u00bb40%\u00bb max_width_last_edited=\u00bbon|phone\u00bb][\/et_pb_image][et_pb_text _builder_version=\u00bb4.9.10&#8243; header_3_font_size=\u00bb14px\u00bb text_orientation=\u00bbcenter\u00bb background_layout=\u00bbdark\u00bb link_option_url=\u00bb\/industries#paper\u00bb]<\/p>\n<h3>Papel y cart\u00f3n<\/h3>\n<p>[\/et_pb_text][\/et_pb_column][et_pb_column type=\u00bb1_6&#8243; _builder_version=\u00bb3.25&#8243; custom_padding=\u00bb|||\u00bb custom_padding__hover=\u00bb|||\u00bb][et_pb_image src=\u00bbhttps:\/\/drenthholland.com\/wp-content\/uploads\/2018\/11\/Security-paper.svg\u00bb url=\u00bbhttps:\/\/drenthholland.com\/es\/industrias\/?lang=es#security\u00bb align=\u00bbcenter\u00bb align_tablet=\u00bbcenter\u00bb align_phone=\u00bb\u00bb align_last_edited=\u00bbon|desktop\u00bb module_class=\u00bbhome-icoon\u00bb _builder_version=\u00bb3.23&#8243; max_width=\u00bb55%\u00bb max_width_tablet=\u00bb\u00bb max_width_phone=\u00bb40%\u00bb max_width_last_edited=\u00bbon|phone\u00bb][\/et_pb_image][et_pb_text _builder_version=\u00bb4.9.10&#8243; header_3_font_size=\u00bb14px\u00bb text_orientation=\u00bbcenter\u00bb background_layout=\u00bbdark\u00bb link_option_url=\u00bb\/industries#security\u00bb]<\/p>\n<h3>Papel de seguridad y billetes<\/h3>\n<p>[\/et_pb_text][\/et_pb_column][et_pb_column type=\u00bb1_6&#8243; _builder_version=\u00bb3.25&#8243; custom_padding=\u00bb|||\u00bb custom_padding__hover=\u00bb|||\u00bb][et_pb_image src=\u00bbhttps:\/\/drenthholland.com\/wp-content\/uploads\/2018\/11\/Food-industry1.svg\u00bb url=\u00bbhttps:\/\/drenthholland.com\/es\/industrias\/?lang=es#food\u00bb align=\u00bbcenter\u00bb align_tablet=\u00bbcenter\u00bb align_phone=\u00bb\u00bb align_last_edited=\u00bbon|desktop\u00bb module_class=\u00bbhome-icoon\u00bb _builder_version=\u00bb3.23&#8243; max_width=\u00bb55%\u00bb max_width_tablet=\u00bb\u00bb max_width_phone=\u00bb40%\u00bb max_width_last_edited=\u00bbon|phone\u00bb][\/et_pb_image][et_pb_text _builder_version=\u00bb4.9.10&#8243; header_3_font_size=\u00bb14px\u00bb text_orientation=\u00bbcenter\u00bb background_layout=\u00bbdark\u00bb link_option_url=\u00bb\/industries#food\u00bb]<\/p>\n<h3>Industria alimentaria, productos l\u00e1cteos incluidos<\/h3>\n<p>[\/et_pb_text][\/et_pb_column][et_pb_column type=\u00bb1_6&#8243; _builder_version=\u00bb3.25&#8243; custom_padding=\u00bb|||\u00bb custom_padding__hover=\u00bb|||\u00bb][et_pb_image src=\u00bbhttps:\/\/drenthholland.com\/wp-content\/uploads\/2018\/11\/Chipboard-indusrty-2.svg\u00bb url=\u00bbhttps:\/\/drenthholland.com\/es\/industrias\/?lang=es#chipboard\u00bb align=\u00bbcenter\u00bb align_tablet=\u00bbcenter\u00bb align_phone=\u00bb\u00bb align_last_edited=\u00bbon|desktop\u00bb module_class=\u00bbhome-icoon\u00bb _builder_version=\u00bb3.23&#8243; max_width=\u00bb55%\u00bb max_width_tablet=\u00bb\u00bb max_width_phone=\u00bb40%\u00bb max_width_last_edited=\u00bbon|phone\u00bb][\/et_pb_image][et_pb_text _builder_version=\u00bb4.9.10&#8243; header_3_font_size=\u00bb14px\u00bb text_orientation=\u00bbcenter\u00bb background_layout=\u00bbdark\u00bb link_option_url=\u00bb\/industries#chipboard\u00bb]<\/p>\n<h3>Paneles a base de madera<br \/>(MDF\/OSB)<\/h3>\n<p>[\/et_pb_text][\/et_pb_column][et_pb_column type=\u00bb1_6&#8243; _builder_version=\u00bb3.25&#8243; custom_padding=\u00bb|||\u00bb custom_padding__hover=\u00bb|||\u00bb][et_pb_image src=\u00bbhttps:\/\/drenthholland.com\/wp-content\/uploads\/2018\/11\/water2-1.svg\u00bb url=\u00bbhttps:\/\/drenthholland.com\/es\/industrias\/?lang=es#sludge\u00bb align=\u00bbcenter\u00bb align_tablet=\u00bbcenter\u00bb align_phone=\u00bb\u00bb align_last_edited=\u00bbon|desktop\u00bb module_class=\u00bbhome-icoon\u00bb _builder_version=\u00bb3.23&#8243; max_width=\u00bb55%\u00bb max_width_tablet=\u00bb\u00bb max_width_phone=\u00bb40%\u00bb max_width_last_edited=\u00bbon|phone\u00bb][\/et_pb_image][et_pb_text _builder_version=\u00bb4.9.10&#8243; header_3_font_size=\u00bb14px\u00bb text_orientation=\u00bbcenter\u00bb background_layout=\u00bbdark\u00bb link_option_url=\u00bb\/industries#sludge\u00bb]<\/p>\n<h3>Deshidrataci\u00f3n de lodos<\/h3>\n<p>[\/et_pb_text][\/et_pb_column][et_pb_column type=\u00bb1_6&#8243; _builder_version=\u00bb3.25&#8243; custom_padding=\u00bb|||\u00bb custom_padding__hover=\u00bb|||\u00bb][et_pb_image src=\u00bbhttps:\/\/drenthholland.com\/wp-content\/uploads\/2019\/01\/fabriekdrenth.svg\u00bb url=\u00bbhttps:\/\/drenthholland.com\/es\/industrias\/?lang=es#other\u00bb align=\u00bbcenter\u00bb align_tablet=\u00bbcenter\u00bb align_phone=\u00bb\u00bb align_last_edited=\u00bbon|desktop\u00bb module_class=\u00bbhome-icoon\u00bb _builder_version=\u00bb3.23&#8243; max_width=\u00bb52%\u00bb max_width_tablet=\u00bb\u00bb max_width_phone=\u00bb40%\u00bb max_width_last_edited=\u00bbon|phone\u00bb custom_margin=\u00bb||17px|||\u00bb][\/et_pb_image][et_pb_text _builder_version=\u00bb4.9.10&#8243; header_3_font_size=\u00bb14px\u00bb text_orientation=\u00bbcenter\u00bb background_layout=\u00bbdark\u00bb link_option_url=\u00bb\/industries#other\u00bb]<\/p>\n<h3>Otros<\/h3>\n<p>[\/et_pb_text][\/et_pb_column][\/et_pb_row][\/et_pb_section][et_pb_section fb_built=\u00bb1&#8243; _builder_version=\u00bb3.22&#8243; custom_padding=\u00bb50px|0px|54px|0px|false|false\u00bb][et_pb_row column_structure=\u00bb1_2,1_2&#8243; _builder_version=\u00bb3.25&#8243; custom_margin_tablet=\u00bb\u00bb custom_margin_phone=\u00bb-27px||\u00bb custom_margin_last_edited=\u00bbon|desktop\u00bb][et_pb_column type=\u00bb1_2&#8243; _builder_version=\u00bb3.25&#8243; custom_padding=\u00bb|||\u00bb custom_padding__hover=\u00bb|||\u00bb][et_pb_text _builder_version=\u00bb3.27.4&#8243; header_font=\u00bb||||||||\u00bb header_text_color=\u00bb#1f56a2&#8243; header_2_font=\u00bb||||||||\u00bb header_2_text_color=\u00bb#1f56a2&#8243;]<\/p>\n<h2>drenth holland<\/h2>\n<p>Drenth Holland dise\u00f1a a medida y fabrica malla de alambre industrial sint\u00e9tica y met\u00e1lica, tela filtrante, malla de alambre arquitect\u00f3nica y tejidos t\u00e9cnicos. Nuestros clientes se encuentran dentro de una amplia gama de industrias que demandan malla met\u00e1lica y sint\u00e9tica de alta calidad, que garantice la constante calidad de sus propios productos. <\/p>\n<p>Drenth Holland es sin\u00f3nimo de fiabilidad en lo que respecta a productos de alta calidad y servicio al cliente. Nos esforzamos por ser los mejores en la cadena de suministro. Esto significa que estamos comprometidos a trabajar en asociaci\u00f3n con nuestros clientes, para desarrollar las mejores soluciones para cubrir sus requisitos.<\/p>\n<p>[\/et_pb_text][\/et_pb_column][et_pb_column type=\u00bb1_2&#8243; _builder_version=\u00bb3.25&#8243; custom_padding=\u00bb|||\u00bb custom_padding__hover=\u00bb|||\u00bb][et_pb_image src=\u00bbhttps:\/\/drenthholland.com\/wp-content\/uploads\/2018\/06\/dsfadsf2.png\u00bb align_tablet=\u00bbcenter\u00bb align_phone=\u00bb\u00bb align_last_edited=\u00bbon|desktop\u00bb _builder_version=\u00bb3.23&#8243;][\/et_pb_image][\/et_pb_column][\/et_pb_row][\/et_pb_section][et_pb_section fb_built=\u00bb1&#8243; _builder_version=\u00bb4.9.10&#8243; _module_preset=\u00bbdefault\u00bb background_color=\u00bb#1F56A2&#8243;][et_pb_row column_structure=\u00bb1_2,1_2&#8243; _builder_version=\u00bb4.9.10&#8243; _module_preset=\u00bbdefault\u00bb][et_pb_column type=\u00bb1_2&#8243; _builder_version=\u00bb4.9.10&#8243; _module_preset=\u00bbdefault\u00bb][et_pb_text _builder_version=\u00bb4.9.10&#8243; _module_preset=\u00bbdefault\u00bb text_text_color=\u00bb#FFFFFF\u00bb header_text_color=\u00bb#FFFFFF\u00bb]<\/p>\n<h1>Se ha iniciado la construcci\u00f3n de la nueva nave de producci\u00f3n<\/h1>\n<p>Drenth Holland tiene su sede en Oude Pekela desde su creaci\u00f3n en 1931. Debido al crecimiento, el director general Pieter Piersma llevaba tiempo buscando un lugar adecuado para construir una nueva nave de producci\u00f3n. Lo ha conseguido. A principios de este a\u00f1o se compr\u00f3 una parcela en un lugar visible de la N367 y ahora tambi\u00e9n se ha concedido el permiso de construcci\u00f3n. La semana pasada iniciamos la construcci\u00f3n de una nave de producci\u00f3n de 1.800 m2 en la que, entre otras cosas, se instalar\u00e1 un nuevo y moderno telar que puede tejer hasta 6,5 m de ancho. Al mismo tiempo que se construye la nave de producci\u00f3n, se construir\u00e1 una nueva &#8230;<\/p>\n<p>[\/et_pb_text][et_pb_button button_url=\u00bbhttps:\/\/drenthholland.com\/es\/se-ha-iniciado-la-construccion-de-la-nueva-nave-de-produccion\/\u00bb button_text=\u00bbLee mas\u00bb _builder_version=\u00bb4.9.10&#8243; _module_preset=\u00bbdefault\u00bb][\/et_pb_button][\/et_pb_column][et_pb_column type=\u00bb1_2&#8243; _builder_version=\u00bb4.9.10&#8243; _module_preset=\u00bbdefault\u00bb][et_pb_code _builder_version=\u00bb4.9.10&#8243; _module_preset=\u00bbdefault\u00bb]<iframe loading=\"lazy\" style=\"border: 0px #ffffff none;\" src=\"https:\/\/bouwwebcam.nl\/webcam\/drenth?live\" name=\"myiFrame\" width=\"600px\" height=\"350px\" frameborder=\"0\" marginwidth=\"0px\" marginheight=\"0px\" scrolling=\"no\" allowfullscreen=\"allowfullscreen\"><\/iframe>[\/et_pb_code][\/et_pb_column][\/et_pb_row][\/et_pb_section][et_pb_section fb_built=\u00bb1&#8243; _builder_version=\u00bb3.22&#8243; use_background_color_gradient=\u00bbon\u00bb background_color_gradient_start=\u00bbrgba(30,86,163,0.78)\u00bb background_color_gradient_end=\u00bbrgba(74,76,86,0)\u00bb background_color_gradient_direction=\u00bb15deg\u00bb background_color_gradient_overlays_image=\u00bbon\u00bb background_image=\u00bbhttps:\/\/drenthholland.com\/wp-content\/uploads\/2018\/12\/combi21.jpg\u00bb custom_padding=\u00bb||||false|false\u00bb][et_pb_row _builder_version=\u00bb3.25&#8243; background_size=\u00bbinitial\u00bb background_position=\u00bbtop_left\u00bb background_repeat=\u00bbrepeat\u00bb custom_padding=\u00bb|0px||0px|false|false\u00bb][et_pb_column type=\u00bb4_4&#8243; _builder_version=\u00bb3.25&#8243; custom_padding=\u00bb|||\u00bb custom_padding__hover=\u00bb|||\u00bb][et_pb_text _builder_version=\u00bb3.27.4&#8243; text_text_color=\u00bb#2b67b1&#8243; header_font=\u00bb|600|||||||\u00bb header_text_color=\u00bb#ffffff\u00bb header_font_size=\u00bb60px\u00bb header_2_text_color=\u00bb#ffffff\u00bb header_2_font_size=\u00bb29px\u00bb custom_margin=\u00bb|||\u00bb custom_padding=\u00bb|||\u00bb]<\/p>\n<h1 style=\"text-align: center;\">PRODUCTOS E INDUSTRIAS DE MALLA DE ALAMBREs<\/h1>\n<p>[\/et_pb_text][\/et_pb_column][\/et_pb_row][\/et_pb_section][et_pb_section fb_built=\u00bb1&#8243; _builder_version=\u00bb3.22&#8243; background_color=\u00bb#ffffff\u00bb custom_padding=\u00bb34px|0px|37px|0px|false|false\u00bb][et_pb_row column_structure=\u00bb1_3,1_3,1_3&#8243; _builder_version=\u00bb3.25&#8243;][et_pb_column type=\u00bb1_3&#8243; _builder_version=\u00bb3.25&#8243; custom_padding=\u00bb|||\u00bb custom_padding__hover=\u00bb|||\u00bb][et_pb_text _builder_version=\u00bb3.27.4&#8243; background_layout=\u00bbdark\u00bb]<\/p>\n<h2><a href=\"https:\/\/drenthholland.com\/es\/industrias\/\"><span style=\"color: #1f56a2;\">Industrias\t<\/span><\/a><\/h2>\n<p>[\/et_pb_text][et_pb_text _builder_version=\u00bb3.27.4&#8243; text_font=\u00bb||||||||\u00bb text_text_color=\u00bb#ffffff\u00bb link_font=\u00bb||||||||\u00bb link_text_color=\u00bb#000000&#8243; header_font=\u00bb||||||||\u00bb header_font_size=\u00bb1px\u00bb custom_margin_tablet=\u00bb\u00bb custom_margin_phone=\u00bb-34px||\u00bb custom_margin_last_edited=\u00bbon|desktop\u00bb]<span style=\"color: #000000;\"><a href=\"https:\/\/drenthholland.com\/es\/industrias\/#paper\">Papel y cart\u00f3n <\/a><br \/>\n<\/span><span style=\"color: #000000;\"><a href=\"https:\/\/drenthholland.com\/es\/industrias\/#security\">Papel de seguridad y billetes <\/a><br \/>\n<\/span><span style=\"color: #000000;\"><a href=\"https:\/\/drenthholland.com\/es\/industrias\/#food\">Industria alimentaria, productos l\u00e1cteos incluidos<\/a><br \/>\n<\/span><span style=\"color: #000000;\"><a href=\"https:\/\/drenthholland.com\/es\/industrias\/#chipboard\">Paneles a base de madera (MDF\/OSB)<\/a><br \/>\n<\/span><a href=\"https:\/\/drenthholland.com\/es\/industrias\/#sludge\"><span style=\"color: #000000;\">Deshidrataci\u00f3n de lodos \u00a0<\/span><\/a><br \/>\n<\/span><a href=\"https:\/\/drenthholland.com\/es\/industrias\/#other\"><span style=\"color: #000000;\">Otros\u00a0<\/span><\/a>[\/et_pb_text][\/et_pb_column][et_pb_column type=\u00bb1_3&#8243; _builder_version=\u00bb3.25&#8243; custom_padding=\u00bb|||\u00bb custom_padding__hover=\u00bb|||\u00bb][et_pb_text _builder_version=\u00bb3.27.4&#8243; background_layout=\u00bbdark\u00bb]<\/p>\n<h2><a href=\"https:\/\/drenthholland.com\/es\/productos\/\"><span style=\"color: #1f56a2;\">Productos\t<\/span><\/a><\/h2>\n<p>[\/et_pb_text][et_pb_text _builder_version=\u00bb3.27.4&#8243; text_font=\u00bb||||||||\u00bb text_text_color=\u00bb#ffffff\u00bb link_font=\u00bb||||||||\u00bb link_text_color=\u00bb#000000&#8243; custom_margin_tablet=\u00bb\u00bb custom_margin_phone=\u00bb-34px||\u00bb custom_margin_last_edited=\u00bbon|desktop\u00bb]<\/p>\n<p><span style=\"color: #000000;\"><strong><a href=\"https:\/\/drenthholland.com\/es\/productos\/#metalwiremesh\">Malla de alambre met\u00e1lico<\/a><br \/> <\/strong><a href=\"https:\/\/drenthholland.com\/es\/productos\/#metal\">Malla de alambre met\u00e1lico &#8211; acero inoxidable<\/a><\/span><br \/> <a href=\"https:\/\/drenthholland.com\/es\/productos\/#architectural\"><span style=\"color: #000000;\">Malla de alambre met\u00e1lico &#8211; bronce fosforado<\/span><\/a><\/p>\n<p class=\"p2\">[\/et_pb_text][\/et_pb_column][et_pb_column type=\u00bb1_3&#8243; _builder_version=\u00bb3.25&#8243; custom_padding=\u00bb|||\u00bb custom_padding__hover=\u00bb|||\u00bb][et_pb_divider show_divider=\u00bboff\u00bb _builder_version=\u00bb3.19.3&#8243; height=\u00bb60px\u00bb custom_margin_tablet=\u00bb\u00bb custom_margin_phone=\u00bb-36px||\u00bb custom_margin_last_edited=\u00bbon|desktop\u00bb][\/et_pb_divider][et_pb_text _builder_version=\u00bb3.27.4&#8243; text_font=\u00bb||||||||\u00bb text_text_color=\u00bb#000000&#8243; link_font=\u00bb||||||||\u00bb link_text_color=\u00bb#000000&#8243; header_font=\u00bb||||||||\u00bb custom_margin=\u00bb||\u00bb custom_margin_tablet=\u00bb\u00bb custom_margin_phone=\u00bb-54px||\u00bb custom_margin_last_edited=\u00bbon|desktop\u00bb custom_padding=\u00bb||\u00bb]<\/p>\n<p><span><strong><a href=\"https:\/\/drenthholland.com\/es\/productos\/#wiremesh\">Malla de alambre sint\u00e9tico<\/a><br \/> <\/strong><a href=\"https:\/\/drenthholland.com\/es\/productos\/#polypropylene\">Malla de alambre de poli\u00e9ster<\/a><\/span><br \/> <a href=\"https:\/\/drenthholland.com\/es\/productos\/#polypropylene\"><span> Malla de alambre de polipropileno<\/span><\/a><br \/> <a href=\"https:\/\/drenthholland.com\/es\/productos\/#synthetic\"><span> Malla de alambre en espiral de poli\u00e9ster<\/span><\/a><\/p>\n<p>[\/et_pb_text][\/et_pb_column][\/et_pb_row][\/et_pb_section][et_pb_section fb_built=\u00bb1&#8243; _builder_version=\u00bb3.22&#8243; use_background_color_gradient=\u00bbon\u00bb background_color_gradient_start=\u00bbrgba(30,86,163,0.5)\u00bb background_color_gradient_end=\u00bbrgba(74,76,86,0.78)\u00bb background_color_gradient_direction=\u00bb15deg\u00bb background_color_gradient_overlays_image=\u00bbon\u00bb background_image=\u00bbhttps:\/\/drenthholland.com\/wp-content\/uploads\/2018\/12\/FGW2176.jpg\u00bb custom_padding=\u00bb||||false|false\u00bb][et_pb_row _builder_version=\u00bb3.25&#8243; background_size=\u00bbinitial\u00bb background_position=\u00bbtop_left\u00bb background_repeat=\u00bbrepeat\u00bb custom_padding=\u00bb|0px||0px|false|false\u00bb][et_pb_column type=\u00bb4_4&#8243; _builder_version=\u00bb3.25&#8243; custom_padding=\u00bb|||\u00bb custom_padding__hover=\u00bb|||\u00bb][et_pb_text _builder_version=\u00bb3.27.4&#8243; text_text_color=\u00bb#2b67b1&#8243; header_font=\u00bb|600|||||||\u00bb header_text_color=\u00bb#ffffff\u00bb header_font_size=\u00bb60px\u00bb header_2_text_color=\u00bb#ffffff\u00bb header_2_font_size=\u00bb29px\u00bb custom_margin=\u00bb|||\u00bb custom_padding=\u00bb|||\u00bb]<\/p>\n<h1 style=\"text-align: center;\">m\u00e1s de 35 pa\u00edses en todo el mundo<\/h1>\n<p>[\/et_pb_text][\/et_pb_column][\/et_pb_row][\/et_pb_section][et_pb_section fb_built=\u00bb1&#8243; next_background_color=\u00bb#eff1f4&#8243; _builder_version=\u00bb3.22&#8243; top_divider_height=\u00bb198px\u00bb bottom_divider_style=\u00bbramp\u00bb bottom_divider_height=\u00bb63px\u00bb bottom_divider_flip=\u00bbvertical|horizontal\u00bb][et_pb_row column_structure=\u00bb1_2,1_2&#8243; _builder_version=\u00bb3.25&#8243; custom_padding=\u00bb27px|0px|59px|0px|false|false\u00bb][et_pb_column type=\u00bb1_2&#8243; _builder_version=\u00bb3.25&#8243; custom_padding=\u00bb|||\u00bb custom_padding__hover=\u00bb|||\u00bb][et_pb_text _builder_version=\u00bb3.27.4&#8243; header_font=\u00bb||||||||\u00bb header_text_color=\u00bb#1f56a2&#8243; header_2_font=\u00bb||||||||\u00bb header_2_text_color=\u00bb#1f56a2&#8243;]<\/p>\n<h2>Productos hechos a medida<\/h2>\n<p>Drenth Holland se estableci\u00f3 como una empresa familiar y, actualmente, sigue siendo una empresa familiar. A lo largo de los a\u00f1os, nuestro enfoque siempre ha sido crear asociaciones a largo plazo con nuestros clientes. Esto significa trabajar estrechamente con nuestros clientes para dise\u00f1ar y suministrar productos que cumplan con precisi\u00f3n sus requisitos precisos. Drenth Holland se especializa en malla met\u00e1lica de alambre tejido, tela de filtro monofilamento sint\u00e9tico y tela de alambre en espiral.<\/p>\n<p>[\/et_pb_text][\/et_pb_column][et_pb_column type=\u00bb1_2&#8243; _builder_version=\u00bb3.25&#8243; custom_padding=\u00bb|||\u00bb custom_padding__hover=\u00bb|||\u00bb][\/et_pb_column][\/et_pb_row][\/et_pb_section][et_pb_section fb_built=\u00bb1&#8243; _builder_version=\u00bb3.22&#8243; background_color=\u00bb#eff1f4&#8243; custom_padding=\u00bb10px|0px|0|0px|false|false\u00bb top_divider_color=\u00bb#1f56a2&#8243; bottom_divider_style=\u00bbramp\u00bb bottom_divider_color=\u00bb#1f56a2&#8243; bottom_divider_height=\u00bb118px\u00bb bottom_divider_flip=\u00bbvertical\u00bb][et_pb_row column_structure=\u00bb1_2,1_2&#8243; _builder_version=\u00bb3.25&#8243;][et_pb_column type=\u00bb1_2&#8243; _builder_version=\u00bb3.25&#8243; custom_padding=\u00bb|||\u00bb custom_padding__hover=\u00bb|||\u00bb][et_pb_text _builder_version=\u00bb3.27.4&#8243;][\/et_pb_text][\/et_pb_column][et_pb_column type=\u00bb1_2&#8243; _builder_version=\u00bb3.25&#8243; custom_padding=\u00bb|||\u00bb custom_padding__hover=\u00bb|||\u00bb][\/et_pb_column][\/et_pb_row][\/et_pb_section]<\/p>\n","protected":false},"excerpt":{"rendered":"<p>Metal &amp; plastic weavingPapel y cart\u00f3nPapel de seguridad y billetesIndustria alimentaria, productos l\u00e1cteos incluidosPaneles a base de madera(MDF\/OSB)Deshidrataci\u00f3n de lodosOtrosdrenth hollandDrenth Holland dise\u00f1a a medida y fabrica malla de alambre industrial sint\u00e9tica y met\u00e1lica, tela filtrante, malla de alambre arquitect\u00f3nica y tejidos t\u00e9cnicos. Nuestros clientes se encuentran dentro de una amplia gama de industrias que [&hellip;]<\/p>\n","protected":false},"author":6,"featured_media":0,"parent":0,"menu_order":0,"comment_status":"closed","ping_status":"closed","template":"","meta":{"_et_pb_use_builder":"on","_et_pb_old_content":"","_et_gb_content_width":"","inline_featured_image":false,"footnotes":""},"class_list":["post-1764","page","type-page","status-publish","hentry"],"_links":{"self":[{"href":"https:\/\/drenthholland.com\/es\/wp-json\/wp\/v2\/pages\/1764","targetHints":{"allow":["GET"]}}],"collection":[{"href":"https:\/\/drenthholland.com\/es\/wp-json\/wp\/v2\/pages"}],"about":[{"href":"https:\/\/drenthholland.com\/es\/wp-json\/wp\/v2\/types\/page"}],"author":[{"embeddable":true,"href":"https:\/\/drenthholland.com\/es\/wp-json\/wp\/v2\/users\/6"}],"replies":[{"embeddable":true,"href":"https:\/\/drenthholland.com\/es\/wp-json\/wp\/v2\/comments?post=1764"}],"version-history":[{"count":7,"href":"https:\/\/drenthholland.com\/es\/wp-json\/wp\/v2\/pages\/1764\/revisions"}],"predecessor-version":[{"id":2463,"href":"https:\/\/drenthholland.com\/es\/wp-json\/wp\/v2\/pages\/1764\/revisions\/2463"}],"wp:attachment":[{"href":"https:\/\/drenthholland.com\/es\/wp-json\/wp\/v2\/media?parent=1764"}],"curies":[{"name":"wp","href":"https:\/\/api.w.org\/{rel}","templated":true}]}}