{"id":1777,"date":"2019-02-18T10:03:59","date_gmt":"2019-02-18T09:03:59","guid":{"rendered":"https:\/\/drenthholland.com\/la-compania\/"},"modified":"2024-10-08T10:42:55","modified_gmt":"2024-10-08T08:42:55","slug":"la-compania","status":"publish","type":"page","link":"https:\/\/drenthholland.com\/es\/la-compania\/","title":{"rendered":"La compa\u00f1\u00eda"},"content":{"rendered":"<p>[et_pb_section fb_built=\u00bb1&#8243; module_class=\u00bbhoofd\u00bb _builder_version=\u00bb3.22&#8243; use_background_color_gradient=\u00bbon\u00bb background_color_gradient_start=\u00bbrgba(0,20,94,0.39)\u00bb background_color_gradient_end=\u00bbrgba(102,141,186,0)\u00bb background_color_gradient_direction=\u00bb360deg\u00bb background_color_gradient_start_position=\u00bb11%\u00bb background_color_gradient_overlays_image=\u00bbon\u00bb background_image=\u00bbhttps:\/\/drenthholland.com\/wp-content\/uploads\/2018\/12\/DFGW2238-2.jpg\u00bb custom_padding=\u00bb76px|0px|0|0px|false|false\u00bb][et_pb_row _builder_version=\u00bb3.25&#8243; background_size=\u00bbinitial\u00bb background_position=\u00bbtop_left\u00bb background_repeat=\u00bbrepeat\u00bb custom_padding=\u00bb0px|0px|0|0px|false|false\u00bb][et_pb_column type=\u00bb4_4&#8243; _builder_version=\u00bb3.25&#8243; custom_padding=\u00bb|||\u00bb custom_padding__hover=\u00bb|||\u00bb][et_pb_text _builder_version=\u00bb3.27.4&#8243; text_font=\u00bb|800|||||||\u00bb text_text_color=\u00bb#ffffff\u00bb header_font=\u00bb|800|||||||\u00bb header_text_color=\u00bb#ffffff\u00bb header_font_size=\u00bb60px\u00bb header_line_height=\u00bb1.4em\u00bb header_2_text_color=\u00bb#ffffff\u00bb header_2_font_size=\u00bb29px\u00bb text_orientation=\u00bbright\u00bb custom_margin=\u00bb70px||0px|\u00bb custom_padding=\u00bb0px||0px|\u00bb header_font_size_tablet=\u00bb\u00bb header_font_size_phone=\u00bb45px\u00bb header_font_size_last_edited=\u00bbon|phone\u00bb text_text_shadow_style=\u00bbpreset1&#8243; text_text_shadow_horizontal_length=\u00bb-0.07em\u00bb text_text_shadow_vertical_length=\u00bb0.29em\u00bb text_text_shadow_blur_strength=\u00bb1.02em\u00bb text_text_shadow_color=\u00bb#282868&#8243;]<\/p>\n<h1>La compa\u00f1\u00eda<\/h1>\n<p>[\/et_pb_text][\/et_pb_column][\/et_pb_row][\/et_pb_section][et_pb_section fb_built=\u00bb1&#8243; disabled_on=\u00bbon|off|off\u00bb admin_label=\u00bbBest Beans\u00bb _builder_version=\u00bb3.22&#8243; background_color_gradient_direction=\u00bb90deg\u00bb custom_padding=\u00bb0px|0px|0px|0px\u00bb][et_pb_row use_custom_gutter=\u00bbon\u00bb gutter_width=\u00bb1&#8243; make_equal=\u00bbon\u00bb admin_label=\u00bbBest Beans Row\u00bb module_class=\u00bbcustom_row et_pb_row_fullwidth\u00bb _builder_version=\u00bb3.25&#8243; width=\u00bb100%\u00bb width_tablet=\u00bb100%\u00bb width_last_edited=\u00bbon|desktop\u00bb max_width=\u00bb100%\u00bb max_width_tablet=\u00bb100%\u00bb max_width_last_edited=\u00bbon|desktop\u00bb custom_margin=\u00bb|||\u00bb custom_padding=\u00bb0px|0px|0px|0px\u00bb custom_css_main_element=\u00bbmin-height: 500px\u00bb make_fullwidth=\u00bbon\u00bb column_structure=\u00bb1_2,1_2&#8243;][et_pb_column type=\u00bb1_2&#8243; module_class=\u00bbsecond-on-mobile\u00bb _builder_version=\u00bb3.25&#8243; background_image=\u00bbhttps:\/\/drenthholland.com\/wp-content\/uploads\/2018\/10\/HdV07016_103.jpg\u00bb custom_padding=\u00bb100px|10%|100px|10%\u00bb custom_padding_last_edited=\u00bbon|desktop\u00bb padding_last_edited=\u00bbon|desktop\u00bb custom_padding__hover=\u00bb|||\u00bb][\/et_pb_column][et_pb_column type=\u00bb1_2&#8243; module_class=\u00bbfirst-on-mobile\u00bb _builder_version=\u00bb3.25&#8243; custom_padding=\u00bb|||\u00bb custom_padding_phone=\u00bb||200px\u00bb custom_padding_last_edited=\u00bbon|desktop\u00bb padding_phone=\u00bb||200px\u00bb padding_last_edited=\u00bbon|desktop\u00bb custom_padding__hover=\u00bb|||\u00bb][et_pb_text _builder_version=\u00bb3.27.4&#8243; header_font=\u00bb||||||||\u00bb header_text_color=\u00bb#1f56a2&#8243; header_2_font=\u00bb||||||||\u00bb header_2_text_color=\u00bb#1f56a2&#8243; custom_margin=\u00bb8%|30%||10%\u00bb custom_margin_tablet=\u00bb\u00bb custom_margin_phone=\u00bb12%|10%||10%\u00bb custom_margin_last_edited=\u00bbon|phone\u00bb locked=\u00bboff\u00bb]<\/p>\n<h2>Historia<\/h2>\n<p>Drenth Holland se estableci\u00f3 en 1931 con el objetivo de producir malla de alambre para la industria del papel del norte de los Pa\u00edses Bajos. Cuando la industria del papel comenz\u00f3 a replegarse en esta zona, ampliamos nuestra gama de productos a la tela tejida para otras industrias y, posteriormente, al alambre de poli\u00e9ster. En la actualidad, Drenth Holland produce malla de alambre a medida para varias industrias en m\u00e1s de treinta y cinco pa\u00edses de todo el mundo. Estamos comprometidos con la satisfacci\u00f3n del cliente y con las asociaciones a largo plazo con nuestros clientes. <\/p>\n<p>[\/et_pb_text][\/et_pb_column][\/et_pb_row][\/et_pb_section][et_pb_section fb_built=\u00bb1&#8243; disabled_on=\u00bboff|on|on\u00bb admin_label=\u00bbBest Beans\u00bb _builder_version=\u00bb3.22&#8243; background_color_gradient_direction=\u00bb90deg\u00bb custom_padding=\u00bb0px|0px|0px|0px\u00bb][et_pb_row use_custom_gutter=\u00bbon\u00bb gutter_width=\u00bb1&#8243; make_equal=\u00bbon\u00bb admin_label=\u00bbBest Beans Row\u00bb module_class=\u00bbcustom_row et_pb_row_fullwidth\u00bb _builder_version=\u00bb3.25&#8243; width=\u00bb100%\u00bb width_tablet=\u00bb100%\u00bb width_last_edited=\u00bbon|desktop\u00bb max_width=\u00bb100%\u00bb max_width_tablet=\u00bb100%\u00bb max_width_last_edited=\u00bbon|desktop\u00bb custom_margin=\u00bb|||\u00bb custom_padding=\u00bb0px|0px|0|0px|false|false\u00bb custom_css_main_element=\u00bbmin-height: 500px\u00bb make_fullwidth=\u00bbon\u00bb][et_pb_column type=\u00bb4_4&#8243; module_class=\u00bbsecond-on-mobile\u00bb _builder_version=\u00bb3.25&#8243; custom_padding=\u00bb100px|10%|100px|10%\u00bb custom_padding_last_edited=\u00bbon|desktop\u00bb padding_last_edited=\u00bbon|desktop\u00bb custom_padding__hover=\u00bb|||\u00bb][et_pb_text _builder_version=\u00bb3.27.4&#8243; header_font=\u00bb||||||||\u00bb header_text_color=\u00bb#1f56a2&#8243; header_2_font=\u00bb||||||||\u00bb header_2_text_color=\u00bb#1f56a2&#8243; custom_margin=\u00bb0px||\u00bb custom_margin_tablet=\u00bb\u00bb custom_margin_phone=\u00bb-54px|||\u00bb custom_margin_last_edited=\u00bbon|desktop\u00bb custom_padding=\u00bb||\u00bb]<\/p>\n<h2>Historia<\/h2>\n<p>Drenth Holland se estableci\u00f3 en 1931 con el objetivo de producir malla de alambre para la industria del papel del norte de los Pa\u00edses Bajos. Cuando la industria del papel comenz\u00f3 a replegarse en esta zona, ampliamos nuestra gama de productos a la tela tejida para otras industrias y, posteriormente, al alambre de poli\u00e9ster. En la actualidad, Drenth Holland produce malla de alambre a medida para varias industrias en m\u00e1s de treinta y cinco pa\u00edses de todo el mundo. Estamos comprometidos con la satisfacci\u00f3n del cliente y con las asociaciones a largo plazo con nuestros clientes. <\/p>\n<p>[\/et_pb_text][\/et_pb_column][\/et_pb_row][\/et_pb_section][et_pb_section fb_built=\u00bb1&#8243; admin_label=\u00bbBest Beans\u00bb module_id=\u00bbhistory\u00bb _builder_version=\u00bb3.22&#8243; background_color_gradient_direction=\u00bb90deg\u00bb custom_margin_tablet=\u00bb\u00bb custom_margin_phone=\u00bb-108px||\u00bb custom_margin_last_edited=\u00bbon|desktop\u00bb custom_padding=\u00bb0px|0px|0px|0px\u00bb][et_pb_row use_custom_gutter=\u00bbon\u00bb gutter_width=\u00bb1&#8243; make_equal=\u00bbon\u00bb custom_padding_last_edited=\u00bbon|desktop\u00bb disabled_on=\u00bbon|off|off\u00bb admin_label=\u00bbBest Beans Row\u00bb module_id=\u00bbiso\u00bb module_class=\u00bb et_pb_row_fullwidth\u00bb _builder_version=\u00bb3.25&#8243; width=\u00bb100%\u00bb width_tablet=\u00bb100%\u00bb width_last_edited=\u00bbon|desktop\u00bb max_width=\u00bb100%\u00bb max_width_tablet=\u00bb100%\u00bb max_width_last_edited=\u00bbon|desktop\u00bb custom_margin=\u00bb|||\u00bb custom_padding=\u00bb0px|0px|0px|0px\u00bb custom_padding_tablet=\u00bb||50px|\u00bb custom_padding_phone=\u00bb||70px|\u00bb make_fullwidth=\u00bbon\u00bb column_structure=\u00bb1_2,1_2&#8243;][et_pb_column type=\u00bb1_2&#8243; _builder_version=\u00bb3.25&#8243; custom_padding=\u00bb100px|10%|100px|10%\u00bb custom_padding__hover=\u00bb|||\u00bb][et_pb_text _builder_version=\u00bb4.9.10&#8243; text_font=\u00bb||||||||\u00bb header_font=\u00bb||||||||\u00bb header_text_color=\u00bb#1f56a2&#8243; header_2_font=\u00bb||||||||\u00bb header_2_text_color=\u00bb#1f56a2&#8243; custom_margin_tablet=\u00bb\u00bb custom_margin_phone=\u00bb-54px||-8%\u00bb custom_margin_last_edited=\u00bbon|phone\u00bb hover_enabled=\u00bb0&#8243; sticky_enabled=\u00bb0&#8243;]<\/p>\n<h2>ISO 9001<\/h2>\n<p><span>Drenth Holland se esfuerza por conseguir la m\u00e1xima satisfacci\u00f3n de sus clientes y quiere ofrecer la mayor calidad posible, raz\u00f3n por la cual cuenta con la certificaci\u00f3n ISO 9001:2015, la norma internacional para sistemas de gesti\u00f3n de calidad. Mediante auditor\u00edas internas y auditor\u00edas externas anuales, comprobamos el control de nuestros procesos de negocio y mejoramos continuamente nuestros productos, servicios y procesos internos. El sistema de gesti\u00f3n de calidad ISO 9001 nos ayuda a satisfacer mejor las altas expectativas y necesidades de nuestros clientes. <span style=\"text-decoration: underline;\"><a href=\"https:\/\/drenthholland.com\/wp-content\/uploads\/2024\/10\/ISO9001-Certificaat-880047-2-2024-ENG.pdf\" rel=\"attachment wp-att-1918 noopener noreferrer\" target=\"_blank\">Haga clic aqu\u00ed para descargar nuestro certificado ISO 9001:2015.<\/a><\/span><\/span><\/p>\n<p><a href=\"https:\/\/drenthholland.com\/wp-content\/uploads\/2024\/10\/ISO9001-Certificaat-880047-2-2024-ENG.pdf\"><span lang=\"EN-US\"><img loading=\"lazy\" decoding=\"async\" src=\"https:\/\/drenthholland.com\/wp-content\/uploads\/2019\/11\/C_ISO9001_fc-01-1-298x300.jpg\" width=\"88\" height=\"89\" alt=\"\" class=\"wp-image-1903 alignnone size-medium\" srcset=\"https:\/\/drenthholland.com\/wp-content\/uploads\/2019\/11\/C_ISO9001_fc-01-1-298x300.jpg 298w, https:\/\/drenthholland.com\/wp-content\/uploads\/2019\/11\/C_ISO9001_fc-01-1-150x150.jpg 150w, https:\/\/drenthholland.com\/wp-content\/uploads\/2019\/11\/C_ISO9001_fc-01-1.jpg 413w\" sizes=\"auto, (max-width: 88px) 100vw, 88px\" \/><\/span><\/a><\/p>\n<p>[\/et_pb_text][\/et_pb_column][et_pb_column type=\u00bb1_2&#8243; _builder_version=\u00bb3.25&#8243; background_image=\u00bbhttps:\/\/drenthholland.com\/wp-content\/uploads\/2019\/11\/gh-s.jpg\u00bb custom_padding=\u00bb|||\u00bb custom_padding_phone=\u00bb|||||\u00bb custom_padding_last_edited=\u00bbon|desktop\u00bb padding_phone=\u00bb|||||\u00bb padding_last_edited=\u00bbon|desktop\u00bb custom_padding__hover=\u00bb|||\u00bb][\/et_pb_column][\/et_pb_row][et_pb_row use_custom_gutter=\u00bbon\u00bb gutter_width=\u00bb1&#8243; make_equal=\u00bbon\u00bb disabled_on=\u00bboff|on|on\u00bb admin_label=\u00bbBest Beans Row\u00bb module_id=\u00bbiso\u00bb module_class=\u00bb et_pb_row_fullwidth\u00bb _builder_version=\u00bb3.25&#8243; width=\u00bb100%\u00bb width_tablet=\u00bb100%\u00bb width_last_edited=\u00bbon|desktop\u00bb max_width=\u00bb100%\u00bb max_width_tablet=\u00bb100%\u00bb max_width_last_edited=\u00bbon|desktop\u00bb custom_margin=\u00bb|||\u00bb custom_padding=\u00bb0px|0px|0px|0px\u00bb custom_css_main_element=\u00bbmin-height: 500px\u00bb make_fullwidth=\u00bbon\u00bb column_structure=\u00bb1_2,1_2&#8243;][et_pb_column type=\u00bb1_2&#8243; _builder_version=\u00bb3.25&#8243; background_image=\u00bbhttps:\/\/drenthholland.com\/wp-content\/uploads\/2019\/11\/gh-s.jpg\u00bb background_position=\u00bbbottom_center\u00bb custom_padding=\u00bb100px|10%|100px|10%\u00bb custom_padding__hover=\u00bb|||\u00bb][\/et_pb_column][et_pb_column type=\u00bb1_2&#8243; _builder_version=\u00bb3.25&#8243; custom_padding=\u00bb|||\u00bb custom_padding__hover=\u00bb|||\u00bb][et_pb_text _builder_version=\u00bb3.27.4&#8243; header_font=\u00bb||||||||\u00bb header_text_color=\u00bb#1f56a2&#8243; header_2_font=\u00bb||||||||\u00bb header_2_text_color=\u00bb#1f56a2&#8243; custom_margin=\u00bb8%|30%||10%\u00bb custom_margin_tablet=\u00bb\u00bb custom_margin_phone=\u00bb12%|10%||10%\u00bb custom_margin_last_edited=\u00bbon|phone\u00bb locked=\u00bboff\u00bb]<\/p>\n<h2>ISO 9001<\/h2>\n<p><span>Drenth Holland se esfuerza por conseguir la m\u00e1xima satisfacci\u00f3n de sus clientes y quiere ofrecer la mayor calidad posible, raz\u00f3n por la cual cuenta con la certificaci\u00f3n ISO 9001:2015, la norma internacional para sistemas de gesti\u00f3n de calidad. Mediante auditor\u00edas internas y auditor\u00edas externas anuales, comprobamos el control de nuestros procesos de negocio y mejoramos continuamente nuestros productos, servicios y procesos internos. El sistema de gesti\u00f3n de calidad ISO 9001 nos ayuda a satisfacer mejor las altas expectativas y necesidades de nuestros clientes. <a href=\"https:\/\/drenthholland.com\/wp-content\/uploads\/2019\/11\/ISO-9001-Drenth-Holland-tm-030821.pdf\" rel=\"attachment wp-att-1918 noopener noreferrer\" target=\"_blank\">Haga clic aqu\u00ed para descargar nuestro certificado ISO 9001:2015.<\/a><\/span><\/p>\n<p><span lang=\"EN-US\"><img loading=\"lazy\" decoding=\"async\" src=\"https:\/\/drenthholland.com\/wp-content\/uploads\/2019\/11\/C_ISO9001_fc-01-1-298x300.jpg\" width=\"88\" height=\"89\" alt=\"\" class=\"wp-image-1903 alignnone size-medium\" srcset=\"https:\/\/drenthholland.com\/wp-content\/uploads\/2019\/11\/C_ISO9001_fc-01-1-298x300.jpg 298w, https:\/\/drenthholland.com\/wp-content\/uploads\/2019\/11\/C_ISO9001_fc-01-1-150x150.jpg 150w, https:\/\/drenthholland.com\/wp-content\/uploads\/2019\/11\/C_ISO9001_fc-01-1.jpg 413w\" sizes=\"auto, (max-width: 88px) 100vw, 88px\" \/><\/span>[\/et_pb_text][\/et_pb_column][\/et_pb_row][et_pb_row use_custom_gutter=\u00bbon\u00bb gutter_width=\u00bb1&#8243; make_equal=\u00bbon\u00bb admin_label=\u00bbBest Beans Row\u00bb module_class=\u00bb et_pb_row_fullwidth\u00bb _builder_version=\u00bb3.25&#8243; width=\u00bb100%\u00bb width_tablet=\u00bb100%\u00bb width_last_edited=\u00bbon|desktop\u00bb max_width=\u00bb100%\u00bb max_width_tablet=\u00bb100%\u00bb max_width_last_edited=\u00bbon|desktop\u00bb custom_margin=\u00bb|||\u00bb custom_padding=\u00bb0px|0px|0px|0px\u00bb custom_css_main_element=\u00bbmin-height: 500px\u00bb make_fullwidth=\u00bbon\u00bb column_structure=\u00bb1_2,1_2&#8243;][et_pb_column type=\u00bb1_2&#8243; _builder_version=\u00bb3.25&#8243; background_image=\u00bbhttps:\/\/drenthholland.com\/wp-content\/uploads\/2018\/12\/DFGW1974.jpg\u00bb background_position=\u00bbbottom_center\u00bb custom_padding=\u00bb100px|10%|100px|10%\u00bb custom_padding__hover=\u00bb|||\u00bb][\/et_pb_column][et_pb_column type=\u00bb1_2&#8243; _builder_version=\u00bb3.25&#8243; custom_padding=\u00bb|||\u00bb custom_padding__hover=\u00bb|||\u00bb][et_pb_text _builder_version=\u00bb3.27.4&#8243; header_font=\u00bb||||||||\u00bb header_text_color=\u00bb#1f56a2&#8243; header_2_font=\u00bb||||||||\u00bb header_2_text_color=\u00bb#1f56a2&#8243; custom_margin=\u00bb8%|30%||10%\u00bb custom_margin_tablet=\u00bb\u00bb custom_margin_phone=\u00bb12%|10%||10%\u00bb custom_margin_last_edited=\u00bbon|phone\u00bb locked=\u00bboff\u00bb]<\/p>\n<h2>Acerca de nosotros <\/h2>\n<p><a href=\"http:\/\/www.drenthholland.com\/?site_id=137&amp;pag_id=54247\">Drenth Holland se especializa en malla met\u00e1lica de alambre tejido, tela de filtro monofilamento sint\u00e9tico y tela de alambre en espiral. Somos una empresa familiar con un largo historial de cumplimiento de los requisitos espec\u00edficos de nuestros clientes. Trabajamos para desarrollar asociaciones a largo plazo con nuestros clientes, que dependen de nosotros para obtener productos de alta calidad que satisfacen sus necesidades espec\u00edficas. Todos nuestros productos est\u00e1n totalmente respaldados por nuestro asesoramiento y servicio especializado, antes y despu\u00e9s de la venta. <\/p>\n<p>&nbsp;<\/p>\n<p>[\/et_pb_text][\/et_pb_column][\/et_pb_row][\/et_pb_section][et_pb_section fb_built=\u00bb1&#8243; admin_label=\u00bbBest Beans\u00bb module_id=\u00bbabout\u00bb _builder_version=\u00bb3.22&#8243; background_color_gradient_direction=\u00bb90deg\u00bb custom_padding=\u00bb0px|0px|0px|0px\u00bb][et_pb_row use_custom_gutter=\u00bbon\u00bb gutter_width=\u00bb1&#8243; make_equal=\u00bbon\u00bb admin_label=\u00bbBest Beans Row\u00bb module_class=\u00bbcustom_row et_pb_row_fullwidth\u00bb _builder_version=\u00bb3.25&#8243; width=\u00bb100%\u00bb width_tablet=\u00bb100%\u00bb width_last_edited=\u00bbon|desktop\u00bb max_width=\u00bb100%\u00bb max_width_tablet=\u00bb100%\u00bb max_width_last_edited=\u00bbon|desktop\u00bb custom_margin=\u00bb|||\u00bb custom_padding=\u00bb0px|0px|0|0px|false|false\u00bb custom_css_main_element=\u00bbmin-height: 500px\u00bb make_fullwidth=\u00bbon\u00bb column_structure=\u00bb1_2,1_2&#8243;][et_pb_column type=\u00bb1_2&#8243; module_class=\u00bbsecond-on-mobile\u00bb _builder_version=\u00bb3.25&#8243; custom_padding=\u00bb100px|10%|100px|10%\u00bb custom_padding__hover=\u00bb|||\u00bb][et_pb_text _builder_version=\u00bb3.27.4&#8243; text_font=\u00bb||||||||\u00bb header_font=\u00bb||||||||\u00bb header_text_color=\u00bb#1f56a2&#8243; header_2_font=\u00bb||||||||\u00bb header_2_text_color=\u00bb#1f56a2&#8243; custom_margin_tablet=\u00bb\u00bb custom_margin_phone=\u00bb-54px||-8%\u00bb custom_margin_last_edited=\u00bbon|phone\u00bb]<\/p>\n<h2>Nuestros valores; calidad y orientaci\u00f3n al cliente<\/h2>\n<p>Diariamente, nos centramos en nuestros clientes:<\/p>\n<ul>\n<li>Con la mejor cadena de suministro;<\/li>\n<li>No comprometiendo la calidad de nuestros productos, soluciones y servicios;<\/li>\n<li>Investigando y entendiendo completamente nuestros mercados seleccionados;<\/li>\n<li>Trabajando con los clientes para construir asociaciones a largo plazo para beneficio mutuo;<\/li>\n<li>Entendiendo c\u00f3mo nuestras decisiones de negocios afectar\u00e1n a nuestros clientes;<\/li>\n<li>Cumpliendo nuestras promesas y compromisos.<\/li>\n<\/ul>\n<p>[\/et_pb_text][\/et_pb_column][et_pb_column type=\u00bb1_2&#8243; module_class=\u00bbfirst-on-mobile\u00bb _builder_version=\u00bb3.25&#8243; background_image=\u00bbhttps:\/\/drenthholland.com\/wp-content\/uploads\/2018\/12\/DFGW1955.jpg\u00bb custom_padding=\u00bb|||\u00bb custom_padding_phone=\u00bb||200px|\u00bb custom_padding_last_edited=\u00bbon|phone\u00bb padding_phone=\u00bb||200px|\u00bb padding_last_edited=\u00bbon|phone\u00bb custom_padding__hover=\u00bb|||\u00bb][\/et_pb_column][\/et_pb_row][\/et_pb_section][et_pb_section fb_built=\u00bb1&#8243; admin_label=\u00bbBest Beans\u00bb module_id=\u00bbvalue\u00bb _builder_version=\u00bb3.22&#8243; background_color_gradient_direction=\u00bb90deg\u00bb custom_padding=\u00bb0px|0px|0px|0px\u00bb top_divider_color=\u00bb#1f56a2&#8243; bottom_divider_style=\u00bbramp\u00bb bottom_divider_color=\u00bb#1f56a2&#8243; bottom_divider_flip=\u00bbvertical\u00bb bottom_divider_arrangement=\u00bbabove_content\u00bb][et_pb_row use_custom_gutter=\u00bbon\u00bb gutter_width=\u00bb1&#8243; make_equal=\u00bbon\u00bb custom_padding_last_edited=\u00bbon|desktop\u00bb admin_label=\u00bbBest Beans Row\u00bb module_class=\u00bb et_pb_row_fullwidth\u00bb _builder_version=\u00bb3.25&#8243; width=\u00bb100%\u00bb width_tablet=\u00bb100%\u00bb width_last_edited=\u00bbon|desktop\u00bb max_width=\u00bb100%\u00bb max_width_tablet=\u00bb100%\u00bb max_width_last_edited=\u00bbon|desktop\u00bb custom_margin=\u00bb|||\u00bb custom_padding=\u00bb0px|0px|0px|0px\u00bb custom_padding_tablet=\u00bb||50px|\u00bb custom_padding_phone=\u00bb||70px|\u00bb make_fullwidth=\u00bbon\u00bb column_structure=\u00bb1_2,1_2&#8243;][et_pb_column type=\u00bb1_2&#8243; _builder_version=\u00bb3.25&#8243; background_image=\u00bbhttps:\/\/drenthholland.com\/wp-content\/uploads\/2018\/12\/DFGW1899.jpg\u00bb custom_padding=\u00bb100px|10%|100px|10%\u00bb custom_padding__hover=\u00bb|||\u00bb][\/et_pb_column][et_pb_column type=\u00bb1_2&#8243; _builder_version=\u00bb3.25&#8243; custom_padding=\u00bb|||\u00bb custom_padding_phone=\u00bb|||||\u00bb custom_padding_last_edited=\u00bbon|desktop\u00bb padding_phone=\u00bb|||||\u00bb padding_last_edited=\u00bbon|desktop\u00bb custom_padding__hover=\u00bb|||\u00bb][et_pb_text _builder_version=\u00bb3.27.4&#8243; text_font=\u00bb||||||||\u00bb header_font=\u00bb||||||||\u00bb header_text_color=\u00bb#1f56a2&#8243; header_2_font=\u00bb||||||||\u00bb header_2_text_color=\u00bb#1f56a2&#8243; custom_margin=\u00bb8%|30%||10%\u00bb custom_margin_tablet=\u00bb\u00bb custom_margin_phone=\u00bb8%|10%|5%|10%\u00bb custom_margin_last_edited=\u00bbon|desktop\u00bb locked=\u00bboff\u00bb]<\/p>\n<h2>Clientes en todo el mundo<\/h2>\n<p>Drenth Holland suministra a empresas y distribuidores en treinta y cinco pa\u00edses de todo el mundo. Producimos malla met\u00e1lica y sint\u00e9tica, as\u00ed como materiales tejidos seg\u00fan las especificaciones del cliente para aplicaciones en industrias de fabricaci\u00f3n de:<\/p>\n<ul>\n<li>Papel y cart\u00f3n<\/li>\n<li>Papel de seguridad<\/li>\n<li>Productos alimenticios<\/li>\n<li>Productos l\u00e1cteos<\/li>\n<li>Paneles a base de madera (MDF y OSB)<\/li>\n<li>Deshidrataci\u00f3n de lodos.<\/li>\n<\/ul>\n<p>[\/et_pb_text][\/et_pb_column][\/et_pb_row][\/et_pb_section]<\/p>\n","protected":false},"excerpt":{"rendered":"<p>La compa\u00f1\u00edaHistoria Drenth Holland se estableci\u00f3 en 1931 con el objetivo de producir malla de alambre para la industria del papel del norte de los Pa\u00edses Bajos. Cuando la industria del papel comenz\u00f3 a replegarse en esta zona, ampliamos nuestra gama de productos a la tela tejida para otras industrias y, posteriormente, al alambre de [&hellip;]<\/p>\n","protected":false},"author":6,"featured_media":0,"parent":0,"menu_order":0,"comment_status":"closed","ping_status":"closed","template":"","meta":{"_et_pb_use_builder":"on","_et_pb_old_content":"","_et_gb_content_width":"","inline_featured_image":false,"footnotes":""},"class_list":["post-1777","page","type-page","status-publish","hentry"],"_links":{"self":[{"href":"https:\/\/drenthholland.com\/es\/wp-json\/wp\/v2\/pages\/1777","targetHints":{"allow":["GET"]}}],"collection":[{"href":"https:\/\/drenthholland.com\/es\/wp-json\/wp\/v2\/pages"}],"about":[{"href":"https:\/\/drenthholland.com\/es\/wp-json\/wp\/v2\/types\/page"}],"author":[{"embeddable":true,"href":"https:\/\/drenthholland.com\/es\/wp-json\/wp\/v2\/users\/6"}],"replies":[{"embeddable":true,"href":"https:\/\/drenthholland.com\/es\/wp-json\/wp\/v2\/comments?post=1777"}],"version-history":[{"count":1,"href":"https:\/\/drenthholland.com\/es\/wp-json\/wp\/v2\/pages\/1777\/revisions"}],"predecessor-version":[{"id":2522,"href":"https:\/\/drenthholland.com\/es\/wp-json\/wp\/v2\/pages\/1777\/revisions\/2522"}],"wp:attachment":[{"href":"https:\/\/drenthholland.com\/es\/wp-json\/wp\/v2\/media?parent=1777"}],"curies":[{"name":"wp","href":"https:\/\/api.w.org\/{rel}","templated":true}]}}