{"id":1781,"date":"2019-02-18T10:26:24","date_gmt":"2019-02-18T09:26:24","guid":{"rendered":"https:\/\/drenthholland.com\/productos\/"},"modified":"2019-12-19T12:45:17","modified_gmt":"2019-12-19T11:45:17","slug":"productos","status":"publish","type":"page","link":"https:\/\/drenthholland.com\/es\/productos\/","title":{"rendered":"Productos"},"content":{"rendered":"<p>[et_pb_section fb_built=\u00bb1&#8243; module_class=\u00bbhoofd\u00bb _builder_version=\u00bb3.19.3&#8243; use_background_color_gradient=\u00bbon\u00bb background_color_gradient_start=\u00bbrgba(0,20,94,0.6)\u00bb background_color_gradient_end=\u00bbrgba(255,255,255,0.3)\u00bb background_color_gradient_direction=\u00bb24deg\u00bb background_color_gradient_start_position=\u00bb11%\u00bb background_color_gradient_overlays_image=\u00bbon\u00bb background_image=\u00bbhttps:\/\/drenthholland.com\/wp-content\/uploads\/2018\/12\/DFGW2204-2.jpg\u00bb background_position=\u00bbbottom_center\u00bb custom_padding=\u00bb76px|0px|0|0px|false|false\u00bb][et_pb_row custom_padding=\u00bb0px|0px|0|0px|false|false\u00bb _builder_version=\u00bb3.4.1&#8243; background_size=\u00bbinitial\u00bb background_position=\u00bbtop_left\u00bb background_repeat=\u00bbrepeat\u00bb][et_pb_column type=\u00bb4_4&#8243; _builder_version=\u00bb3.0.47&#8243; parallax=\u00bboff\u00bb parallax_method=\u00bbon\u00bb][et_pb_text _builder_version=\u00bb3.19.3&#8243; text_font=\u00bb|800|||||||\u00bb text_text_color=\u00bb#ffffff\u00bb text_text_shadow_style=\u00bbpreset1&#8243; text_text_shadow_horizontal_length=\u00bb-0.07em\u00bb text_text_shadow_vertical_length=\u00bb0.29em\u00bb text_text_shadow_blur_strength=\u00bb1.02em\u00bb text_text_shadow_color=\u00bb#282868&#8243; header_font=\u00bb|800|||||||\u00bb header_text_color=\u00bb#ffffff\u00bb header_font_size=\u00bb60px\u00bb header_font_size_phone=\u00bb45px\u00bb header_font_size_last_edited=\u00bbon|phone\u00bb header_line_height=\u00bb1.4em\u00bb header_2_text_color=\u00bb#ffffff\u00bb header_2_font_size=\u00bb29px\u00bb text_orientation=\u00bbright\u00bb custom_margin=\u00bb70px||0px|\u00bb custom_padding=\u00bb0px||0px|\u00bb]<\/p>\n<h1>Descripci\u00f3n del producto<\/h1>\n<p>[\/et_pb_text][\/et_pb_column][\/et_pb_row][\/et_pb_section][et_pb_section fb_built=\u00bb1&#8243; disabled_on=\u00bbon|off|off\u00bb admin_label=\u00bbBest Beans\u00bb _builder_version=\u00bb3.19.3&#8243; background_color_gradient_direction=\u00bb90deg\u00bb custom_padding=\u00bb0px|0px|0px|0px\u00bb][et_pb_row make_fullwidth=\u00bbon\u00bb use_custom_gutter=\u00bbon\u00bb gutter_width=\u00bb1&#8243; custom_padding=\u00bb0|0px|0px|0px|false|false\u00bb custom_margin=\u00bb|||\u00bb make_equal=\u00bbon\u00bb bg_img_2=\u00bbhttps:\/\/drenthholland.com\/wp-content\/uploads\/2018\/12\/DFGW1908.jpg\u00bb padding_top_1=\u00bb100px\u00bb padding_top_2=\u00bb100px\u00bb padding_right_1=\u00bb10%\u00bb padding_bottom_1=\u00bb100px\u00bb padding_bottom_2=\u00bb100px\u00bb padding_left_1=\u00bb10%\u00bb padding_2_phone=\u00bb||100px\u00bb padding_2_last_edited=\u00bbon|phone\u00bb module_class_1=\u00bbsecond-on-mobile\u00bb module_class_2=\u00bbfirst-on-mobile\u00bb admin_label=\u00bbBest Beans Row\u00bb module_class=\u00bbcustom_row\u00bb _builder_version=\u00bb3.19.3&#8243; custom_css_main_element=\u00bbmin-height: 500px\u00bb][et_pb_column type=\u00bb1_2&#8243; _builder_version=\u00bb3.0.47&#8243; padding_bottom=\u00bb100px\u00bb padding_left=\u00bb10%\u00bb padding_right=\u00bb10%\u00bb padding_top=\u00bb100px\u00bb parallax=\u00bboff\u00bb parallax_method=\u00bbon\u00bb module_class=\u00bbsecond-on-mobile\u00bb][et_pb_text _builder_version=\u00bb3.19.3&#8243; custom_margin_phone=\u00bb-54px||-4%\u00bb custom_margin_last_edited=\u00bbon|desktop\u00bb custom_padding_phone=\u00bb||\u00bb custom_padding_last_edited=\u00bbon|desktop\u00bb header_font=\u00bb||||||||\u00bb header_text_color=\u00bb#1f56a2&#8243; header_2_font=\u00bb||||||||\u00bb header_2_text_color=\u00bb#1f56a2&#8243;]<\/p>\n<h1><strong>Descripci\u00f3n del producto<\/strong><\/h1>\n<p><strong>MALLA DE ALAMBRE MET\u00c1LICO <\/strong><\/p>\n<ul>\n<li><strong>ACERO INOXIDABLE<\/strong><\/li>\n<li><strong>BRONCE FOSFORADO<\/strong><\/li>\n<\/ul>\n<p><strong>MALLA DE ALAMBRE SINT\u00c9TICO <\/strong><\/p>\n<p>&nbsp;<\/p>\n<ul>\n<li><strong>POLI\u00c9STER<\/strong><\/li>\n<li><strong>POLIPROPILENO<\/strong><\/li>\n<li><strong>POLI\u00c9STER<\/strong><\/li>\n<\/ul>\n<p>[\/et_pb_text][\/et_pb_column][et_pb_column type=\u00bb1_2&#8243; _builder_version=\u00bb3.0.47&#8243; padding_phone=\u00bb||100px\u00bb padding_last_edited=\u00bbon|phone\u00bb padding_bottom=\u00bb100px\u00bb padding_top=\u00bb100px\u00bb bg_img=\u00bbhttps:\/\/drenthholland.com\/wp-content\/uploads\/2018\/12\/DFGW1908.jpg\u00bb parallax=\u00bboff\u00bb parallax_method=\u00bbon\u00bb module_class=\u00bbfirst-on-mobile\u00bb][\/et_pb_column][\/et_pb_row][\/et_pb_section][et_pb_section fb_built=\u00bb1&#8243; disabled_on=\u00bboff|on|on\u00bb admin_label=\u00bbBest Beans\u00bb _builder_version=\u00bb3.19.3&#8243; background_color_gradient_direction=\u00bb90deg\u00bb custom_padding=\u00bb0px|0px|0px|0px\u00bb][et_pb_row make_fullwidth=\u00bbon\u00bb use_custom_gutter=\u00bbon\u00bb gutter_width=\u00bb1&#8243; custom_padding=\u00bb0|0px|0px|0px|false|false\u00bb custom_margin=\u00bb|||\u00bb make_equal=\u00bbon\u00bb padding_top_1=\u00bb100px\u00bb padding_top_2=\u00bb100px\u00bb padding_right_1=\u00bb10%\u00bb padding_bottom_1=\u00bb100px\u00bb padding_bottom_2=\u00bb100px\u00bb padding_left_1=\u00bb10%\u00bb padding_2_phone=\u00bb||100px\u00bb padding_2_last_edited=\u00bbon|phone\u00bb module_class_1=\u00bbsecond-on-mobile\u00bb module_class_2=\u00bbfirst-on-mobile\u00bb admin_label=\u00bbBest Beans Row\u00bb module_class=\u00bbcustom_row\u00bb _builder_version=\u00bb3.19.3&#8243; custom_css_main_element=\u00bbmin-height: 500px\u00bb][et_pb_column type=\u00bb4_4&#8243; _builder_version=\u00bb3.0.47&#8243; padding_bottom=\u00bb100px\u00bb padding_left=\u00bb10%\u00bb padding_right=\u00bb10%\u00bb padding_top=\u00bb100px\u00bb parallax=\u00bboff\u00bb parallax_method=\u00bbon\u00bb module_class=\u00bbsecond-on-mobile\u00bb][et_pb_text _builder_version=\u00bb3.19.3&#8243; custom_margin_phone=\u00bb-54px||-4%\u00bb custom_margin_last_edited=\u00bbon|desktop\u00bb custom_padding_phone=\u00bb||\u00bb custom_padding_last_edited=\u00bbon|desktop\u00bb header_font=\u00bb||||||||\u00bb header_text_color=\u00bb#1f56a2&#8243; header_2_font=\u00bb||||||||\u00bb header_2_text_color=\u00bb#1f56a2&#8243;]<\/p>\n<h1><strong>Descripci\u00f3n del producto<\/strong><\/h1>\n<p><strong>MALLA DE ALAMBRE MET\u00c1LICO <\/strong><\/p>\n<ul>\n<li><strong>ACERO INOXIDABLE<\/strong><\/li>\n<li><strong>BRONCE FOSFORADO<\/strong><\/li>\n<\/ul>\n<p><strong>MALLA DE ALAMBRE SINT\u00c9TICO <\/strong><\/p>\n<p>&nbsp;<\/p>\n<ul>\n<li><strong>POLI\u00c9STER<\/strong><\/li>\n<li><strong>POLIPROPILENO<\/strong><\/li>\n<li><strong>POLI\u00c9STER<\/strong><\/li>\n<\/ul>\n<p>[\/et_pb_text][\/et_pb_column][\/et_pb_row][\/et_pb_section][et_pb_section fb_built=\u00bb1&#8243; module_id=\u00bbmetalwiremesh\u00bb _builder_version=\u00bb3.17.1&#8243; background_color=\u00bb#eceef4&#8243;][et_pb_row custom_padding=\u00bb13px|0px|0|0px|false|false\u00bb _builder_version=\u00bb3.17.1&#8243;][et_pb_column type=\u00bb4_4&#8243; _builder_version=\u00bb3.17.1&#8243; parallax=\u00bboff\u00bb parallax_method=\u00bbon\u00bb][et_pb_text _builder_version=\u00bb3.19.3&#8243; header_font=\u00bb||||||||\u00bb header_text_color=\u00bb#1f56a2&#8243; header_2_font=\u00bb||||||||\u00bb header_2_text_color=\u00bb#1f56a2&#8243;]<\/p>\n<h1 style=\"text-align: center;\">MALLA DE ALAMBRE MET\u00c1LICO<\/h1>\n<p>[\/et_pb_text][\/et_pb_column][\/et_pb_row][\/et_pb_section][et_pb_section fb_built=\u00bb1&#8243; admin_label=\u00bbBest Beans\u00bb module_id=\u00bbmetal\u00bb _builder_version=\u00bb3.17.1&#8243; background_color_gradient_direction=\u00bb90deg\u00bb custom_padding=\u00bb0px|0px|0px|0px\u00bb][et_pb_row make_fullwidth=\u00bbon\u00bb use_custom_gutter=\u00bbon\u00bb gutter_width=\u00bb1&#8243; custom_padding=\u00bb0px|0px|0px|0px\u00bb custom_margin=\u00bb|||\u00bb make_equal=\u00bbon\u00bb bg_img_1=\u00bbhttps:\/\/drenthholland.com\/wp-content\/uploads\/2018\/12\/DFGW2172.jpg\u00bb padding_top_1=\u00bb100px\u00bb padding_right_1=\u00bb10%\u00bb padding_bottom_1=\u00bb100px\u00bb padding_left_1=\u00bb10%\u00bb admin_label=\u00bbBest Beans Row\u00bb _builder_version=\u00bb3.19.3&#8243; custom_css_main_element=\u00bbmin-height: 500px\u00bb][et_pb_column type=\u00bb1_2&#8243; _builder_version=\u00bb3.0.47&#8243; padding_bottom=\u00bb100px\u00bb padding_left=\u00bb10%\u00bb padding_right=\u00bb10%\u00bb padding_top=\u00bb100px\u00bb bg_img=\u00bbhttps:\/\/drenthholland.com\/wp-content\/uploads\/2018\/12\/DFGW2172.jpg\u00bb parallax=\u00bboff\u00bb parallax_method=\u00bbon\u00bb][\/et_pb_column][et_pb_column type=\u00bb1_2&#8243; _builder_version=\u00bb3.0.47&#8243; parallax=\u00bboff\u00bb parallax_method=\u00bbon\u00bb][et_pb_text _builder_version=\u00bb3.19.3&#8243; custom_margin=\u00bb8%|30%||10%\u00bb custom_margin_phone=\u00bb8%|10%|8%|10%\u00bb custom_margin_last_edited=\u00bbon|phone\u00bb locked=\u00bboff\u00bb header_font=\u00bb||||||||\u00bb header_text_color=\u00bb#1f56a2&#8243; header_2_font=\u00bb||||||||\u00bb header_2_text_color=\u00bb#1f56a2&#8243;]<\/p>\n<h2>Malla de alambre de acero inoxidable<\/h2>\n<p>La malla de alambre de acero inoxidable se utiliza en la industria del papel, la industria alimentaria, la industria de filtraci\u00f3n, as\u00ed como en las industrias qu\u00edmica y petroqu\u00edmica. Tambi\u00e9n es ampliamente utilizada para aplicaciones arquitect\u00f3nicas. Por su excelente resistencia a la corrosi\u00f3n, el acero inoxidable se usa en diferentes aleaciones y en una amplia variedad de aplicaciones. El acero de baja aleaci\u00f3n puede resistir la corrosi\u00f3n en condiciones atmosf\u00e9ricas normales y los aceros de alta aleaci\u00f3n pueden resistir condiciones severas, como temperaturas altas\/bajas, alta presi\u00f3n, \u00e1cidos y soluciones alcalinas.<\/p>\n<ul>\n<li>Malla con una urdimbre y trama de alambre monofilamento<\/li>\n<li>Malla con una urdimbre y trama de un alambre monofilamento semicircular<\/li>\n<li>Malla con un alambre de urdimbre de un cable y un alambre de trama de alambre monofilamento<\/li>\n<li>Malla con una urdimbre de un cable y un alambre de trama de alambre monofilamento de acero de resorte<\/li>\n<li>Malla con un alambre de urdimbre y trama de cables<\/li>\n<\/ul>\n<p>[\/et_pb_text][\/et_pb_column][\/et_pb_row][\/et_pb_section][et_pb_section fb_built=\u00bb1&#8243; admin_label=\u00bbBest Beans\u00bb module_id=\u00bbarchitectural\u00bb _builder_version=\u00bb3.17.1&#8243; background_color_gradient_direction=\u00bb90deg\u00bb custom_padding=\u00bb0px|0px|0px|0px\u00bb][et_pb_row make_fullwidth=\u00bbon\u00bb use_custom_gutter=\u00bbon\u00bb gutter_width=\u00bb1&#8243; custom_padding=\u00bb0px|0px|0px|0px\u00bb custom_margin=\u00bb|||\u00bb make_equal=\u00bbon\u00bb bg_img_2=\u00bbhttps:\/\/drenthholland.com\/wp-content\/uploads\/2018\/12\/GW2191.jpg\u00bb use_background_color_gradient_2=\u00bboff\u00bb background_color_gradient_start_2=\u00bbrgba(57,114,185,0.57)\u00bb background_color_gradient_end_2=\u00bbrgba(57,114,185,0.12)\u00bb background_color_gradient_direction_2=\u00bb13deg\u00bb background_color_gradient_overlays_image_2=\u00bbon\u00bb padding_top_1=\u00bb100px\u00bb padding_top_2=\u00bb100px\u00bb padding_right_1=\u00bb10%\u00bb padding_bottom_1=\u00bb100px\u00bb padding_bottom_2=\u00bb100px\u00bb padding_left_1=\u00bb10%\u00bb module_class_1=\u00bbsecond-on-mobile\u00bb module_class_2=\u00bbfist-on-mobile\u00bb admin_label=\u00bbBest Beans Row\u00bb module_class=\u00bbcustom_row\u00bb _builder_version=\u00bb3.19.3&#8243; custom_css_main_element=\u00bbmin-height: 500px\u00bb][et_pb_column type=\u00bb1_2&#8243; _builder_version=\u00bb3.0.47&#8243; padding_bottom=\u00bb100px\u00bb padding_left=\u00bb10%\u00bb padding_right=\u00bb10%\u00bb padding_top=\u00bb100px\u00bb parallax=\u00bboff\u00bb parallax_method=\u00bbon\u00bb module_class=\u00bbsecond-on-mobile\u00bb][et_pb_text _builder_version=\u00bb3.19.3&#8243; custom_margin_phone=\u00bb-68px||-8%\u00bb custom_margin_last_edited=\u00bbon|desktop\u00bb header_font=\u00bb||||||||\u00bb header_text_color=\u00bb#1f56a2&#8243; header_2_font=\u00bb||||||||\u00bb header_2_text_color=\u00bb#1f56a2&#8243;]<\/p>\n<h2>Malla de alambre de bronce fosforado<\/h2>\n<p>El bronce fosforado es una aleaci\u00f3n de cobre, esta\u00f1o y f\u00f3sforo. Este producto es conocido por su dureza, resistencia y grano fino. M\u00e1s flexible que el alambre de acero inoxidable, la malla de alambre con bronce fosforado se utiliza en la producci\u00f3n de papel de seguridad. Se usa para imprimir marcas de agua que caracterizan el papel de seguridad utilizado para pasaportes, billetes y sellos, as\u00ed como para realizar impresiones en otros documentos valiosos.<\/p>\n<p>La malla de alambre de bronce fosforado tambi\u00e9n se usa en aplicaciones de t\u00faneles de viento, para probar el movimiento del aire sobre objetos s\u00f3lidos, como edificios. Drenth Holland suministra malla de alambre para estas aplicaciones, que debe ser fuerte y flexible para resistir fuerzas alternantes.<\/p>\n<ul>\n<li>Malla con una urdimbre y trama de alambre monofilamento<\/li>\n<li>Malla con una urdimbre y trama de un alambre monofilamento semicircular<\/li>\n<li>Malla con una urdimbre de un cable y un alambre de trama de alambre monofilamento de acero de resorte<\/li>\n<li>Malla con un alambre de urdimbre y trama de cables<\/li>\n<\/ul>\n<p>[\/et_pb_text][\/et_pb_column][et_pb_column type=\u00bb1_2&#8243; _builder_version=\u00bb3.0.47&#8243; padding_bottom=\u00bb100px\u00bb padding_top=\u00bb100px\u00bb bg_img=\u00bbhttps:\/\/drenthholland.com\/wp-content\/uploads\/2018\/12\/GW2191.jpg\u00bb parallax=\u00bboff\u00bb parallax_method=\u00bbon\u00bb use_background_color_gradient=\u00bboff\u00bb background_color_gradient_start=\u00bbrgba(57,114,185,0.57)\u00bb background_color_gradient_end=\u00bbrgba(57,114,185,0.12)\u00bb background_color_gradient_direction=\u00bb13deg\u00bb background_color_gradient_overlays_image=\u00bbon\u00bb module_class=\u00bbfist-on-mobile\u00bb][\/et_pb_column][\/et_pb_row][\/et_pb_section][et_pb_section fb_built=\u00bb1&#8243; module_id=\u00bbwiremesh\u00bb _builder_version=\u00bb3.17.1&#8243; background_color=\u00bb#eceef4&#8243;][et_pb_row custom_padding=\u00bb13px|0px|0|0px|false|false\u00bb _builder_version=\u00bb3.17.1&#8243;][et_pb_column type=\u00bb4_4&#8243; _builder_version=\u00bb3.17.1&#8243; parallax=\u00bboff\u00bb parallax_method=\u00bbon\u00bb][et_pb_text _builder_version=\u00bb3.19.3&#8243; header_font=\u00bb||||||||\u00bb header_text_color=\u00bb#1f56a2&#8243; header_2_font=\u00bb||||||||\u00bb header_2_text_color=\u00bb#1f56a2&#8243;]<\/p>\n<h1 style=\"text-align: center;\">MALLA DE ALAMBRE SINT\u00c9TICO <\/h1>\n<p>[\/et_pb_text][\/et_pb_column][\/et_pb_row][\/et_pb_section][et_pb_section fb_built=\u00bb1&#8243; admin_label=\u00bbBest Beans\u00bb module_id=\u00bbpolypropylene\u00bb _builder_version=\u00bb3.17.1&#8243; background_color_gradient_direction=\u00bb90deg\u00bb custom_padding=\u00bb0px|0px|0px|0px\u00bb][et_pb_row make_fullwidth=\u00bbon\u00bb use_custom_gutter=\u00bbon\u00bb gutter_width=\u00bb1&#8243; custom_padding=\u00bb0px|0px|0px|0px\u00bb custom_margin=\u00bb|||\u00bb make_equal=\u00bbon\u00bb bg_img_1=\u00bbhttps:\/\/drenthholland.com\/wp-content\/uploads\/2018\/12\/DFGW2196kopie2.jpg\u00bb background_size_1=\u00bbinitial\u00bb background_position_1=\u00bbcenter\u00bb background_repeat_1=\u00bbrepeat\u00bb background_blend_1=\u00bbnormal\u00bb padding_top_1=\u00bb100px\u00bb padding_right_1=\u00bb10%\u00bb padding_bottom_1=\u00bb100px\u00bb padding_left_1=\u00bb10%\u00bb admin_label=\u00bbBest Beans Row\u00bb _builder_version=\u00bb3.19.3&#8243; custom_css_main_element=\u00bbmin-height: 700px\u00bb][et_pb_column type=\u00bb1_2&#8243; _builder_version=\u00bb3.0.47&#8243; padding_bottom=\u00bb100px\u00bb padding_left=\u00bb10%\u00bb padding_right=\u00bb10%\u00bb padding_top=\u00bb100px\u00bb bg_img=\u00bbhttps:\/\/drenthholland.com\/wp-content\/uploads\/2018\/12\/DFGW2196kopie2.jpg\u00bb parallax=\u00bboff\u00bb parallax_method=\u00bbon\u00bb background_size=\u00bbinitial\u00bb background_position=\u00bbcenter\u00bb background_repeat=\u00bbrepeat\u00bb background_blend=\u00bbnormal\u00bb][\/et_pb_column][et_pb_column type=\u00bb1_2&#8243; _builder_version=\u00bb3.0.47&#8243; parallax=\u00bboff\u00bb parallax_method=\u00bbon\u00bb][et_pb_text _builder_version=\u00bb3.19.3&#8243; custom_margin=\u00bb8%|30%||10%\u00bb custom_margin_phone=\u00bb|10%|8%|\u00bb custom_margin_last_edited=\u00bbon|phone\u00bb locked=\u00bboff\u00bb header_font=\u00bb||||||||\u00bb header_text_color=\u00bb#1f56a2&#8243; header_2_font=\u00bb||||||||\u00bb header_2_text_color=\u00bb#1f56a2&#8243;]<\/p>\n<h2>Malla de alambre de poli\u00e9ster<\/h2>\n<p>La malla de poli\u00e9ster monofilamento consta de un \u00fanico tipo de fibra y se utiliza en industria alimentaria los alimentos y en otras industrias para una amplia variedad de prop\u00f3sitos y aplicaciones. Drenth Holland produce una malla de poli\u00e9ster monofilamento est\u00e1ndar para su uso en diversas industrias, as\u00ed como para las cubrir las especificaciones del cliente.<\/p>\n<p>La mayor\u00eda de los materiales sint\u00e9ticos se producen con alambre de poli\u00e9ster debido a su fuerza y a su resistencia a la temperatura y a los \u00e1cidos. La malla de alambre tiene ventajas beneficios adicionales, como las propiedades antiest\u00e1ticas, cuando parte de los alambres de poli\u00e9ster se sustituye por alambres antiest\u00e1ticos.<\/p>\n<p>La malla de alambre de poli\u00e9ster se utiliza en la industria alimentaria, por ejemplo, en la producci\u00f3n de caf\u00e9 en polvo, leche, leche infantil, queso y tomate, y tambi\u00e9n en polvo para piensos.\u00a0 La malla de alambre de poli\u00e9ster tambi\u00e9n se utiliza en la producci\u00f3n de productos de madera, como MDF y OSB.<\/p>\n<p>El acabado de los bordes y de los laterales de la malla de poli\u00e9ster se realiza seg\u00fan las especificaciones del cliente, de acuerdo con los requisitos de la aplicaci\u00f3n. Se pueden usar fijaciones sujetadores de acero inoxidable, o la malla de alambre puede suministrarse con una costura de un solo bucle, de doble bucle o con una costura continua. Los bordes est\u00e1n protegidos de los da\u00f1os, principalmente con el acabado de bordes de alta frecuencia. Tambi\u00e9n se utilizan otros tipos de acabado de bordes, como el acabado de bordes de PVC o PVC reforzado.<\/p>\n<ul>\n<li>Malla con un alambre de urdimbre y trama de alambres de poli\u00e9ster monofilamento<\/li>\n<li>Malla con una urdimbre de alambre de poli\u00e9ster monofilamento y alambres de nailon antiest\u00e1ticos, y una trama de alambres de poli\u00e9ster monofilamento<\/li>\n<\/ul>\n<p>[\/et_pb_text][\/et_pb_column][\/et_pb_row][et_pb_row make_fullwidth=\u00bbon\u00bb use_custom_gutter=\u00bbon\u00bb gutter_width=\u00bb1&#8243; custom_padding=\u00bb0|0px|0px|0px|false|false\u00bb custom_margin=\u00bb|||\u00bb make_equal=\u00bbon\u00bb bg_img_2=\u00bbhttps:\/\/drenthholland.com\/wp-content\/uploads\/2019\/01\/DFGW2115-2kopie.jpg\u00bb padding_top_1=\u00bb100px\u00bb padding_top_2=\u00bb100px\u00bb padding_right_1=\u00bb10%\u00bb padding_bottom_1=\u00bb100px\u00bb padding_bottom_2=\u00bb100px\u00bb padding_left_1=\u00bb10%\u00bb module_class_1=\u00bbsecond-on-mobile\u00bb module_class_2=\u00bbfirst-on-mobile\u00bb admin_label=\u00bbBest Beans Row\u00bb module_class=\u00bbcustom_row\u00bb _builder_version=\u00bb3.19.3&#8243; custom_css_main_element=\u00bbmin-height: 500px\u00bb][et_pb_column type=\u00bb1_2&#8243; _builder_version=\u00bb3.0.47&#8243; padding_bottom=\u00bb100px\u00bb padding_left=\u00bb10%\u00bb padding_right=\u00bb10%\u00bb padding_top=\u00bb100px\u00bb parallax=\u00bboff\u00bb parallax_method=\u00bbon\u00bb module_class=\u00bbsecond-on-mobile\u00bb][et_pb_text _builder_version=\u00bb3.19.3&#8243; custom_margin_phone=\u00bb-54px||-8%\u00bb custom_margin_last_edited=\u00bbon|phone\u00bb header_font=\u00bb||||||||\u00bb header_text_color=\u00bb#1f56a2&#8243; header_2_font=\u00bb||||||||\u00bb header_2_text_color=\u00bb#1f56a2&#8243;]<\/p>\n<h2>Malla de alambre de polipropileno<\/h2>\n<p>La malla de alambre de polipropileno se utiliza en la industria del queso porque es resistente a la sosa c\u00e1ustica. Esta malla de alambre de doble capa y la banda se utilizan para drenar los l\u00edquidos del queso en la producci\u00f3n de quesos m\u00e1s blandos, como la mozzarella y el queso cheddar.<\/p>\n<ul>\n<li>Malla con alambre de urdimbre y trama de alambres de polipropileno<\/li>\n<\/ul>\n<p>[\/et_pb_text][\/et_pb_column][et_pb_column type=\u00bb1_2&#8243; _builder_version=\u00bb3.0.47&#8243; padding_bottom=\u00bb100px\u00bb padding_top=\u00bb100px\u00bb bg_img=\u00bbhttps:\/\/drenthholland.com\/wp-content\/uploads\/2019\/01\/DFGW2115-2kopie.jpg\u00bb parallax=\u00bboff\u00bb parallax_method=\u00bbon\u00bb module_class=\u00bbfirst-on-mobile\u00bb][\/et_pb_column][\/et_pb_row][\/et_pb_section][et_pb_section fb_built=\u00bb1&#8243; admin_label=\u00bbBest Beans\u00bb module_id=\u00bbvalue\u00bb _builder_version=\u00bb3.19.3&#8243; background_color_gradient_direction=\u00bb90deg\u00bb custom_padding=\u00bb0px|0px|0px|0px\u00bb top_divider_color=\u00bb#1f56a2&#8243; bottom_divider_style=\u00bbramp\u00bb bottom_divider_color=\u00bb#1f56a2&#8243; bottom_divider_flip=\u00bbvertical\u00bb bottom_divider_arrangement=\u00bbabove_content\u00bb][et_pb_row make_fullwidth=\u00bbon\u00bb use_custom_gutter=\u00bbon\u00bb gutter_width=\u00bb1&#8243; custom_padding=\u00bb0px|0px|0px|0px\u00bb custom_padding_tablet=\u00bb||50px|\u00bb custom_padding_phone=\u00bb||70px|\u00bb custom_margin=\u00bb|||\u00bb make_equal=\u00bbon\u00bb custom_padding_last_edited=\u00bbon|desktop\u00bb bg_img_1=\u00bbhttps:\/\/drenthholland.com\/wp-content\/uploads\/2018\/12\/DFGW2164-2-1.jpg\u00bb padding_top_1=\u00bb100px\u00bb padding_right_1=\u00bb10%\u00bb padding_bottom_1=\u00bb100px\u00bb padding_left_1=\u00bb10%\u00bb admin_label=\u00bbBest Beans Row\u00bb module_id=\u00bbvalue\u00bb _builder_version=\u00bb3.19.3&#8243; custom_css_main_element=\u00bbmin-height:700px\u00bb][et_pb_column type=\u00bb1_2&#8243; _builder_version=\u00bb3.0.47&#8243; padding_bottom=\u00bb100px\u00bb padding_left=\u00bb10%\u00bb padding_right=\u00bb10%\u00bb padding_top=\u00bb100px\u00bb bg_img=\u00bbhttps:\/\/drenthholland.com\/wp-content\/uploads\/2018\/12\/DFGW2164-2-1.jpg\u00bb parallax=\u00bboff\u00bb parallax_method=\u00bbon\u00bb][\/et_pb_column][et_pb_column type=\u00bb1_2&#8243; _builder_version=\u00bb3.0.47&#8243; parallax=\u00bboff\u00bb parallax_method=\u00bbon\u00bb][et_pb_text _builder_version=\u00bb3.19.3&#8243; text_font=\u00bb||||||||\u00bb custom_margin=\u00bb8%|30%||10%\u00bb custom_margin_phone=\u00bb8%|10%|5%|10%\u00bb custom_margin_last_edited=\u00bbon|phone\u00bb locked=\u00bboff\u00bb header_font=\u00bb||||||||\u00bb header_text_color=\u00bb#1f56a2&#8243; header_2_font=\u00bb||||||||\u00bb header_2_text_color=\u00bb#1f56a2&#8243;]<\/p>\n<h2>Malla de alambre en espiral de poli\u00e9ster<\/h2>\n<p>A diferencia de la tela tejida, la malla de poli\u00e9ster en espiral consta de alambres retorcidos en espiral, con pasadores que sostienen las espirales como una cadena. La malla en espiral de poli\u00e9ster se utiliza para deshidratar lodos en prensas de filtro de banda. Este tipo de malla tambi\u00e9n se utiliza en la industria alimentaria para deshidratar leche grasa y suero en polvo, as\u00ed como para separar los s\u00f3lidos alimenticios de los l\u00edquidos. Otra aplicaci\u00f3n es en lavander\u00edas donde la tela en espiral se utiliza para drenar el agua de la ropa. La malla de poli\u00e9ster en espiral se puede suministrar con o sin alambres de relleno, que ajustan y personalizan la permeabilidad al aire y al l\u00edquido.<\/p>\n<ul>\n<li>La malla o los alambres de poli\u00e9ster monofilamento, los alambres en espiral, los alambres de conexi\u00f3n y los alambres de relleno son del mismo tipo que los alambres monofilamento de poli\u00e9ster<\/li>\n<\/ul>\n<p>[\/et_pb_text][\/et_pb_column][\/et_pb_row][\/et_pb_section]<\/p>\n","protected":false},"excerpt":{"rendered":"<p>Descripci\u00f3n del productoDescripci\u00f3n del producto MALLA DE ALAMBRE MET\u00c1LICO ACERO INOXIDABLE BRONCE FOSFORADO MALLA DE ALAMBRE SINT\u00c9TICO &nbsp; POLI\u00c9STER POLIPROPILENO POLI\u00c9STER Descripci\u00f3n del producto MALLA DE ALAMBRE MET\u00c1LICO ACERO INOXIDABLE BRONCE FOSFORADO MALLA DE ALAMBRE SINT\u00c9TICO &nbsp; POLI\u00c9STER POLIPROPILENO POLI\u00c9STER MALLA DE ALAMBRE MET\u00c1LICOMalla de alambre de acero inoxidable La malla de alambre de acero [&hellip;]<\/p>\n","protected":false},"author":6,"featured_media":0,"parent":0,"menu_order":0,"comment_status":"closed","ping_status":"closed","template":"","meta":{"_et_pb_use_builder":"on","_et_pb_old_content":"","_et_gb_content_width":"","inline_featured_image":false,"footnotes":""},"class_list":["post-1781","page","type-page","status-publish","hentry"],"_links":{"self":[{"href":"https:\/\/drenthholland.com\/es\/wp-json\/wp\/v2\/pages\/1781","targetHints":{"allow":["GET"]}}],"collection":[{"href":"https:\/\/drenthholland.com\/es\/wp-json\/wp\/v2\/pages"}],"about":[{"href":"https:\/\/drenthholland.com\/es\/wp-json\/wp\/v2\/types\/page"}],"author":[{"embeddable":true,"href":"https:\/\/drenthholland.com\/es\/wp-json\/wp\/v2\/users\/6"}],"replies":[{"embeddable":true,"href":"https:\/\/drenthholland.com\/es\/wp-json\/wp\/v2\/comments?post=1781"}],"version-history":[{"count":0,"href":"https:\/\/drenthholland.com\/es\/wp-json\/wp\/v2\/pages\/1781\/revisions"}],"wp:attachment":[{"href":"https:\/\/drenthholland.com\/es\/wp-json\/wp\/v2\/media?parent=1781"}],"curies":[{"name":"wp","href":"https:\/\/api.w.org\/{rel}","templated":true}]}}