{"id":1538,"date":"2018-05-31T13:42:43","date_gmt":"2018-05-31T11:42:43","guid":{"rendered":"https:\/\/drenthholland.com\/products\/"},"modified":"2019-12-19T11:49:15","modified_gmt":"2019-12-19T10:49:15","slug":"products","status":"publish","type":"page","link":"https:\/\/drenthholland.com\/nl\/products\/","title":{"rendered":"Producten"},"content":{"rendered":"<p>[et_pb_section fb_built=&#8221;1&#8243; module_class=&#8221;hoofd&#8221; _builder_version=&#8221;3.19.3&#8243; use_background_color_gradient=&#8221;on&#8221; background_color_gradient_start=&#8221;rgba(0,20,94,0.6)&#8221; background_color_gradient_end=&#8221;rgba(255,255,255,0.3)&#8221; background_color_gradient_direction=&#8221;24deg&#8221; background_color_gradient_start_position=&#8221;11%&#8221; background_color_gradient_overlays_image=&#8221;on&#8221; background_image=&#8221;https:\/\/drenthholland.com\/wp-content\/uploads\/2018\/12\/DFGW2204-2.jpg&#8221; background_position=&#8221;bottom_center&#8221; custom_padding=&#8221;76px|0px|0|0px|false|false&#8221;][et_pb_row custom_padding=&#8221;0px|0px|0|0px|false|false&#8221; _builder_version=&#8221;3.4.1&#8243; background_size=&#8221;initial&#8221; background_position=&#8221;top_left&#8221; background_repeat=&#8221;repeat&#8221;][et_pb_column type=&#8221;4_4&#8243; _builder_version=&#8221;3.0.47&#8243; parallax=&#8221;off&#8221; parallax_method=&#8221;on&#8221;][et_pb_text _builder_version=&#8221;3.19.3&#8243; text_font=&#8221;|800|||||||&#8221; text_text_color=&#8221;#ffffff&#8221; text_text_shadow_style=&#8221;preset1&#8243; text_text_shadow_horizontal_length=&#8221;-0.07em&#8221; text_text_shadow_vertical_length=&#8221;0.29em&#8221; text_text_shadow_blur_strength=&#8221;1.02em&#8221; text_text_shadow_color=&#8221;#282868&#8243; header_font=&#8221;|800|||||||&#8221; header_text_color=&#8221;#ffffff&#8221; header_font_size=&#8221;60px&#8221; header_font_size_phone=&#8221;45px&#8221; header_font_size_last_edited=&#8221;on|phone&#8221; header_line_height=&#8221;1.4em&#8221; header_2_text_color=&#8221;#ffffff&#8221; header_2_font_size=&#8221;29px&#8221; text_orientation=&#8221;right&#8221; custom_margin=&#8221;70px||0px|&#8221; custom_padding=&#8221;0px||0px|&#8221;]<\/p>\n<h1>Product overzicht<\/h1>\n<p>[\/et_pb_text][\/et_pb_column][\/et_pb_row][\/et_pb_section][et_pb_section fb_built=&#8221;1&#8243; disabled_on=&#8221;on|off|off&#8221; admin_label=&#8221;Best Beans&#8221; _builder_version=&#8221;3.19.3&#8243; background_color_gradient_direction=&#8221;90deg&#8221; custom_padding=&#8221;0px|0px|0px|0px&#8221;][et_pb_row make_fullwidth=&#8221;on&#8221; use_custom_gutter=&#8221;on&#8221; gutter_width=&#8221;1&#8243; custom_padding=&#8221;0|0px|0px|0px|false|false&#8221; custom_margin=&#8221;|||&#8221; make_equal=&#8221;on&#8221; bg_img_2=&#8221;https:\/\/drenthholland.com\/wp-content\/uploads\/2018\/12\/DFGW1908.jpg&#8221; padding_top_1=&#8221;100px&#8221; padding_top_2=&#8221;100px&#8221; padding_right_1=&#8221;10%&#8221; padding_bottom_1=&#8221;100px&#8221; padding_bottom_2=&#8221;100px&#8221; padding_left_1=&#8221;10%&#8221; padding_2_phone=&#8221;||100px&#8221; padding_2_last_edited=&#8221;on|phone&#8221; module_class_1=&#8221;second-on-mobile&#8221; module_class_2=&#8221;first-on-mobile&#8221; admin_label=&#8221;Best Beans Row&#8221; module_class=&#8221;custom_row&#8221; _builder_version=&#8221;3.19.3&#8243; custom_css_main_element=&#8221;min-height: 500px&#8221;][et_pb_column type=&#8221;1_2&#8243; _builder_version=&#8221;3.0.47&#8243; padding_bottom=&#8221;100px&#8221; padding_left=&#8221;10%&#8221; padding_right=&#8221;10%&#8221; padding_top=&#8221;100px&#8221; parallax=&#8221;off&#8221; parallax_method=&#8221;on&#8221; module_class=&#8221;second-on-mobile&#8221;][et_pb_text _builder_version=&#8221;3.19.3&#8243; custom_margin_phone=&#8221;-54px||-4%&#8221; custom_margin_last_edited=&#8221;on|desktop&#8221; custom_padding_phone=&#8221;||&#8221; custom_padding_last_edited=&#8221;on|desktop&#8221; header_font=&#8221;||||||||&#8221; header_text_color=&#8221;#1f56a2&#8243; header_2_font=&#8221;||||||||&#8221; header_2_text_color=&#8221;#1f56a2&#8243;]<\/p>\n<h1><b>Product overzicht<\/b><\/h1>\n<p><strong>METAALGAAS <\/strong><\/p>\n<ul>\n<li><strong>ROESTVRIJ STAAL<\/strong><\/li>\n<li><strong>FOSFORBRONS<\/strong><\/li>\n<\/ul>\n<p><strong>SYNTHETISCH GAAS<\/strong><\/p>\n<p><strong><\/strong><\/p>\n<ul>\n<li><strong>POLYESTER\u00a0<\/strong><\/li>\n<li><strong>POLYPROPHYLEEN\u00a0<\/strong><\/li>\n<li><strong>POLYESTER SPIRAALVORMIG\u00a0<\/strong><\/li>\n<\/ul>\n<p>[\/et_pb_text][\/et_pb_column][et_pb_column type=&#8221;1_2&#8243; _builder_version=&#8221;3.0.47&#8243; padding_phone=&#8221;||100px&#8221; padding_last_edited=&#8221;on|phone&#8221; padding_bottom=&#8221;100px&#8221; padding_top=&#8221;100px&#8221; bg_img=&#8221;https:\/\/drenthholland.com\/wp-content\/uploads\/2018\/12\/DFGW1908.jpg&#8221; parallax=&#8221;off&#8221; parallax_method=&#8221;on&#8221; module_class=&#8221;first-on-mobile&#8221;][\/et_pb_column][\/et_pb_row][\/et_pb_section][et_pb_section fb_built=&#8221;1&#8243; disabled_on=&#8221;off|on|on&#8221; admin_label=&#8221;Best Beans&#8221; _builder_version=&#8221;3.19.3&#8243; background_color_gradient_direction=&#8221;90deg&#8221; custom_padding=&#8221;0px|0px|0px|0px&#8221;][et_pb_row make_fullwidth=&#8221;on&#8221; use_custom_gutter=&#8221;on&#8221; gutter_width=&#8221;1&#8243; custom_padding=&#8221;0|0px|0px|0px|false|false&#8221; custom_margin=&#8221;|||&#8221; make_equal=&#8221;on&#8221; padding_top_1=&#8221;100px&#8221; padding_top_2=&#8221;100px&#8221; padding_right_1=&#8221;10%&#8221; padding_bottom_1=&#8221;100px&#8221; padding_bottom_2=&#8221;100px&#8221; padding_left_1=&#8221;10%&#8221; padding_2_phone=&#8221;||100px&#8221; padding_2_last_edited=&#8221;on|phone&#8221; module_class_1=&#8221;second-on-mobile&#8221; module_class_2=&#8221;first-on-mobile&#8221; admin_label=&#8221;Best Beans Row&#8221; module_class=&#8221;custom_row&#8221; _builder_version=&#8221;3.19.3&#8243; custom_css_main_element=&#8221;min-height: 500px&#8221;][et_pb_column type=&#8221;4_4&#8243; _builder_version=&#8221;3.0.47&#8243; padding_bottom=&#8221;100px&#8221; padding_left=&#8221;10%&#8221; padding_right=&#8221;10%&#8221; padding_top=&#8221;100px&#8221; parallax=&#8221;off&#8221; parallax_method=&#8221;on&#8221; module_class=&#8221;second-on-mobile&#8221;][et_pb_text _builder_version=&#8221;3.19.3&#8243; custom_margin_phone=&#8221;-54px||-4%&#8221; custom_margin_last_edited=&#8221;on|desktop&#8221; custom_padding_phone=&#8221;||&#8221; custom_padding_last_edited=&#8221;on|desktop&#8221; header_font=&#8221;||||||||&#8221; header_text_color=&#8221;#1f56a2&#8243; header_2_font=&#8221;||||||||&#8221; header_2_text_color=&#8221;#1f56a2&#8243;]<\/p>\n<h1><b>Product overzicht<\/b><\/h1>\n<p><strong>METAALGAAS<\/strong><\/p>\n<ul>\n<li><strong>ROESTVRIJ STAAL<\/strong><\/li>\n<li><strong>FOSFORBRONS<\/strong><\/li>\n<\/ul>\n<p><strong>SYNTHETISCH GAAS<\/strong><\/p>\n<p><strong><\/strong><\/p>\n<ul>\n<li><strong>POLYESTER\u00a0<\/strong><\/li>\n<li><strong>POLYPROPHYLEEN\u00a0<\/strong><\/li>\n<li><strong>POLYESTER SPIRAALVORMIG\u00a0<\/strong><\/li>\n<\/ul>\n<p>[\/et_pb_text][\/et_pb_column][\/et_pb_row][\/et_pb_section][et_pb_section fb_built=&#8221;1&#8243; module_id=&#8221;metalwiremesh&#8221; _builder_version=&#8221;3.17.1&#8243; background_color=&#8221;#eceef4&#8243;][et_pb_row custom_padding=&#8221;13px|0px|0|0px|false|false&#8221; _builder_version=&#8221;3.17.1&#8243;][et_pb_column type=&#8221;4_4&#8243; _builder_version=&#8221;3.17.1&#8243; parallax=&#8221;off&#8221; parallax_method=&#8221;on&#8221;][et_pb_text _builder_version=&#8221;3.19.3&#8243; header_font=&#8221;||||||||&#8221; header_text_color=&#8221;#1f56a2&#8243; header_2_font=&#8221;||||||||&#8221; header_2_text_color=&#8221;#1f56a2&#8243;]<\/p>\n<h1 style=\"text-align: center;\">Metaalgaas<\/h1>\n<p>[\/et_pb_text][\/et_pb_column][\/et_pb_row][\/et_pb_section][et_pb_section fb_built=&#8221;1&#8243; admin_label=&#8221;Best Beans&#8221; module_id=&#8221;metal&#8221; _builder_version=&#8221;3.17.1&#8243; background_color_gradient_direction=&#8221;90deg&#8221; custom_padding=&#8221;0px|0px|0px|0px&#8221;][et_pb_row make_fullwidth=&#8221;on&#8221; use_custom_gutter=&#8221;on&#8221; gutter_width=&#8221;1&#8243; custom_padding=&#8221;0px|0px|0px|0px&#8221; custom_margin=&#8221;|||&#8221; make_equal=&#8221;on&#8221; bg_img_1=&#8221;https:\/\/drenthholland.com\/wp-content\/uploads\/2018\/12\/DFGW2172.jpg&#8221; padding_top_1=&#8221;100px&#8221; padding_right_1=&#8221;10%&#8221; padding_bottom_1=&#8221;100px&#8221; padding_left_1=&#8221;10%&#8221; admin_label=&#8221;Best Beans Row&#8221; _builder_version=&#8221;3.19.3&#8243; custom_css_main_element=&#8221;min-height: 500px&#8221;][et_pb_column type=&#8221;1_2&#8243; _builder_version=&#8221;3.0.47&#8243; padding_bottom=&#8221;100px&#8221; padding_left=&#8221;10%&#8221; padding_right=&#8221;10%&#8221; padding_top=&#8221;100px&#8221; bg_img=&#8221;https:\/\/drenthholland.com\/wp-content\/uploads\/2018\/12\/DFGW2172.jpg&#8221; parallax=&#8221;off&#8221; parallax_method=&#8221;on&#8221;][\/et_pb_column][et_pb_column type=&#8221;1_2&#8243; _builder_version=&#8221;3.0.47&#8243; parallax=&#8221;off&#8221; parallax_method=&#8221;on&#8221;][et_pb_text _builder_version=&#8221;3.19.3&#8243; custom_margin=&#8221;8%|20%||10%&#8221; custom_margin_phone=&#8221;8%|10%|8%|10%&#8221; custom_margin_last_edited=&#8221;on|phone&#8221; locked=&#8221;off&#8221; header_font=&#8221;||||||||&#8221; header_text_color=&#8221;#1f56a2&#8243; header_2_font=&#8221;||||||||&#8221; header_2_text_color=&#8221;#1f56a2&#8243;]<\/p>\n<h2>Metaalgaas van roestvrij staal<\/h2>\n<p>Roestvrijstaal gaas wordt gebruikt in de papierindustrie, voedingsmiddelenindustrie, de filtratie-industrie en in de chemische en petrochemische industrie. Het wordt ook veel gebruikt in architecturale toepassingen. Roestvrij staal wordt gebruikt in verschillende legeringen en in een reeks toepassingen omdat het bestand is tegen corrosie. Laag gelegeerd staal kan corrosie weerstaan onder normale atmosferische omstandigheden en hoog gelegeerde staalsoorten kunnen zware omstandigheden weerstaan, zoals hoge\/lage temperaturen, hoge druk, zuren en alkalische oplossingen.<\/p>\n<ul>\n<li>gaas met een schering en inslag van monofilament draad<\/li>\n<li>gaas met een schering en inslag van een halfronde monofilament draad<\/li>\n<li>gaas met een schering van een kabel en een inslagdraad van monofilamentdraad<\/li>\n<li>gaas met een schering van een kabel en een inslagdraad van monofilamentdraad van verenstaal<\/li>\n<li>gaas met een schering en inslagdraad van kabels<\/li>\n<\/ul>\n<p>[\/et_pb_text][\/et_pb_column][\/et_pb_row][\/et_pb_section][et_pb_section fb_built=&#8221;1&#8243; admin_label=&#8221;Best Beans&#8221; module_id=&#8221;architectural&#8221; _builder_version=&#8221;3.17.1&#8243; background_color_gradient_direction=&#8221;90deg&#8221; custom_padding=&#8221;0px|0px|0px|0px&#8221;][et_pb_row make_fullwidth=&#8221;on&#8221; use_custom_gutter=&#8221;on&#8221; gutter_width=&#8221;1&#8243; custom_padding=&#8221;0px|0px|0px|0px&#8221; custom_margin=&#8221;|||&#8221; make_equal=&#8221;on&#8221; bg_img_2=&#8221;https:\/\/drenthholland.com\/wp-content\/uploads\/2018\/12\/GW2191.jpg&#8221; use_background_color_gradient_2=&#8221;off&#8221; background_color_gradient_start_2=&#8221;rgba(57,114,185,0.57)&#8221; background_color_gradient_end_2=&#8221;rgba(57,114,185,0.12)&#8221; background_color_gradient_direction_2=&#8221;13deg&#8221; background_color_gradient_overlays_image_2=&#8221;on&#8221; padding_top_1=&#8221;100px&#8221; padding_top_2=&#8221;100px&#8221; padding_right_1=&#8221;10%&#8221; padding_bottom_1=&#8221;100px&#8221; padding_bottom_2=&#8221;100px&#8221; padding_left_1=&#8221;10%&#8221; module_class_1=&#8221;second-on-mobile&#8221; module_class_2=&#8221;fist-on-mobile&#8221; admin_label=&#8221;Best Beans Row&#8221; module_class=&#8221;custom_row&#8221; _builder_version=&#8221;3.19.3&#8243; custom_css_main_element=&#8221;min-height: 500px&#8221;][et_pb_column type=&#8221;1_2&#8243; _builder_version=&#8221;3.0.47&#8243; padding_bottom=&#8221;100px&#8221; padding_left=&#8221;10%&#8221; padding_right=&#8221;10%&#8221; padding_top=&#8221;100px&#8221; parallax=&#8221;off&#8221; parallax_method=&#8221;on&#8221; module_class=&#8221;second-on-mobile&#8221;][et_pb_text _builder_version=&#8221;3.19.3&#8243; custom_margin_phone=&#8221;-68px||-8%&#8221; custom_margin_last_edited=&#8221;on|desktop&#8221; header_font=&#8221;||||||||&#8221; header_text_color=&#8221;#1f56a2&#8243; header_2_font=&#8221;||||||||&#8221; header_2_text_color=&#8221;#1f56a2&#8243;]<\/p>\n<h2>Metaalgaas van fosforbrons <\/h2>\n<p>Fosforbrons is een legering van koper, tin en fosfor die bekend staat om zijn taaiheid, sterkte en fijne korrel. Omdat het flexibeler is dan roestvrij staaldraad, wordt gaas met fosforbrons gebruikt bij de productie van veiligheidspapier. Het wordt gebruikt om watermerken te drukken om veiligheidspapier te kenmerken dat wordt gebruikt voor paspoorten, bankbiljetten en zegels, en afdrukken in andere waardevolle documenten.<\/p>\n<p>Fosforbrons gaas wordt ook gebruikt in windtunneltoepassingen voor het testen van luchtbeweging over vaste objecten, zoals gebouwen. Drenth Holland levert voor deze toepassingen (draad)gaas dat sterk en flexibel moet zijn om afwisselende krachten te weerstaan.\n<\/p>\n<ul>\n<li>gaas met een schering en inslag van monofilament draad<\/li>\n<li>gaas met een schering en inslag van een halfronde monofilament draad<\/li>\n<li>gaas met een kettingdraad van een kabel en een inslagdraad van monofilamentdraad<\/li>\n<li>gaas met een schering en inslagdraad van kabels<\/li>\n<\/ul>\n<p>[\/et_pb_text][\/et_pb_column][et_pb_column type=&#8221;1_2&#8243; _builder_version=&#8221;3.0.47&#8243; padding_bottom=&#8221;100px&#8221; padding_top=&#8221;100px&#8221; bg_img=&#8221;https:\/\/drenthholland.com\/wp-content\/uploads\/2018\/12\/GW2191.jpg&#8221; parallax=&#8221;off&#8221; parallax_method=&#8221;on&#8221; use_background_color_gradient=&#8221;off&#8221; background_color_gradient_start=&#8221;rgba(57,114,185,0.57)&#8221; background_color_gradient_end=&#8221;rgba(57,114,185,0.12)&#8221; background_color_gradient_direction=&#8221;13deg&#8221; background_color_gradient_overlays_image=&#8221;on&#8221; module_class=&#8221;fist-on-mobile&#8221;][\/et_pb_column][\/et_pb_row][\/et_pb_section][et_pb_section fb_built=&#8221;1&#8243; module_id=&#8221;wiremesh&#8221; _builder_version=&#8221;3.17.1&#8243; background_color=&#8221;#eceef4&#8243;][et_pb_row custom_padding=&#8221;13px|0px|0|0px|false|false&#8221; _builder_version=&#8221;3.17.1&#8243;][et_pb_column type=&#8221;4_4&#8243; _builder_version=&#8221;3.17.1&#8243; parallax=&#8221;off&#8221; parallax_method=&#8221;on&#8221;][et_pb_text _builder_version=&#8221;3.19.3&#8243; header_font=&#8221;||||||||&#8221; header_text_color=&#8221;#1f56a2&#8243; header_2_font=&#8221;||||||||&#8221; header_2_text_color=&#8221;#1f56a2&#8243;]<\/p>\n<h1 style=\"text-align: center;\">Synthetisch gaas<\/h1>\n<p>[\/et_pb_text][\/et_pb_column][\/et_pb_row][\/et_pb_section][et_pb_section fb_built=&#8221;1&#8243; admin_label=&#8221;Best Beans&#8221; module_id=&#8221;polypropylene&#8221; _builder_version=&#8221;3.17.1&#8243; background_color_gradient_direction=&#8221;90deg&#8221; custom_padding=&#8221;0px|0px|0px|0px&#8221;][et_pb_row make_fullwidth=&#8221;on&#8221; use_custom_gutter=&#8221;on&#8221; gutter_width=&#8221;1&#8243; custom_padding=&#8221;0px|0px|0px|0px&#8221; custom_margin=&#8221;|||&#8221; make_equal=&#8221;on&#8221; bg_img_1=&#8221;https:\/\/drenthholland.com\/wp-content\/uploads\/2018\/12\/DFGW2196kopie2.jpg&#8221; background_size_1=&#8221;initial&#8221; background_position_1=&#8221;center&#8221; background_repeat_1=&#8221;repeat&#8221; background_blend_1=&#8221;normal&#8221; padding_top_1=&#8221;100px&#8221; padding_right_1=&#8221;10%&#8221; padding_bottom_1=&#8221;100px&#8221; padding_left_1=&#8221;10%&#8221; admin_label=&#8221;Best Beans Row&#8221; _builder_version=&#8221;3.19.3&#8243; custom_css_main_element=&#8221;min-height: 700px&#8221;][et_pb_column type=&#8221;1_2&#8243; _builder_version=&#8221;3.0.47&#8243; padding_bottom=&#8221;100px&#8221; padding_left=&#8221;10%&#8221; padding_right=&#8221;10%&#8221; padding_top=&#8221;100px&#8221; bg_img=&#8221;https:\/\/drenthholland.com\/wp-content\/uploads\/2018\/12\/DFGW2196kopie2.jpg&#8221; parallax=&#8221;off&#8221; parallax_method=&#8221;on&#8221; background_size=&#8221;initial&#8221; background_position=&#8221;center&#8221; background_repeat=&#8221;repeat&#8221; background_blend=&#8221;normal&#8221;][\/et_pb_column][et_pb_column type=&#8221;1_2&#8243; _builder_version=&#8221;3.0.47&#8243; parallax=&#8221;off&#8221; parallax_method=&#8221;on&#8221;][et_pb_text _builder_version=&#8221;3.19.3&#8243; custom_margin=&#8221;8%|20%||10%&#8221; custom_margin_phone=&#8221;|10%|8%|&#8221; custom_margin_last_edited=&#8221;on|phone&#8221; locked=&#8221;off&#8221; header_font=&#8221;||||||||&#8221; header_text_color=&#8221;#1f56a2&#8243; header_2_font=&#8221;||||||||&#8221; header_2_text_color=&#8221;#1f56a2&#8243;]<\/p>\n<h2>Polyester gaas<\/h2>\n<p>Monofilament polyester gaas bestaat uit \u00e9\u00e9n type vezel en wordt in de voedingsmiddelen- en andere industrie\u00ebn gebruikt voor verschillende doeleinden en toepassingen. Drenth Holland produceert standaard en klantgespecificeerd monofilament polyester gaas voor gebruik in verschillende industrie\u00ebn.<\/p>\n<p>De meeste synthetische materialen worden vervaardigd met polyesterdraad. Dit is vanwege de sterkte en het feit dat polyesterdraad bestand is tegen temperaturen en zuren. Wanneer een deel van de polyesterdraden wordt vervangen door antistatische draden levert dit extra voordelen op voor het gaas, omdat hierdoor antistatische eigenschappen worden gecre\u00eberd. <\/p>\n<p>Polyester gaas wordt gebruikt in de voedingsmiddelenindustrie, bijvoorbeeld in de productie van poederkoffie, melk, babymelk, kaas en tomaatpoeder maar ook diervoeding. Polyester gaas wordt ook gebruikt bij de productie van houtproducten, zoals MDF en OSB.<\/p>\n<p>De rand- en zijafwerking van het polyester gaas worden klantspecifiek gemaakt volgens de toepassingseisen. Er kan gebruik worden gemaakt van roestvrijstalen bevestigingsmiddelen of het gaas kan worden geleverd met een enkele oognaad, een dubbeleoognaad of een eindeloze naad. De randen worden beschermd tegen beschadiging, veelal met hoogfrequente randafwerking. Er worden ook andere soorten randafwerking gebruikt, zoals pvc of versterkte pvc.<\/p>\n<ul>\n<li>gaas met een schering en inslagdraad van monofilament polyester draden<\/li>\n<li>gaas met een schering monofilament polyester draad en antistatische nylon draden, en een inslag van monofilament polyester draden<\/li>\n<\/ul>\n<p>[\/et_pb_text][\/et_pb_column][\/et_pb_row][et_pb_row make_fullwidth=&#8221;on&#8221; use_custom_gutter=&#8221;on&#8221; gutter_width=&#8221;1&#8243; custom_padding=&#8221;0|0px|0px|0px|false|false&#8221; custom_margin=&#8221;|||&#8221; make_equal=&#8221;on&#8221; bg_img_2=&#8221;https:\/\/drenthholland.com\/wp-content\/uploads\/2019\/01\/DFGW2115-2kopie.jpg&#8221; padding_top_1=&#8221;100px&#8221; padding_top_2=&#8221;100px&#8221; padding_right_1=&#8221;10%&#8221; padding_bottom_1=&#8221;100px&#8221; padding_bottom_2=&#8221;100px&#8221; padding_left_1=&#8221;10%&#8221; module_class_1=&#8221;second-on-mobile&#8221; module_class_2=&#8221;first-on-mobile&#8221; admin_label=&#8221;Best Beans Row&#8221; module_class=&#8221;custom_row&#8221; _builder_version=&#8221;3.19.3&#8243; custom_css_main_element=&#8221;min-height: 500px&#8221;][et_pb_column type=&#8221;1_2&#8243; _builder_version=&#8221;3.0.47&#8243; padding_bottom=&#8221;100px&#8221; padding_left=&#8221;10%&#8221; padding_right=&#8221;10%&#8221; padding_top=&#8221;100px&#8221; parallax=&#8221;off&#8221; parallax_method=&#8221;on&#8221; module_class=&#8221;second-on-mobile&#8221;][et_pb_text _builder_version=&#8221;3.19.3&#8243; custom_margin_phone=&#8221;-54px||-8%&#8221; custom_margin_last_edited=&#8221;on|phone&#8221; header_font=&#8221;||||||||&#8221; header_text_color=&#8221;#1f56a2&#8243; header_2_font=&#8221;||||||||&#8221; header_2_text_color=&#8221;#1f56a2&#8243;]<\/p>\n<h2>Polypropyleen gaas <\/h2>\n<p>Polypropeen gaas wordt gebruikt in de kaasindustrie omdat het bestand is tegen  loog. Dit dubbellaagse gaas en de band worden gebruikt om vloeistoffen uit de kaas te laten lopen bij de productie van zachtere kazen, zoals mozzarella en cheddar.<\/p>\n<ul>\n<li>gaas met schering en inslagdraad van polypropyleen draden<\/li>\n<\/ul>\n<p>[\/et_pb_text][\/et_pb_column][et_pb_column type=&#8221;1_2&#8243; _builder_version=&#8221;3.0.47&#8243; padding_bottom=&#8221;100px&#8221; padding_top=&#8221;100px&#8221; bg_img=&#8221;https:\/\/drenthholland.com\/wp-content\/uploads\/2019\/01\/DFGW2115-2kopie.jpg&#8221; parallax=&#8221;off&#8221; parallax_method=&#8221;on&#8221; module_class=&#8221;first-on-mobile&#8221;][\/et_pb_column][\/et_pb_row][\/et_pb_section][et_pb_section fb_built=&#8221;1&#8243; admin_label=&#8221;Best Beans&#8221; module_id=&#8221;value&#8221; _builder_version=&#8221;3.19.3&#8243; background_color_gradient_direction=&#8221;90deg&#8221; custom_padding=&#8221;0px|0px|0px|0px&#8221; top_divider_color=&#8221;#1f56a2&#8243; bottom_divider_style=&#8221;ramp&#8221; bottom_divider_color=&#8221;#1f56a2&#8243; bottom_divider_flip=&#8221;vertical&#8221; bottom_divider_arrangement=&#8221;above_content&#8221;][et_pb_row make_fullwidth=&#8221;on&#8221; use_custom_gutter=&#8221;on&#8221; gutter_width=&#8221;1&#8243; custom_padding=&#8221;0px|0px|0px|0px&#8221; custom_padding_tablet=&#8221;||50px|&#8221; custom_padding_phone=&#8221;||70px|&#8221; custom_margin=&#8221;|||&#8221; make_equal=&#8221;on&#8221; custom_padding_last_edited=&#8221;on|desktop&#8221; bg_img_1=&#8221;https:\/\/drenthholland.com\/wp-content\/uploads\/2018\/12\/DFGW2164-2-1.jpg&#8221; padding_top_1=&#8221;100px&#8221; padding_right_1=&#8221;10%&#8221; padding_bottom_1=&#8221;100px&#8221; padding_left_1=&#8221;10%&#8221; admin_label=&#8221;Best Beans Row&#8221; module_id=&#8221;value&#8221; _builder_version=&#8221;3.19.3&#8243; custom_css_main_element=&#8221;min-height:700px&#8221;][et_pb_column type=&#8221;1_2&#8243; _builder_version=&#8221;3.0.47&#8243; padding_bottom=&#8221;100px&#8221; padding_left=&#8221;10%&#8221; padding_right=&#8221;10%&#8221; padding_top=&#8221;100px&#8221; bg_img=&#8221;https:\/\/drenthholland.com\/wp-content\/uploads\/2018\/12\/DFGW2164-2-1.jpg&#8221; parallax=&#8221;off&#8221; parallax_method=&#8221;on&#8221;][\/et_pb_column][et_pb_column type=&#8221;1_2&#8243; _builder_version=&#8221;3.0.47&#8243; parallax=&#8221;off&#8221; parallax_method=&#8221;on&#8221;][et_pb_text _builder_version=&#8221;3.19.3&#8243; text_font=&#8221;||||||||&#8221; custom_margin=&#8221;8%|20%||10%&#8221; custom_margin_phone=&#8221;8%|10%|5%|10%&#8221; custom_margin_last_edited=&#8221;on|phone&#8221; locked=&#8221;off&#8221; header_font=&#8221;||||||||&#8221; header_text_color=&#8221;#1f56a2&#8243; header_2_font=&#8221;||||||||&#8221; header_2_text_color=&#8221;#1f56a2&#8243;]<\/p>\n<h2>Polyester spiraalvormig gaas <\/h2>\n<p>In tegenstelling tot geweven gaas bestaat polyester spiraalvormig gaas uit spiraalvormig gedraaide draden, met pinnen die de spiralen samenhouden als een ketting. Polyester spiraalgaas wordt gebruikt in  filterbandpersen. Dit type gaas wordt ook gebruikt in de voedingsmiddelenindustrie voor het drogen van vettige melk en weipoeders, en voor het scheiden van voedselvaste stoffen en vloeistoffen. Een andere toepassing is in wasserijen. Hier wordt het spiraalvormige weefsel gebruikt om het water uit de kleding af te voeren. Het polyester spiraalvormige gaas kan worden geleverd met of zonder vuldraden die de lucht- en vloeistofdoorlatendheid regelen en aanpassen.<\/p>\n<ul>\n<li>gaas van monofilament polyester draden. De spiraal draden, verbindende draden en vuldraden zijn van hetzelfde type polyester monofilament draden.<\/li>\n<\/ul>\n<ul><\/ul>\n<p>[\/et_pb_text][\/et_pb_column][\/et_pb_row][\/et_pb_section]<\/p>\n","protected":false},"excerpt":{"rendered":"<p>Product overzichtProduct overzicht METAALGAAS ROESTVRIJ STAAL FOSFORBRONS SYNTHETISCH GAAS POLYESTER\u00a0 POLYPROPHYLEEN\u00a0 POLYESTER SPIRAALVORMIG\u00a0 Product overzicht METAALGAAS ROESTVRIJ STAAL FOSFORBRONS SYNTHETISCH GAAS POLYESTER\u00a0 POLYPROPHYLEEN\u00a0 POLYESTER SPIRAALVORMIG\u00a0 MetaalgaasMetaalgaas van roestvrij staal Roestvrijstaal gaas wordt gebruikt in de papierindustrie, voedingsmiddelenindustrie, de filtratie-industrie en in de chemische en petrochemische industrie. Het wordt ook veel gebruikt in architecturale toepassingen. Roestvrij [&hellip;]<\/p>\n","protected":false},"author":6,"featured_media":0,"parent":0,"menu_order":0,"comment_status":"closed","ping_status":"closed","template":"","meta":{"_et_pb_use_builder":"on","_et_pb_old_content":"","_et_gb_content_width":"","inline_featured_image":false,"footnotes":""},"class_list":["post-1538","page","type-page","status-publish","hentry"],"_links":{"self":[{"href":"https:\/\/drenthholland.com\/nl\/wp-json\/wp\/v2\/pages\/1538","targetHints":{"allow":["GET"]}}],"collection":[{"href":"https:\/\/drenthholland.com\/nl\/wp-json\/wp\/v2\/pages"}],"about":[{"href":"https:\/\/drenthholland.com\/nl\/wp-json\/wp\/v2\/types\/page"}],"author":[{"embeddable":true,"href":"https:\/\/drenthholland.com\/nl\/wp-json\/wp\/v2\/users\/6"}],"replies":[{"embeddable":true,"href":"https:\/\/drenthholland.com\/nl\/wp-json\/wp\/v2\/comments?post=1538"}],"version-history":[{"count":0,"href":"https:\/\/drenthholland.com\/nl\/wp-json\/wp\/v2\/pages\/1538\/revisions"}],"wp:attachment":[{"href":"https:\/\/drenthholland.com\/nl\/wp-json\/wp\/v2\/media?parent=1538"}],"curies":[{"name":"wp","href":"https:\/\/api.w.org\/{rel}","templated":true}]}}